{"id":1024,"date":"2022-12-08T09:47:47","date_gmt":"2022-12-08T09:47:47","guid":{"rendered":"https:\/\/keyman.bizprew.se\/?page_id=1024"},"modified":"2023-08-30T15:03:32","modified_gmt":"2023-08-30T13:03:32","slug":"gdpr","status":"publish","type":"page","link":"https:\/\/www.keyman.se\/sv\/gdpr\/","title":{"rendered":"GDPR &#8211; Integritetspolicy"},"content":{"rendered":"\t\t<div data-elementor-type=\"wp-page\" data-elementor-id=\"1024\" class=\"elementor elementor-1024\" data-elementor-post-type=\"page\">\n\t\t\t\t\t\t<section class=\"elementor-section elementor-top-section elementor-element elementor-element-7bf92e45 elementor-section-boxed elementor-section-height-default elementor-section-height-default\" data-id=\"7bf92e45\" data-element_type=\"section\" data-e-type=\"section\" data-settings=\"{&quot;background_background&quot;:&quot;classic&quot;}\">\n\t\t\t\t\t\t<div class=\"elementor-container elementor-column-gap-default\">\n\t\t\t\t\t<div class=\"elementor-column elementor-col-100 elementor-top-column elementor-element elementor-element-5c28037b\" data-id=\"5c28037b\" data-element_type=\"column\" data-e-type=\"column\">\n\t\t\t<div class=\"elementor-widget-wrap elementor-element-populated\">\n\t\t\t\t\t\t<div class=\"elementor-element elementor-element-29ab795 elementor-widget elementor-widget-heading\" data-id=\"29ab795\" data-element_type=\"widget\" data-e-type=\"widget\" data-widget_type=\"heading.default\">\n\t\t\t\t\t<h1 class=\"elementor-heading-title elementor-size-default\">GDPR - Integritetspolicy<\/h1>\t\t\t\t<\/div>\n\t\t\t\t<div class=\"elementor-element elementor-element-3b9e6a1 elementor-widget elementor-widget-text-editor\" data-id=\"3b9e6a1\" data-element_type=\"widget\" data-e-type=\"widget\" data-widget_type=\"text-editor.default\">\n\t\t\t\t\t\t\t\t\t<h2><span style=\"font-family: var( --e-global-typography-text-font-family ), Sans-serif; font-size: var( --e-global-typography-text-font-size ); letter-spacing: var( --e-global-typography-text-letter-spacing ); background-color: var( --e-global-color-d8a93f6 ); color: var( --e-global-color-1168d5e );\">Senast uppdaterad: 30 augusti 2023<\/span><\/h2>\n<p>Vi p\u00e5 KeyMan arbetar f\u00f6r att du som konsult\/kund ska k\u00e4nna dig trygg i att dela dina personuppgifter med oss, och vi prioriterar d\u00e4rf\u00f6r att alltid v\u00e4rna om din integritet. F\u00f6r att g\u00f6ra detta s\u00e5 str\u00e4var vi alltid efter att skydda dina personuppgifter p\u00e5 b\u00e4sta s\u00e4tt, samt att alltid arbeta i enlighet med g\u00e4llande lag och reglering inom dataskydd. N\u00e4r du som konsult\/kund blir en del av KeyMans n\u00e4tverk genom att skapa ett konto hos oss eller s\u00f6ka ett uppdrag, s\u00e5 vill vi att du alltid ska veta hur, n\u00e4r och varf\u00f6r vi behandlar dina uppgifter. Vi vill ocks\u00e5 att du alltid ska vara medveten om de r\u00e4ttigheter du har som medlem i v\u00e5rt n\u00e4tverk. KeyMan behandlar som regel inte dina personuppgifter om du inte gett oss ditt uttryckliga samtycke att g\u00f6ra just detta.<\/p>\n<p><br><\/p>\n<p><\/p>\n<p><b>I v\u00e5r Integritetspolicy f\u00e5r du m\u00f6jlighet att l\u00e4sa mer om:<\/b><\/p>\n<p>\u00b7 Vilka personuppgifter vi behandlar<\/p>\n<p>\u00b7 F\u00f6r vilka \u00e4ndam\u00e5l vi behandlar dina personuppgifter<\/p>\n<p>\u00b7 Vem som kan f\u00e5 tillg\u00e5ng till dina personuppgifter<\/p>\n<p>\u00b7 Hur l\u00e4nge vi sparar dina personuppgifter<\/p>\n<p>\u00b7 Dina r\u00e4ttigheter som registrerad<\/p>\n<p><br><\/p>\n<p><\/p>\n<p><b>Vilka \u00e4r personuppgiftsansvariga hos oss?<\/b><\/p>\n<p>KeyMan AB \u00e4r personuppgiftsansvarig f\u00f6r behandlingen av dina personuppgifter. KeyMan AB \u00e4r registrerat hos Bolagsverket med organisationsnummer 556527-0153 med adress: S\u00f6der M\u00e4larstrand, kajplats 16, 118 25 Stockholm.<\/p>\n<p>Om du som konsult\/kund har fr\u00e5gor eller synpunkter som g\u00e4ller v\u00e5r Integritetspolicy, vill veta hur dina personuppgifter hanteras av KeyMan, eller vill ut\u00f6va dina r\u00e4ttigheter som registrerad \u00e4r du v\u00e4lkommen att v\u00e4nda dig till KeyMan. Vi har utsett ett dataskyddsombud (Data Protection Officer), f\u00f6r att du ska f\u00e5 svar p\u00e5 s\u00e5dana fr\u00e5gor.&nbsp;<span style=\"font-family: var( --e-global-typography-text-font-family ), Sans-serif; font-size: var( --e-global-typography-text-font-size ); font-weight: var( --e-global-typography-text-font-weight ); letter-spacing: var( --e-global-typography-text-letter-spacing ); background-color: var( --e-global-color-d8a93f6 ); color: var( --e-global-color-1168d5e );\">Du n\u00e5r v\u00e5rt dataskyddsombud p\u00e5 e-postadressen: info@keyman.se.<\/span><\/p>\n<p><span style=\"font-family: var( --e-global-typography-text-font-family ), Sans-serif; font-size: var( --e-global-typography-text-font-size ); font-weight: var( --e-global-typography-text-font-weight ); letter-spacing: var( --e-global-typography-text-letter-spacing ); background-color: var( --e-global-color-d8a93f6 ); color: var( --e-global-color-1168d5e );\"><br><\/span><\/p>\n<p><\/p>\n<p><b>Vilka personuppgifter behandlar vi p\u00e5 KeyMan:<\/b><\/p>\n<p>Vad \u00e4r personuppgifter? Personuppgifter \u00e4r s\u00e5dana uppgifter som kan anv\u00e4ndas f\u00f6r att identifiera dig som person, direkt eller indirekt.<\/p>\n<p>Personuppgifter som du l\u00e4mnar till oss: N\u00e4r du g\u00e5r med i KeyMans n\u00e4tverk s\u00e5 kommer du att l\u00e4mna viss information om dig sj\u00e4lv till oss. Detta r\u00e4knas allts\u00e5 som personuppgifter som du har l\u00e4mnat till oss.&nbsp;<\/p>\n<p><br><\/p>\n<p><b>Denna information \u00e4r exempelvis<\/b><\/p>\n<p><\/p>\n<p>uppgifter om namn, e-post, telefonnummer, f\u00f6delsedatum, nuvarande arbete och\/eller titel. Detta inkluderar sj\u00e4lvfallet de ans\u00f6kningshandlingar som du v\u00e4ljer att skicka in till oss, till exempel offerter, ditt CV, personliga brev eller intyg. Vi behandlar endast dina personuppgifter i det syfte som har angetts i det samtycke du l\u00e4mnar i samband med registrering. I vissa fall kan det vara s\u00e5 att du som konsult\/kund l\u00e4mnar s\u00e5 kallade k\u00e4nsliga personuppgifter till oss, exempelvis personnummer, etnisk bakgrund, sexuell l\u00e4ggning, politisk \u00e5sk\u00e5dning, religi\u00f6s \u00f6vertygelse eller facktillh\u00f6righet. Som princip rekommenderar vi att du inte l\u00e4mnar denna typ av speciellt integritetskritiska personuppgifter. Men om du \u00e4nd\u00e5 skulle v\u00e4lja att g\u00f6ra detta, s\u00e5 kommer vi endast att behandla dessa i enlighet med ditt uttryckliga samtycke. Denna typ av uppgifter behandlas sj\u00e4lvfallet med s\u00e4rskild vaksamhet, f\u00f6r att s\u00e5 l\u00e5ngt som m\u00f6jligt v\u00e4rna om din integritet.<\/p>\n<p><br><\/p>\n<p><b>Personuppgifter som vi samlar in:<\/b><\/p>\n<p>Ibland behandlar KeyMan ocks\u00e5 personuppgifter som vi har samlat in fr\u00e5n dig eller tredje part, exempelvis om du vid registrering har valt att h\u00e4mta dina personuppgifter fr\u00e5n din Linkedinprofil. Om du v\u00e4ljer att g\u00f6ra detta f\u00e5r KeyMan tillg\u00e5ng till de personuppgifter som du sj\u00e4lv valt att uppge p\u00e5 din Linkedinprofil.&nbsp;<span style=\"font-family: var( --e-global-typography-text-font-family ), Sans-serif; font-size: var( --e-global-typography-text-font-size ); font-weight: var( --e-global-typography-text-font-weight ); letter-spacing: var( --e-global-typography-text-letter-spacing ); background-color: var( --e-global-color-d8a93f6 ); color: var( --e-global-color-1168d5e );\">KeyMan f\u00e5r inte n\u00e5gon djupare tillg\u00e5ng till din Linkedinprofil. I det fall du g\u00e5r vidare i en urvalsprocess kan KeyMan komma att behandla uppgifter om dig som dina referenspersoner l\u00e4mnar till oss. Det \u00e4r \u00e4ven m\u00f6jligt att KeyMan kan komma att behandla resultat fr\u00e5n personlighets-, beg\u00e5vnings- och kompetenstester som du genomf\u00f6rt i samband med en urvalsprocess.<\/span><\/p>\n<p><span style=\"font-family: var( --e-global-typography-text-font-family ), Sans-serif; font-size: var( --e-global-typography-text-font-size ); font-weight: var( --e-global-typography-text-font-weight ); letter-spacing: var( --e-global-typography-text-letter-spacing ); background-color: var( --e-global-color-d8a93f6 ); color: var( --e-global-color-1168d5e );\"><br><\/span><\/p>\n<p><\/p>\n<p><b>F\u00f6r vilka \u00e4ndam\u00e5l behandlar vi dina personuppgifter?<\/b><\/p>\n<p>Din kompetensprofil: Vi behandlar dina personuppgifter f\u00f6r att kunna hantera din kompetensprofil som konsult\/kund, och d\u00e4rmed kunna matcha dig mot lediga uppdrag. Den lagliga grunden f\u00f6r v\u00e5r behandling av dina personuppgifter \u00e4r ditt samtycke, n\u00e5got du l\u00e4mnar d\u00e5 du blir en del av v\u00e5rt n\u00e4tverk. Skulle du v\u00e4lja att inte l\u00e4mna ditt samtycke till denna behandling har vi tyv\u00e4rr ingen m\u00f6jlighet att spara dina uppgifter eller matcha din profil mot lediga uppdrag.<\/p>\n<p><br><\/p>\n<p><b>Referenser och testresultat:&nbsp;<\/b><\/p>\n<p>Har vi samlat in uppgifter om dig i samband med referenstagning, allts\u00e5 fr\u00e5n tredje person, s\u00e5 behandlas dessa uppgifter med den lagliga grunden ber\u00e4ttigat intresse. KeyMan f\u00f6ljer dessutom en referensrutin som inneb\u00e4r att vi inte sparar s\u00e5dana uppgifter l\u00e4ngre \u00e4n n\u00f6dv\u00e4ndigt.&nbsp;<span style=\"font-family: var( --e-global-typography-text-font-family ), Sans-serif; font-size: var( --e-global-typography-text-font-size ); font-weight: var( --e-global-typography-text-font-weight ); letter-spacing: var( --e-global-typography-text-letter-spacing ); background-color: var( --e-global-color-d8a93f6 ); color: var( --e-global-color-1168d5e );\">Om du genomf\u00f6r ett personlighets-, beg\u00e5vnings- eller kompetenstest i samband med en urvalsprocess hos KeyMan kommer vi att behandla resultaten av dessa. Denna behandling, och eventuell komplettering av din kompetensprofil, sker utifr\u00e5n ditt uttryckliga samtycke som laglig grund.&nbsp;<\/span><span style=\"font-family: var( --e-global-typography-text-font-family ), Sans-serif; font-size: var( --e-global-typography-text-font-size ); font-weight: var( --e-global-typography-text-font-weight ); letter-spacing: var( --e-global-typography-text-letter-spacing ); background-color: var( --e-global-color-d8a93f6 ); color: var( --e-global-color-1168d5e );\">Vem kan f\u00e5 tillg\u00e5ng till dina personuppgifter? Som grundregel behandlas dina personuppgifter fr\u00e4mst av KeyMan som personuppgiftsansvarig. Vi kan dock komma att beh\u00f6va dela din information i enlighet med nedan.&nbsp;<\/span><span style=\"font-family: var( --e-global-typography-text-font-family ), Sans-serif; font-size: var( --e-global-typography-text-font-size ); font-weight: var( --e-global-typography-text-font-weight ); letter-spacing: var( --e-global-typography-text-letter-spacing ); background-color: var( --e-global-color-d8a93f6 ); color: var( --e-global-color-1168d5e );\">I det fall du ing\u00e5r i en urvalsprocess kan KeyMan komma att dela dina personuppgifter med v\u00e5r kund, allts\u00e5 KeyMans uppdragsgivare.<\/span><\/p>\n<p><span style=\"font-family: var( --e-global-typography-text-font-family ), Sans-serif; font-size: var( --e-global-typography-text-font-size ); font-weight: var( --e-global-typography-text-font-weight ); letter-spacing: var( --e-global-typography-text-letter-spacing ); background-color: var( --e-global-color-d8a93f6 ); color: var( --e-global-color-1168d5e );\"><br><\/span><\/p>\n<p><span style=\"font-family: var( --e-global-typography-text-font-family ), Sans-serif; font-size: var( --e-global-typography-text-font-size ); font-weight: var( --e-global-typography-text-font-weight ); letter-spacing: var( --e-global-typography-text-letter-spacing ); background-color: var( --e-global-color-d8a93f6 ); color: var( --e-global-color-1168d5e );\">Vi kan komma att dela din information med interna och externa IT-leverant\u00f6rer. \u00c4ven andra leverant\u00f6rer som KeyMan v\u00e4ljer att anlita kan komma att ta del av din information, dock endast i den utstr\u00e4ckning det \u00e4r n\u00f6dv\u00e4ndigt f\u00f6r att fullg\u00f6ra sina \u00e5taganden till KeyMan.&nbsp;<\/span><span style=\"font-family: var( --e-global-typography-text-font-family ), Sans-serif; font-size: var( --e-global-typography-text-font-size ); font-weight: var( --e-global-typography-text-font-weight ); letter-spacing: var( --e-global-typography-text-letter-spacing ); background-color: var( --e-global-color-d8a93f6 ); color: var( --e-global-color-1168d5e );\">Dina personuppgifter kan \u00e4ven komma att delas med andra bolag inom Werkey AB, den koncern som KeyMan \u00e4r en del av, f\u00f6r interna administrativa \u00e4ndam\u00e5l, t.ex d\u00e4r vi genom att dela uppgifterna kan tillhandah\u00e5lla en b\u00e4ttre matchning mot lediga uppdrag f\u00f6r dig som konsult\/kund.<\/span><\/p>\n<p><span style=\"font-family: var( --e-global-typography-text-font-family ), Sans-serif; font-size: var( --e-global-typography-text-font-size ); font-weight: var( --e-global-typography-text-font-weight ); letter-spacing: var( --e-global-typography-text-letter-spacing ); background-color: var( --e-global-color-d8a93f6 ); color: var( --e-global-color-1168d5e );\"><br><\/span><\/p>\n<p><b>Hur l\u00e4nge sparar KeyMan dina personuppgifter?&nbsp;<\/b><\/p>\n<p>F\u00f6r att kunna uppfylla v\u00e5ra \u00e5taganden gentemot dig s\u00e5 kommer KeyMan att spara dina personuppgifter i tre \u00e5r efter det att du l\u00e4mnar ditt samtycke, eller till det att du v\u00e4ljer att \u00e5terkalla ditt samtycke. Efter tre \u00e5r kommer KeyMan att be dig l\u00e4mna ett nytt samtycke, och d\u00e4rmed forts\u00e4tta vara en del av v\u00e5rt n\u00e4tverk.<\/p>\n<p>Notera att KeyMan kan komma att beh\u00f6va spara information om dig l\u00e4ngre \u00e4n tre \u00e5r i den m\u00e5n vi \u00e4r skyldiga att g\u00f6ra s\u00e5 enligt lag, f\u00f6rordning eller myndighetsbeslut.<\/p>\n<p><\/p>\n<p>Dina r\u00e4ttigheter som registrerad i KeyMans n\u00e4tverk: Som registrerad s\u00e5 har du vissa r\u00e4ttigheter d\u00e5 det g\u00e4ller behandlingen av dina personuppgifter. Vill du ut\u00f6va dessa r\u00e4ttigheter eller har fr\u00e5gor kring detta, v\u00e4nligen kontakta personuppgiftsansvarig eller v\u00e5rt dataskyddsombud.<\/p>\n<p><br><\/p>\n<p><b>\u00c5terkalla samtycke:&nbsp;<\/b><\/p>\n<p>Du har r\u00e4tt att \u00e5terkalla ditt samtycke du l\u00e4mnat f\u00f6r behandling av personuppgifter. Detta p\u00e5verkar dock inte lagligheten av den behandling som \u00e4gde rum innan ditt samtycke har \u00e5terkallats.<\/p>\n<p><br><\/p>\n<p><b>R\u00e4tt till tillg\u00e5ng:&nbsp;<\/b><\/p>\n<p>Du har r\u00e4tt att b\u00e5de f\u00e5 bekr\u00e4ftelse p\u00e5 om dina personuppgifter behandlas, samt information om hur dina personuppgifter behandlas. Du har ocks\u00e5 r\u00e4tt att f\u00e5 en kopia p\u00e5 de personuppgifter som \u00e4r under behandling.<\/p>\n<p><br><\/p>\n<p><b>R\u00e4tt till r\u00e4ttelse:&nbsp;<\/b><\/p>\n<p>Du har r\u00e4tt att f\u00e5 felaktiga personuppgifter r\u00e4ttade. Du har ocks\u00e5 r\u00e4tt att komplettera ofullst\u00e4ndiga uppgifter genom att tillhandah\u00e5lla information.<\/p>\n<p><br><\/p>\n<p><b>R\u00e4tt till radering:&nbsp;<\/b><\/p>\n<p>Du har under vissa f\u00f6ruts\u00e4ttningar r\u00e4tt till att beg\u00e4ra radering av dina personuppgifter.<\/p>\n<p><br><\/p>\n<p><b>Detta g\u00e4ller n\u00e4r:<\/b><\/p>\n<p>\u00b7 Uppgifterna inte l\u00e4ngre beh\u00f6vs f\u00f6r det \u00e4ndam\u00e5l de behandlats f\u00f6r<\/p>\n<p>\u00b7 Du \u00e5terkallar ditt samtycke, d\u00e4rmed finns det ingen laglig grund f\u00f6r behandling<\/p>\n<p>\u00b7 Du inv\u00e4nder mot behandlingen, och det inte finns tyngre v\u00e4gande sk\u00e4l f\u00f6r fortsatt behandling<\/p>\n<p>\u00b7 Personuppgifterna behandlats utan laglig grund<\/p>\n<p><br><\/p>\n<p>En r\u00e4ttslig f\u00f6rpliktelse kr\u00e4ver radering, och KeyMan omfattas av s\u00e5dan plikt.<\/p>\n<p>KeyMan raderar dina personuppgifter p\u00e5 din beg\u00e4ran, under f\u00f6ruts\u00e4ttning att KeyMan inte \u00e4r skyldiga att spara dina personuppgifter i enlighet med g\u00e4llande lag, f\u00f6rordning och myndighetsbeslut.<\/p>\n<p><br><\/p>\n<p><\/p>\n<p><b>R\u00e4tt till begr\u00e4nsning av behandling:<\/b><\/p>\n<p>Du har under vissa f\u00f6ruts\u00e4ttningar r\u00e4tten att beg\u00e4ra en begr\u00e4nsning av KeyMans behandling av dina personuppgifter. Detta g\u00e4ller bland annat om du bestrider uppgifternas korrekthet och KeyMan d\u00e4rmed m\u00e5ste kontrollera detta.<\/p>\n<p><br><\/p>\n<p><b>R\u00e4tt till dataportabilitet:<\/b>&nbsp;<\/p>\n<p>Du har under vissa f\u00f6ruts\u00e4ttningar r\u00e4tt att f\u00e5 ut de personuppgifter du l\u00e4mnat till oss och som r\u00f6r dig. Detta ska i s\u00e5dana fall l\u00e4mnas ut i ett strukturerat, allm\u00e4nt anv\u00e4nt och maskinl\u00e4sbart format. Du har r\u00e4tt att \u00f6verf\u00f6ra dessa personuppgifter till en annan personuppgiftsansvarig om behandlingen grundar sig p\u00e5 ditt samtycke eller sker automatiserat. Om det \u00e4r tekniskt m\u00f6jligt har du r\u00e4tt att be KeyMan \u00f6verf\u00f6ra personuppgifterna direkt fr\u00e5n oss till annan personuppgiftsansvarig.<\/p>\n<p><br><\/p>\n<p><b>R\u00e4tt att inge klagom\u00e5l:&nbsp;<\/b><\/p>\n<p>Du har r\u00e4tt att l\u00e4mna klagom\u00e5l till en beh\u00f6rig tillsynsmyndighet. I Sverige \u00e4r den beh\u00f6riga tillsynsmyndigheten Integritetsskyddsmyndigheten.<\/p>\n<p><\/p>\n<p>\u00c4ndringar i KeyMans Integritetspolicy: KeyMan f\u00f6rbeh\u00e5ller sig r\u00e4tten att g\u00f6ra \u00e4ndringar i de villkor som anges i v\u00e5r policy ovan. V\u00e4sentliga \u00e4ndringar i villkoren f\u00f6rmedlas digitalt och den senaste versionen l\u00e4ggs ut p\u00e5 www.keyman.se.<\/p>\t\t\t\t\t\t\t\t<\/div>\n\t\t\t\t\t<\/div>\n\t\t<\/div>\n\t\t\t\t\t<\/div>\n\t\t<\/section>\n\t\t\t\t<\/div>\n\t\t","protected":false},"excerpt":{"rendered":"<p>GDPR &#8211; Integritetspolicy Senast uppdaterad: 30 augusti 2023 Vi p\u00e5 KeyMan arbetar f\u00f6r att du som konsult\/kund ska k\u00e4nna dig trygg i att dela dina personuppgifter med oss, och vi prioriterar d\u00e4rf\u00f6r att alltid v\u00e4rna om din integritet. F\u00f6r att g\u00f6ra detta s\u00e5 str\u00e4var vi alltid efter att skydda dina personuppgifter p\u00e5 b\u00e4sta s\u00e4tt, samt [&hellip;]<\/p>\n","protected":false},"author":1,"featured_media":0,"parent":0,"menu_order":0,"comment_status":"closed","ping_status":"closed","template":"","meta":{"_acf_changed":false,"footnotes":""},"class_list":["post-1024","page","type-page","status-publish","hentry"],"acf":[],"yoast_head":"<!-- This site is optimized with the Yoast SEO plugin v27.2 - https:\/\/yoast.com\/product\/yoast-seo-wordpress\/ -->\n<title>GDPR - Keyman<\/title>\n<meta name=\"description\" content=\"L\u00e4s om hur Keyman arbetar med GDPR och skyddar dina personuppgifter.\" \/>\n<meta name=\"robots\" content=\"index, follow, max-snippet:-1, max-image-preview:large, max-video-preview:-1\" \/>\n<link rel=\"canonical\" href=\"https:\/\/www.keyman.se\/sv\/gdpr\/\" \/>\n<meta property=\"og:locale\" content=\"sv_SE\" \/>\n<meta property=\"og:type\" content=\"article\" \/>\n<meta property=\"og:title\" content=\"GDPR - Keyman\" \/>\n<meta property=\"og:description\" content=\"L\u00e4s om hur Keyman arbetar med GDPR och skyddar dina personuppgifter.\" \/>\n<meta property=\"og:url\" content=\"https:\/\/www.keyman.se\/sv\/gdpr\/\" \/>\n<meta property=\"og:site_name\" content=\"KeyMan\" \/>\n<meta property=\"article:modified_time\" content=\"2023-08-30T13:03:32+00:00\" \/>\n<meta name=\"twitter:card\" content=\"summary_large_image\" \/>\n<meta name=\"twitter:label1\" content=\"Ber\u00e4knad l\u00e4stid\" \/>\n\t<meta name=\"twitter:data1\" content=\"7 minuter\" \/>\n<script type=\"application\/ld+json\" class=\"yoast-schema-graph\">{\"@context\":\"https:\/\/schema.org\",\"@graph\":[{\"@type\":\"WebPage\",\"@id\":\"https:\/\/www.keyman.se\/sv\/gdpr\/\",\"url\":\"https:\/\/www.keyman.se\/sv\/gdpr\/\",\"name\":\"GDPR - Keyman\",\"isPartOf\":{\"@id\":\"https:\/\/www.keyman.se\/sv\/#website\"},\"datePublished\":\"2022-12-08T09:47:47+00:00\",\"dateModified\":\"2023-08-30T13:03:32+00:00\",\"description\":\"L\u00e4s om hur Keyman arbetar med GDPR och skyddar dina personuppgifter.\",\"breadcrumb\":{\"@id\":\"https:\/\/www.keyman.se\/sv\/gdpr\/#breadcrumb\"},\"inLanguage\":\"sv-SE\",\"potentialAction\":[{\"@type\":\"ReadAction\",\"target\":[\"https:\/\/www.keyman.se\/sv\/gdpr\/\"]}]},{\"@type\":\"BreadcrumbList\",\"@id\":\"https:\/\/www.keyman.se\/sv\/gdpr\/#breadcrumb\",\"itemListElement\":[{\"@type\":\"ListItem\",\"position\":1,\"name\":\"Home\",\"item\":\"https:\/\/www.keyman.se\/sv\/\"},{\"@type\":\"ListItem\",\"position\":2,\"name\":\"GDPR &#8211; Integritetspolicy\"}]},{\"@type\":\"WebSite\",\"@id\":\"https:\/\/www.keyman.se\/sv\/#website\",\"url\":\"https:\/\/www.keyman.se\/sv\/\",\"name\":\"KeyMan\",\"description\":\"Sannolikt Sveriges b\u00e4sta konsultm\u00e4klare\",\"publisher\":{\"@id\":\"https:\/\/www.keyman.se\/sv\/#organization\"},\"potentialAction\":[{\"@type\":\"SearchAction\",\"target\":{\"@type\":\"EntryPoint\",\"urlTemplate\":\"https:\/\/www.keyman.se\/sv\/?s={search_term_string}\"},\"query-input\":{\"@type\":\"PropertyValueSpecification\",\"valueRequired\":true,\"valueName\":\"search_term_string\"}}],\"inLanguage\":\"sv-SE\"},{\"@type\":\"Organization\",\"@id\":\"https:\/\/www.keyman.se\/sv\/#organization\",\"name\":\"KeyMan\",\"url\":\"https:\/\/www.keyman.se\/sv\/\",\"logo\":{\"@type\":\"ImageObject\",\"inLanguage\":\"sv-SE\",\"@id\":\"https:\/\/www.keyman.se\/sv\/#\/schema\/logo\/image\/\",\"url\":\"https:\/\/www.keyman.se\/sv\/wp-content\/uploads\/2022\/12\/KeyMan-by-Werkey-dark-logo.svg\",\"contentUrl\":\"https:\/\/www.keyman.se\/sv\/wp-content\/uploads\/2022\/12\/KeyMan-by-Werkey-dark-logo.svg\",\"width\":201,\"height\":52,\"caption\":\"KeyMan\"},\"image\":{\"@id\":\"https:\/\/www.keyman.se\/sv\/#\/schema\/logo\/image\/\"}}]}<\/script>\n<!-- \/ Yoast SEO plugin. -->","yoast_head_json":{"title":"GDPR - Keyman","description":"L\u00e4s om hur Keyman arbetar med GDPR och skyddar dina personuppgifter.","robots":{"index":"index","follow":"follow","max-snippet":"max-snippet:-1","max-image-preview":"max-image-preview:large","max-video-preview":"max-video-preview:-1"},"canonical":"https:\/\/www.keyman.se\/sv\/gdpr\/","og_locale":"sv_SE","og_type":"article","og_title":"GDPR - Keyman","og_description":"L\u00e4s om hur Keyman arbetar med GDPR och skyddar dina personuppgifter.","og_url":"https:\/\/www.keyman.se\/sv\/gdpr\/","og_site_name":"KeyMan","article_modified_time":"2023-08-30T13:03:32+00:00","twitter_card":"summary_large_image","twitter_misc":{"Ber\u00e4knad l\u00e4stid":"7 minuter"},"schema":{"@context":"https:\/\/schema.org","@graph":[{"@type":"WebPage","@id":"https:\/\/www.keyman.se\/sv\/gdpr\/","url":"https:\/\/www.keyman.se\/sv\/gdpr\/","name":"GDPR - Keyman","isPartOf":{"@id":"https:\/\/www.keyman.se\/sv\/#website"},"datePublished":"2022-12-08T09:47:47+00:00","dateModified":"2023-08-30T13:03:32+00:00","description":"L\u00e4s om hur Keyman arbetar med GDPR och skyddar dina personuppgifter.","breadcrumb":{"@id":"https:\/\/www.keyman.se\/sv\/gdpr\/#breadcrumb"},"inLanguage":"sv-SE","potentialAction":[{"@type":"ReadAction","target":["https:\/\/www.keyman.se\/sv\/gdpr\/"]}]},{"@type":"BreadcrumbList","@id":"https:\/\/www.keyman.se\/sv\/gdpr\/#breadcrumb","itemListElement":[{"@type":"ListItem","position":1,"name":"Home","item":"https:\/\/www.keyman.se\/sv\/"},{"@type":"ListItem","position":2,"name":"GDPR &#8211; Integritetspolicy"}]},{"@type":"WebSite","@id":"https:\/\/www.keyman.se\/sv\/#website","url":"https:\/\/www.keyman.se\/sv\/","name":"KeyMan","description":"Sannolikt Sveriges b\u00e4sta konsultm\u00e4klare","publisher":{"@id":"https:\/\/www.keyman.se\/sv\/#organization"},"potentialAction":[{"@type":"SearchAction","target":{"@type":"EntryPoint","urlTemplate":"https:\/\/www.keyman.se\/sv\/?s={search_term_string}"},"query-input":{"@type":"PropertyValueSpecification","valueRequired":true,"valueName":"search_term_string"}}],"inLanguage":"sv-SE"},{"@type":"Organization","@id":"https:\/\/www.keyman.se\/sv\/#organization","name":"KeyMan","url":"https:\/\/www.keyman.se\/sv\/","logo":{"@type":"ImageObject","inLanguage":"sv-SE","@id":"https:\/\/www.keyman.se\/sv\/#\/schema\/logo\/image\/","url":"https:\/\/www.keyman.se\/sv\/wp-content\/uploads\/2022\/12\/KeyMan-by-Werkey-dark-logo.svg","contentUrl":"https:\/\/www.keyman.se\/sv\/wp-content\/uploads\/2022\/12\/KeyMan-by-Werkey-dark-logo.svg","width":201,"height":52,"caption":"KeyMan"},"image":{"@id":"https:\/\/www.keyman.se\/sv\/#\/schema\/logo\/image\/"}}]}},"_links":{"self":[{"href":"https:\/\/www.keyman.se\/sv\/wp-json\/wp\/v2\/pages\/1024","targetHints":{"allow":["GET"]}}],"collection":[{"href":"https:\/\/www.keyman.se\/sv\/wp-json\/wp\/v2\/pages"}],"about":[{"href":"https:\/\/www.keyman.se\/sv\/wp-json\/wp\/v2\/types\/page"}],"author":[{"embeddable":true,"href":"https:\/\/www.keyman.se\/sv\/wp-json\/wp\/v2\/users\/1"}],"replies":[{"embeddable":true,"href":"https:\/\/www.keyman.se\/sv\/wp-json\/wp\/v2\/comments?post=1024"}],"version-history":[{"count":0,"href":"https:\/\/www.keyman.se\/sv\/wp-json\/wp\/v2\/pages\/1024\/revisions"}],"wp:attachment":[{"href":"https:\/\/www.keyman.se\/sv\/wp-json\/wp\/v2\/media?parent=1024"}],"curies":[{"name":"wp","href":"https:\/\/api.w.org\/{rel}","templated":true}]}}