{"id":1862,"date":"2022-12-13T11:18:40","date_gmt":"2022-12-13T11:18:40","guid":{"rendered":"https:\/\/keyman.bizprew.se\/?page_id=1862"},"modified":"2026-04-28T19:49:51","modified_gmt":"2026-04-28T17:49:51","slug":"spontanansokan","status":"publish","type":"page","link":"https:\/\/www.keyman.se\/sv\/spontanansokan\/","title":{"rendered":"Spontanans\u00f6kan"},"content":{"rendered":"\t\t<div data-elementor-type=\"wp-page\" data-elementor-id=\"1862\" class=\"elementor elementor-1862\" data-elementor-post-type=\"page\">\n\t\t\t\t\t\t<section class=\"elementor-section elementor-top-section elementor-element elementor-element-16e4bfd elementor-section-height-min-height elementor-section-content-bottom elementor-section-boxed elementor-section-height-default elementor-section-items-middle\" data-id=\"16e4bfd\" data-element_type=\"section\" data-e-type=\"section\" data-settings=\"{&quot;background_background&quot;:&quot;classic&quot;}\">\n\t\t\t\t\t\t<div class=\"elementor-container elementor-column-gap-default\">\n\t\t\t\t\t<div class=\"elementor-column elementor-col-100 elementor-top-column elementor-element elementor-element-c1cad16\" data-id=\"c1cad16\" data-element_type=\"column\" data-e-type=\"column\">\n\t\t\t<div class=\"elementor-widget-wrap elementor-element-populated\">\n\t\t\t\t\t\t<div class=\"elementor-element elementor-element-7bd6114 elementor-widget elementor-widget-heading\" data-id=\"7bd6114\" data-element_type=\"widget\" data-e-type=\"widget\" data-widget_type=\"heading.default\">\n\t\t\t\t\t<h1 class=\"elementor-heading-title elementor-size-default\">Spontanans\u00f6kan \nf\u00f6r kommande uppdrag<\/h1>\t\t\t\t<\/div>\n\t\t\t\t\t<\/div>\n\t\t<\/div>\n\t\t\t\t\t<\/div>\n\t\t<\/section>\n\t\t<div class=\"elementor-element elementor-element-4e3c51c e-flex e-con-boxed e-con e-parent\" data-id=\"4e3c51c\" data-element_type=\"container\" data-e-type=\"container\">\n\t\t\t\t\t<div class=\"e-con-inner\">\n\t\t\t\t<div class=\"elementor-element elementor-element-bc19a27 elementor-widget elementor-widget-video\" data-id=\"bc19a27\" data-element_type=\"widget\" data-e-type=\"widget\" data-settings=\"{&quot;video_type&quot;:&quot;vimeo&quot;}\" data-widget_type=\"video.default\">\n\t\t\t\t\t\t\t<div class=\"elementor-wrapper elementor-open-inline\">\n\t\t\t<iframe class=\"elementor-video-iframe\" allowfullscreen allow=\"clipboard-write\" title=\"vimeo-videospelare\" src=\"https:\/\/player.vimeo.com\/video\/783656558?color&amp;autopause=0&amp;loop=0&amp;muted=0&amp;title=1&amp;portrait=1&amp;byline=1#t=\"><\/iframe>\t\t<\/div>\n\t\t\t\t\t\t<\/div>\n\t\t\t\t\t<\/div>\n\t\t\t\t<\/div>\n\t\t<div class=\"elementor-element elementor-element-193a0bf e-flex e-con-boxed e-con e-parent\" data-id=\"193a0bf\" data-element_type=\"container\" data-e-type=\"container\">\n\t\t\t\t\t<div class=\"e-con-inner\">\n\t\t<div class=\"elementor-element elementor-element-76f27be e-con-full e-flex e-con e-child\" data-id=\"76f27be\" data-element_type=\"container\" data-e-type=\"container\" data-settings=\"{&quot;background_background&quot;:&quot;classic&quot;}\">\n\t\t\t\t<div class=\"elementor-element elementor-element-322db4b elementor-widget elementor-widget-heading\" data-id=\"322db4b\" data-element_type=\"widget\" data-e-type=\"widget\" data-widget_type=\"heading.default\">\n\t\t\t\t\t<h3 class=\"elementor-heading-title elementor-size-default\">Spontanans\u00f6kan<\/h3>\t\t\t\t<\/div>\n\t\t\t\t<div class=\"elementor-element elementor-element-aa3d639 elementor-widget elementor-widget-shortcode\" data-id=\"aa3d639\" data-element_type=\"widget\" data-e-type=\"widget\" data-widget_type=\"shortcode.default\">\n\t\t\t\t\t\t\t<div class=\"elementor-shortcode\"><iframe src=\"https:\/\/pages.upsales.com\/1001520ub75163847fd3408c9adcaa451981674f-frame\" \t\twidth=\"360\" \t\theight=\"1181\" \t\tstyle=\"border:0\"><\/iframe><\/div>\n\t\t\t\t\t\t<\/div>\n\t\t\t\t<\/div>\n\t\t\t\t\t<\/div>\n\t\t\t\t<\/div>\n\t\t\t\t<\/div>\n\t\t","protected":false},"excerpt":{"rendered":"<p>Spontanans\u00f6kan f\u00f6r kommande uppdrag https:\/\/vimeo.com\/783656558 Spontanans\u00f6kan<\/p>\n","protected":false},"author":1,"featured_media":0,"parent":0,"menu_order":0,"comment_status":"closed","ping_status":"closed","template":"","meta":{"_acf_changed":false,"footnotes":""},"class_list":["post-1862","page","type-page","status-publish","hentry"],"acf":[],"yoast_head":"<!-- This site is optimized with the Yoast SEO plugin v27.5 - https:\/\/yoast.com\/product\/yoast-seo-wordpress\/ -->\n<title>Spontanans\u00f6kan - KeyMan<\/title>\n<meta name=\"description\" content=\"Skicka in din spontanans\u00f6kan till KeyMan och bli en del av v\u00e5rt n\u00e4tverk av talangfulla konsulter.\" \/>\n<meta name=\"robots\" content=\"index, follow, max-snippet:-1, max-image-preview:large, max-video-preview:-1\" \/>\n<link rel=\"canonical\" href=\"https:\/\/www.keyman.se\/sv\/spontanansokan\/\" \/>\n<meta property=\"og:locale\" content=\"sv_SE\" \/>\n<meta property=\"og:type\" content=\"article\" \/>\n<meta property=\"og:title\" content=\"Spontanans\u00f6kan - KeyMan\" \/>\n<meta property=\"og:description\" content=\"Skicka in din spontanans\u00f6kan till KeyMan och bli en del av v\u00e5rt n\u00e4tverk av talangfulla konsulter.\" \/>\n<meta property=\"og:url\" content=\"https:\/\/www.keyman.se\/sv\/spontanansokan\/\" \/>\n<meta property=\"og:site_name\" content=\"KeyMan\" \/>\n<meta property=\"article:modified_time\" content=\"2026-04-28T17:49:51+00:00\" \/>\n<meta name=\"twitter:card\" content=\"summary_large_image\" \/>\n<meta name=\"twitter:label1\" content=\"Ber\u00e4knad l\u00e4stid\" \/>\n\t<meta name=\"twitter:data1\" content=\"1 minut\" \/>\n<script type=\"application\/ld+json\" class=\"yoast-schema-graph\">{\"@context\":\"https:\\\/\\\/schema.org\",\"@graph\":[{\"@type\":\"WebPage\",\"@id\":\"https:\\\/\\\/www.keyman.se\\\/sv\\\/spontanansokan\\\/\",\"url\":\"https:\\\/\\\/www.keyman.se\\\/sv\\\/spontanansokan\\\/\",\"name\":\"Spontanans\u00f6kan - KeyMan\",\"isPartOf\":{\"@id\":\"https:\\\/\\\/www.keyman.se\\\/sv\\\/#website\"},\"datePublished\":\"2022-12-13T11:18:40+00:00\",\"dateModified\":\"2026-04-28T17:49:51+00:00\",\"description\":\"Skicka in din spontanans\u00f6kan till KeyMan och bli en del av v\u00e5rt n\u00e4tverk av talangfulla konsulter.\",\"breadcrumb\":{\"@id\":\"https:\\\/\\\/www.keyman.se\\\/sv\\\/spontanansokan\\\/#breadcrumb\"},\"inLanguage\":\"sv-SE\",\"potentialAction\":[{\"@type\":\"ReadAction\",\"target\":[\"https:\\\/\\\/www.keyman.se\\\/sv\\\/spontanansokan\\\/\"]}]},{\"@type\":\"BreadcrumbList\",\"@id\":\"https:\\\/\\\/www.keyman.se\\\/sv\\\/spontanansokan\\\/#breadcrumb\",\"itemListElement\":[{\"@type\":\"ListItem\",\"position\":1,\"name\":\"Home\",\"item\":\"https:\\\/\\\/www.keyman.se\\\/sv\\\/\"},{\"@type\":\"ListItem\",\"position\":2,\"name\":\"Spontanans\u00f6kan\"}]},{\"@type\":\"WebSite\",\"@id\":\"https:\\\/\\\/www.keyman.se\\\/sv\\\/#website\",\"url\":\"https:\\\/\\\/www.keyman.se\\\/sv\\\/\",\"name\":\"KeyMan\",\"description\":\"Sannolikt Sveriges b\u00e4sta konsultm\u00e4klare\",\"publisher\":{\"@id\":\"https:\\\/\\\/www.keyman.se\\\/sv\\\/#organization\"},\"potentialAction\":[{\"@type\":\"SearchAction\",\"target\":{\"@type\":\"EntryPoint\",\"urlTemplate\":\"https:\\\/\\\/www.keyman.se\\\/sv\\\/?s={search_term_string}\"},\"query-input\":{\"@type\":\"PropertyValueSpecification\",\"valueRequired\":true,\"valueName\":\"search_term_string\"}}],\"inLanguage\":\"sv-SE\"},{\"@type\":\"Organization\",\"@id\":\"https:\\\/\\\/www.keyman.se\\\/sv\\\/#organization\",\"name\":\"KeyMan\",\"url\":\"https:\\\/\\\/www.keyman.se\\\/sv\\\/\",\"logo\":{\"@type\":\"ImageObject\",\"inLanguage\":\"sv-SE\",\"@id\":\"https:\\\/\\\/www.keyman.se\\\/sv\\\/#\\\/schema\\\/logo\\\/image\\\/\",\"url\":\"https:\\\/\\\/www.keyman.se\\\/sv\\\/wp-content\\\/uploads\\\/2022\\\/12\\\/KeyMan-by-Werkey-dark-logo.svg\",\"contentUrl\":\"https:\\\/\\\/www.keyman.se\\\/sv\\\/wp-content\\\/uploads\\\/2022\\\/12\\\/KeyMan-by-Werkey-dark-logo.svg\",\"width\":201,\"height\":52,\"caption\":\"KeyMan\"},\"image\":{\"@id\":\"https:\\\/\\\/www.keyman.se\\\/sv\\\/#\\\/schema\\\/logo\\\/image\\\/\"}}]}<\/script>\n<!-- \/ Yoast SEO plugin. -->","yoast_head_json":{"title":"Spontanans\u00f6kan - KeyMan","description":"Skicka in din spontanans\u00f6kan till KeyMan och bli en del av v\u00e5rt n\u00e4tverk av talangfulla konsulter.","robots":{"index":"index","follow":"follow","max-snippet":"max-snippet:-1","max-image-preview":"max-image-preview:large","max-video-preview":"max-video-preview:-1"},"canonical":"https:\/\/www.keyman.se\/sv\/spontanansokan\/","og_locale":"sv_SE","og_type":"article","og_title":"Spontanans\u00f6kan - KeyMan","og_description":"Skicka in din spontanans\u00f6kan till KeyMan och bli en del av v\u00e5rt n\u00e4tverk av talangfulla konsulter.","og_url":"https:\/\/www.keyman.se\/sv\/spontanansokan\/","og_site_name":"KeyMan","article_modified_time":"2026-04-28T17:49:51+00:00","twitter_card":"summary_large_image","twitter_misc":{"Ber\u00e4knad l\u00e4stid":"1 minut"},"schema":{"@context":"https:\/\/schema.org","@graph":[{"@type":"WebPage","@id":"https:\/\/www.keyman.se\/sv\/spontanansokan\/","url":"https:\/\/www.keyman.se\/sv\/spontanansokan\/","name":"Spontanans\u00f6kan - KeyMan","isPartOf":{"@id":"https:\/\/www.keyman.se\/sv\/#website"},"datePublished":"2022-12-13T11:18:40+00:00","dateModified":"2026-04-28T17:49:51+00:00","description":"Skicka in din spontanans\u00f6kan till KeyMan och bli en del av v\u00e5rt n\u00e4tverk av talangfulla konsulter.","breadcrumb":{"@id":"https:\/\/www.keyman.se\/sv\/spontanansokan\/#breadcrumb"},"inLanguage":"sv-SE","potentialAction":[{"@type":"ReadAction","target":["https:\/\/www.keyman.se\/sv\/spontanansokan\/"]}]},{"@type":"BreadcrumbList","@id":"https:\/\/www.keyman.se\/sv\/spontanansokan\/#breadcrumb","itemListElement":[{"@type":"ListItem","position":1,"name":"Home","item":"https:\/\/www.keyman.se\/sv\/"},{"@type":"ListItem","position":2,"name":"Spontanans\u00f6kan"}]},{"@type":"WebSite","@id":"https:\/\/www.keyman.se\/sv\/#website","url":"https:\/\/www.keyman.se\/sv\/","name":"KeyMan","description":"Sannolikt Sveriges b\u00e4sta konsultm\u00e4klare","publisher":{"@id":"https:\/\/www.keyman.se\/sv\/#organization"},"potentialAction":[{"@type":"SearchAction","target":{"@type":"EntryPoint","urlTemplate":"https:\/\/www.keyman.se\/sv\/?s={search_term_string}"},"query-input":{"@type":"PropertyValueSpecification","valueRequired":true,"valueName":"search_term_string"}}],"inLanguage":"sv-SE"},{"@type":"Organization","@id":"https:\/\/www.keyman.se\/sv\/#organization","name":"KeyMan","url":"https:\/\/www.keyman.se\/sv\/","logo":{"@type":"ImageObject","inLanguage":"sv-SE","@id":"https:\/\/www.keyman.se\/sv\/#\/schema\/logo\/image\/","url":"https:\/\/www.keyman.se\/sv\/wp-content\/uploads\/2022\/12\/KeyMan-by-Werkey-dark-logo.svg","contentUrl":"https:\/\/www.keyman.se\/sv\/wp-content\/uploads\/2022\/12\/KeyMan-by-Werkey-dark-logo.svg","width":201,"height":52,"caption":"KeyMan"},"image":{"@id":"https:\/\/www.keyman.se\/sv\/#\/schema\/logo\/image\/"}}]}},"_links":{"self":[{"href":"https:\/\/www.keyman.se\/sv\/wp-json\/wp\/v2\/pages\/1862","targetHints":{"allow":["GET"]}}],"collection":[{"href":"https:\/\/www.keyman.se\/sv\/wp-json\/wp\/v2\/pages"}],"about":[{"href":"https:\/\/www.keyman.se\/sv\/wp-json\/wp\/v2\/types\/page"}],"author":[{"embeddable":true,"href":"https:\/\/www.keyman.se\/sv\/wp-json\/wp\/v2\/users\/1"}],"replies":[{"embeddable":true,"href":"https:\/\/www.keyman.se\/sv\/wp-json\/wp\/v2\/comments?post=1862"}],"version-history":[{"count":1,"href":"https:\/\/www.keyman.se\/sv\/wp-json\/wp\/v2\/pages\/1862\/revisions"}],"predecessor-version":[{"id":30999,"href":"https:\/\/www.keyman.se\/sv\/wp-json\/wp\/v2\/pages\/1862\/revisions\/30999"}],"wp:attachment":[{"href":"https:\/\/www.keyman.se\/sv\/wp-json\/wp\/v2\/media?parent=1862"}],"curies":[{"name":"wp","href":"https:\/\/api.w.org\/{rel}","templated":true}]}}