{"id":1882,"date":"2022-12-13T11:26:56","date_gmt":"2022-12-13T11:26:56","guid":{"rendered":"https:\/\/keyman.bizprew.se\/?page_id=1882"},"modified":"2023-05-04T11:18:50","modified_gmt":"2023-05-04T09:18:50","slug":"allmanna-villkor","status":"publish","type":"page","link":"https:\/\/www.keyman.se\/sv\/allmanna-villkor\/","title":{"rendered":"Allm\u00e4nna Villkor"},"content":{"rendered":"\t\t<div data-elementor-type=\"wp-page\" data-elementor-id=\"1882\" class=\"elementor elementor-1882\" data-elementor-post-type=\"page\">\n\t\t\t\t\t\t<section class=\"elementor-section elementor-top-section elementor-element elementor-element-9a3af36 elementor-section-height-min-height elementor-section-boxed elementor-section-height-default elementor-section-items-middle\" data-id=\"9a3af36\" data-element_type=\"section\" data-e-type=\"section\" data-settings=\"{&quot;background_background&quot;:&quot;classic&quot;}\">\n\t\t\t\t\t\t<div class=\"elementor-container elementor-column-gap-default\">\n\t\t\t\t\t<div class=\"elementor-column elementor-col-100 elementor-top-column elementor-element elementor-element-8c0e68f\" data-id=\"8c0e68f\" data-element_type=\"column\" data-e-type=\"column\">\n\t\t\t<div class=\"elementor-widget-wrap elementor-element-populated\">\n\t\t\t\t\t\t<div class=\"elementor-element elementor-element-282e3d2 elementor-widget elementor-widget-heading\" data-id=\"282e3d2\" data-element_type=\"widget\" data-e-type=\"widget\" data-widget_type=\"heading.default\">\n\t\t\t\t\t<h1 class=\"elementor-heading-title elementor-size-default\">Offertvillkor<\/h1>\t\t\t\t<\/div>\n\t\t\t\t\t<\/div>\n\t\t<\/div>\n\t\t\t\t\t<\/div>\n\t\t<\/section>\n\t\t<div class=\"elementor-element elementor-element-1af8188 e-flex e-con-boxed e-con e-parent\" data-id=\"1af8188\" data-element_type=\"container\" data-e-type=\"container\" data-settings=\"{&quot;background_background&quot;:&quot;classic&quot;}\">\n\t\t\t\t\t<div class=\"e-con-inner\">\n\t\t\t\t<div class=\"elementor-element elementor-element-f79fc4f elementor-widget elementor-widget-text-editor\" data-id=\"f79fc4f\" data-element_type=\"widget\" data-e-type=\"widget\" data-widget_type=\"text-editor.default\">\n\t\t\t\t\t\t\t\t\t<p>1. \u00c5TAGANDE<br \/>I och med att ni skickar KeyMan en offert, ans\u00f6kan och\/eller CV inneb\u00e4r det att ni godk\u00e4nner KeyMans offertvillkor.<br \/>Offererar ni p\u00e5 ett av KeyMans uppdrag godk\u00e4nner ni samtidigt att offerten \u00e4r bindande och att ni endast offererar aktuell konsult via KeyMan f\u00f6r det aktuella uppdraget och inte samtidigt via annan part.<br \/>Dessa villkor g\u00e4ller fr\u00e5n den f\u00f6rsta kontakten\/offerten till KeyMan AB fram till dess att KeyMan AB och leverant\u00f6ren skriver nya villkor.<br \/>Konsultens och konsultbolagets uppgifter kommer givetvis att behandlas konfidentiellt och kommer aldrig att s\u00e4ljas eller \u00f6verl\u00e5tas till tredje part utan konsultens och konsultbolagets medgivande. CV kan komma att s\u00e4ndas vidare till KeyMans kunder i samband med offerter eller i proaktivt syfte.<\/p><p>\u00a0<\/p><p>2. GDPR<br \/>Vid ins\u00e4ndandet av offert till KeyMan accepteras KeyMans villkor och d\u00e4rmed ger kontaktpersonen\/ anv\u00e4ndaren och konsulten sitt samtycke till att KeyMan lagrar och behandlar de uppgifter som anv\u00e4ndaren l\u00e4mnar. Dessa uppgifter lagras f\u00f6r framtida kontakt i samband med nya konsultupp-drag samt som underlag f\u00f6r eventuella avtal och fakturering. Personen svarar f\u00f6r att de uppgifter som l\u00e4mnas i samband med ins\u00e4ndandet av offert och CV:n \u00e4r riktiga.<\/p><p>\u00a0<\/p><p>3. MERV\u00c4RDESSKATT<br \/>Tillkommer p\u00e5 samtliga priser. Merv\u00e4rdesskatten avser den vid var tid g\u00e4llande skattesatsen f\u00f6r tj\u00e4nster enligt svensk lag.<\/p><p>\u00a0<\/p><p>4. UTF\u00d6RANDE<br \/>Uppdraget skall utf\u00f6ras med omsorg och p\u00e5 ett fackmannam\u00e4ssigt s\u00e4tt. Konsulten representerar KeyMan och skall upptr\u00e4da professionellt och tillgodose bolagets aff\u00e4rsintressen hos slutkund\/ uppdragsgivare\/samarbetspartner.<\/p><p>\u00a0<\/p><p>5. SEKRETESS<br \/>Konsulten\/leverant\u00f6ren f\u00e5r inte till tredje man, utan KeyMans och slutkundens godk\u00e4nnande, l\u00e4mna ut handlingar eller p\u00e5 annat s\u00e4tt \u00e5terge uppgifter, vilka \u00e4r skyddade enligt lagen om f\u00f6retagshemlig-heter eller uppgifter som r\u00f6r best\u00e4llarens kunder i annan utstr\u00e4ckning \u00e4n vad som erfordras f\u00f6r uppdragets\/offertens genomf\u00f6rande.<br \/>Leverant\u00f6ren f\u00f6rbinder sig att inte utnyttja dokumentation, handlingar eller information som Leve-rant\u00f6ren mottagit fr\u00e5n KeyMan eller f\u00f6r KeyMans r\u00e4kning och inte heller g\u00f6ra detta tillg\u00e4ngligt f\u00f6r tredje man.<\/p><p>\u00a0<\/p><p>6. KUNDBEARBETNING<br \/>All kontakt med kund sker via KeyMan.<br \/>Leverant\u00f6ren f\u00f6rbinder sig att inte ta egen direktkontakt med KeyMans samarbetspartners\/ slutkunder och KeyMans direktkunder.<\/p><p>\u00a0<\/p><p>7. MARKNADSF\u00d6RING<br \/>All marknadsf\u00f6ring\/publicering av uppdraget skall godk\u00e4nnas av KeyMan.<\/p><p>\u00a0<\/p><p>8. ERS\u00c4TTNING<br \/>Leverant\u00f6rens ers\u00e4ttning inkluderar kostnader f\u00f6r pensionsavgifter, arbetsgivaravgifter, semester-ers\u00e4ttning och andra eventuella skatter och avgifter. H\u00e4rut\u00f6ver f\u00f6religger ingen ytterligare ers\u00e4ttningsskyldighet f\u00f6r KeyMan AB.<\/p><p>\u00a0<\/p><p>9. F-SKATTEBEVIS<br \/>Leverant\u00f6ren garanterar att denna \u00e4r \u201dgodk\u00e4nd f\u00f6r F-skatt\u201d.<\/p><p>\u00a0<\/p><p>10. F\u00d6RS\u00c4KRINGSSKYDD<br \/>Leverant\u00f6ren garanterar innehav av giltig konsult-\/r\u00e5dgivnings- och ansvarsf\u00f6rs\u00e4kring utifr\u00e5n konsultens kompetens och arbetsuppgifter.<\/p>\t\t\t\t\t\t\t\t<\/div>\n\t\t\t\t\t<\/div>\n\t\t\t\t<\/div>\n\t\t\t\t<\/div>\n\t\t","protected":false},"excerpt":{"rendered":"<p>Offertvillkor 1. \u00c5TAGANDE I och med att ni skickar KeyMan en offert, ans\u00f6kan och\/eller CV inneb\u00e4r det att ni godk\u00e4nner KeyMans offertvillkor. Offererar ni p\u00e5 ett av KeyMans uppdrag godk\u00e4nner ni samtidigt att offerten \u00e4r bindande och att ni endast offererar aktuell konsult via KeyMan f\u00f6r det aktuella uppdraget och inte samtidigt via annan part. [&hellip;]<\/p>\n","protected":false},"author":1,"featured_media":0,"parent":0,"menu_order":0,"comment_status":"closed","ping_status":"closed","template":"","meta":{"_acf_changed":false,"footnotes":""},"class_list":["post-1882","page","type-page","status-publish","hentry"],"acf":[],"yoast_head":"<!-- This site is optimized with the Yoast SEO plugin v27.2 - https:\/\/yoast.com\/product\/yoast-seo-wordpress\/ -->\n<title>Allm\u00e4nna Villkor - Keyman<\/title>\n<meta name=\"description\" content=\"L\u00e4s v\u00e5ra allm\u00e4nna villkor f\u00f6r att f\u00f6rst\u00e5 v\u00e5ra regler och riktlinjer n\u00e4r det g\u00e4ller att arbeta med Keyman som konsultm\u00e4klare och konsultuthyrning.\" \/>\n<meta name=\"robots\" content=\"index, follow, max-snippet:-1, max-image-preview:large, max-video-preview:-1\" \/>\n<link rel=\"canonical\" href=\"https:\/\/www.keyman.se\/sv\/allmanna-villkor\/\" \/>\n<meta property=\"og:locale\" content=\"sv_SE\" \/>\n<meta property=\"og:type\" content=\"article\" \/>\n<meta property=\"og:title\" content=\"Allm\u00e4nna Villkor - Keyman\" \/>\n<meta property=\"og:description\" content=\"L\u00e4s v\u00e5ra allm\u00e4nna villkor f\u00f6r att f\u00f6rst\u00e5 v\u00e5ra regler och riktlinjer n\u00e4r det g\u00e4ller att arbeta med Keyman som konsultm\u00e4klare och konsultuthyrning.\" \/>\n<meta property=\"og:url\" content=\"https:\/\/www.keyman.se\/sv\/allmanna-villkor\/\" \/>\n<meta property=\"og:site_name\" content=\"KeyMan\" \/>\n<meta property=\"article:modified_time\" content=\"2023-05-04T09:18:50+00:00\" \/>\n<meta name=\"twitter:card\" content=\"summary_large_image\" \/>\n<meta name=\"twitter:label1\" content=\"Ber\u00e4knad l\u00e4stid\" \/>\n\t<meta name=\"twitter:data1\" content=\"2 minuter\" \/>\n<script type=\"application\/ld+json\" class=\"yoast-schema-graph\">{\"@context\":\"https:\/\/schema.org\",\"@graph\":[{\"@type\":\"WebPage\",\"@id\":\"https:\/\/www.keyman.se\/sv\/allmanna-villkor\/\",\"url\":\"https:\/\/www.keyman.se\/sv\/allmanna-villkor\/\",\"name\":\"Allm\u00e4nna Villkor - Keyman\",\"isPartOf\":{\"@id\":\"https:\/\/www.keyman.se\/sv\/#website\"},\"datePublished\":\"2022-12-13T11:26:56+00:00\",\"dateModified\":\"2023-05-04T09:18:50+00:00\",\"description\":\"L\u00e4s v\u00e5ra allm\u00e4nna villkor f\u00f6r att f\u00f6rst\u00e5 v\u00e5ra regler och riktlinjer n\u00e4r det g\u00e4ller att arbeta med Keyman som konsultm\u00e4klare och konsultuthyrning.\",\"breadcrumb\":{\"@id\":\"https:\/\/www.keyman.se\/sv\/allmanna-villkor\/#breadcrumb\"},\"inLanguage\":\"sv-SE\",\"potentialAction\":[{\"@type\":\"ReadAction\",\"target\":[\"https:\/\/www.keyman.se\/sv\/allmanna-villkor\/\"]}]},{\"@type\":\"BreadcrumbList\",\"@id\":\"https:\/\/www.keyman.se\/sv\/allmanna-villkor\/#breadcrumb\",\"itemListElement\":[{\"@type\":\"ListItem\",\"position\":1,\"name\":\"Home\",\"item\":\"https:\/\/www.keyman.se\/sv\/\"},{\"@type\":\"ListItem\",\"position\":2,\"name\":\"Allm\u00e4nna Villkor\"}]},{\"@type\":\"WebSite\",\"@id\":\"https:\/\/www.keyman.se\/sv\/#website\",\"url\":\"https:\/\/www.keyman.se\/sv\/\",\"name\":\"KeyMan\",\"description\":\"Sannolikt Sveriges b\u00e4sta konsultm\u00e4klare\",\"publisher\":{\"@id\":\"https:\/\/www.keyman.se\/sv\/#organization\"},\"potentialAction\":[{\"@type\":\"SearchAction\",\"target\":{\"@type\":\"EntryPoint\",\"urlTemplate\":\"https:\/\/www.keyman.se\/sv\/?s={search_term_string}\"},\"query-input\":{\"@type\":\"PropertyValueSpecification\",\"valueRequired\":true,\"valueName\":\"search_term_string\"}}],\"inLanguage\":\"sv-SE\"},{\"@type\":\"Organization\",\"@id\":\"https:\/\/www.keyman.se\/sv\/#organization\",\"name\":\"KeyMan\",\"url\":\"https:\/\/www.keyman.se\/sv\/\",\"logo\":{\"@type\":\"ImageObject\",\"inLanguage\":\"sv-SE\",\"@id\":\"https:\/\/www.keyman.se\/sv\/#\/schema\/logo\/image\/\",\"url\":\"https:\/\/www.keyman.se\/sv\/wp-content\/uploads\/2022\/12\/KeyMan-by-Werkey-dark-logo.svg\",\"contentUrl\":\"https:\/\/www.keyman.se\/sv\/wp-content\/uploads\/2022\/12\/KeyMan-by-Werkey-dark-logo.svg\",\"width\":201,\"height\":52,\"caption\":\"KeyMan\"},\"image\":{\"@id\":\"https:\/\/www.keyman.se\/sv\/#\/schema\/logo\/image\/\"}}]}<\/script>\n<!-- \/ Yoast SEO plugin. -->","yoast_head_json":{"title":"Allm\u00e4nna Villkor - Keyman","description":"L\u00e4s v\u00e5ra allm\u00e4nna villkor f\u00f6r att f\u00f6rst\u00e5 v\u00e5ra regler och riktlinjer n\u00e4r det g\u00e4ller att arbeta med Keyman som konsultm\u00e4klare och konsultuthyrning.","robots":{"index":"index","follow":"follow","max-snippet":"max-snippet:-1","max-image-preview":"max-image-preview:large","max-video-preview":"max-video-preview:-1"},"canonical":"https:\/\/www.keyman.se\/sv\/allmanna-villkor\/","og_locale":"sv_SE","og_type":"article","og_title":"Allm\u00e4nna Villkor - Keyman","og_description":"L\u00e4s v\u00e5ra allm\u00e4nna villkor f\u00f6r att f\u00f6rst\u00e5 v\u00e5ra regler och riktlinjer n\u00e4r det g\u00e4ller att arbeta med Keyman som konsultm\u00e4klare och konsultuthyrning.","og_url":"https:\/\/www.keyman.se\/sv\/allmanna-villkor\/","og_site_name":"KeyMan","article_modified_time":"2023-05-04T09:18:50+00:00","twitter_card":"summary_large_image","twitter_misc":{"Ber\u00e4knad l\u00e4stid":"2 minuter"},"schema":{"@context":"https:\/\/schema.org","@graph":[{"@type":"WebPage","@id":"https:\/\/www.keyman.se\/sv\/allmanna-villkor\/","url":"https:\/\/www.keyman.se\/sv\/allmanna-villkor\/","name":"Allm\u00e4nna Villkor - Keyman","isPartOf":{"@id":"https:\/\/www.keyman.se\/sv\/#website"},"datePublished":"2022-12-13T11:26:56+00:00","dateModified":"2023-05-04T09:18:50+00:00","description":"L\u00e4s v\u00e5ra allm\u00e4nna villkor f\u00f6r att f\u00f6rst\u00e5 v\u00e5ra regler och riktlinjer n\u00e4r det g\u00e4ller att arbeta med Keyman som konsultm\u00e4klare och konsultuthyrning.","breadcrumb":{"@id":"https:\/\/www.keyman.se\/sv\/allmanna-villkor\/#breadcrumb"},"inLanguage":"sv-SE","potentialAction":[{"@type":"ReadAction","target":["https:\/\/www.keyman.se\/sv\/allmanna-villkor\/"]}]},{"@type":"BreadcrumbList","@id":"https:\/\/www.keyman.se\/sv\/allmanna-villkor\/#breadcrumb","itemListElement":[{"@type":"ListItem","position":1,"name":"Home","item":"https:\/\/www.keyman.se\/sv\/"},{"@type":"ListItem","position":2,"name":"Allm\u00e4nna Villkor"}]},{"@type":"WebSite","@id":"https:\/\/www.keyman.se\/sv\/#website","url":"https:\/\/www.keyman.se\/sv\/","name":"KeyMan","description":"Sannolikt Sveriges b\u00e4sta konsultm\u00e4klare","publisher":{"@id":"https:\/\/www.keyman.se\/sv\/#organization"},"potentialAction":[{"@type":"SearchAction","target":{"@type":"EntryPoint","urlTemplate":"https:\/\/www.keyman.se\/sv\/?s={search_term_string}"},"query-input":{"@type":"PropertyValueSpecification","valueRequired":true,"valueName":"search_term_string"}}],"inLanguage":"sv-SE"},{"@type":"Organization","@id":"https:\/\/www.keyman.se\/sv\/#organization","name":"KeyMan","url":"https:\/\/www.keyman.se\/sv\/","logo":{"@type":"ImageObject","inLanguage":"sv-SE","@id":"https:\/\/www.keyman.se\/sv\/#\/schema\/logo\/image\/","url":"https:\/\/www.keyman.se\/sv\/wp-content\/uploads\/2022\/12\/KeyMan-by-Werkey-dark-logo.svg","contentUrl":"https:\/\/www.keyman.se\/sv\/wp-content\/uploads\/2022\/12\/KeyMan-by-Werkey-dark-logo.svg","width":201,"height":52,"caption":"KeyMan"},"image":{"@id":"https:\/\/www.keyman.se\/sv\/#\/schema\/logo\/image\/"}}]}},"_links":{"self":[{"href":"https:\/\/www.keyman.se\/sv\/wp-json\/wp\/v2\/pages\/1882","targetHints":{"allow":["GET"]}}],"collection":[{"href":"https:\/\/www.keyman.se\/sv\/wp-json\/wp\/v2\/pages"}],"about":[{"href":"https:\/\/www.keyman.se\/sv\/wp-json\/wp\/v2\/types\/page"}],"author":[{"embeddable":true,"href":"https:\/\/www.keyman.se\/sv\/wp-json\/wp\/v2\/users\/1"}],"replies":[{"embeddable":true,"href":"https:\/\/www.keyman.se\/sv\/wp-json\/wp\/v2\/comments?post=1882"}],"version-history":[{"count":0,"href":"https:\/\/www.keyman.se\/sv\/wp-json\/wp\/v2\/pages\/1882\/revisions"}],"wp:attachment":[{"href":"https:\/\/www.keyman.se\/sv\/wp-json\/wp\/v2\/media?parent=1882"}],"curies":[{"name":"wp","href":"https:\/\/api.w.org\/{rel}","templated":true}]}}