{"id":1898,"date":"2022-12-13T12:05:40","date_gmt":"2022-12-13T12:05:40","guid":{"rendered":"https:\/\/keyman.bizprew.se\/?page_id=1898"},"modified":"2023-10-13T09:42:04","modified_gmt":"2023-10-13T07:42:04","slug":"prenumerera-pa-uppdrag","status":"publish","type":"page","link":"https:\/\/www.keyman.se\/sv\/prenumerera-pa-uppdrag\/","title":{"rendered":"Prenumerera p\u00e5 uppdrag"},"content":{"rendered":"\t\t<div data-elementor-type=\"wp-page\" data-elementor-id=\"1898\" class=\"elementor elementor-1898\" data-elementor-post-type=\"page\">\n\t\t\t\t<div class=\"elementor-element elementor-element-10f12ec elementor-hidden-widescreen elementor-hidden-desktop elementor-hidden-laptop e-flex e-con-boxed e-con e-parent\" data-id=\"10f12ec\" data-element_type=\"container\" data-e-type=\"container\" data-settings=\"{&quot;background_background&quot;:&quot;classic&quot;}\">\n\t\t\t\t\t<div class=\"e-con-inner\">\n\t\t<div class=\"elementor-element elementor-element-6ea40c0 e-con-full e-flex e-con e-child\" data-id=\"6ea40c0\" data-element_type=\"container\" data-e-type=\"container\">\n\t\t\t\t<\/div>\n\t\t<div class=\"elementor-element elementor-element-18c3314 e-con-full e-flex e-con e-child\" data-id=\"18c3314\" data-element_type=\"container\" data-e-type=\"container\">\n\t\t\t\t<div class=\"elementor-element elementor-element-d0545d4 elementor-widget elementor-widget-heading\" data-id=\"d0545d4\" data-element_type=\"widget\" data-e-type=\"widget\" data-widget_type=\"heading.default\">\n\t\t\t\t\t<h1 class=\"elementor-heading-title elementor-size-default\">Prenumerera \np\u00e5 uppdrag<\/h1>\t\t\t\t<\/div>\n\t\t\t\t<\/div>\n\t\t\t\t\t<\/div>\n\t\t\t\t<\/div>\n\t\t<div class=\"elementor-element elementor-element-f39522f elementor-hidden-mobile elementor-hidden-tablet elementor-hidden-mobile_extra e-flex e-con-boxed e-con e-parent\" data-id=\"f39522f\" data-element_type=\"container\" data-e-type=\"container\" data-settings=\"{&quot;background_background&quot;:&quot;classic&quot;}\">\n\t\t\t\t\t<div class=\"e-con-inner\">\n\t\t<div class=\"elementor-element elementor-element-ee03b51 e-con-full e-flex e-con e-child\" data-id=\"ee03b51\" data-element_type=\"container\" data-e-type=\"container\">\n\t\t\t\t<div class=\"elementor-element elementor-element-093b5e2 elementor-widget elementor-widget-image\" data-id=\"093b5e2\" data-element_type=\"widget\" data-e-type=\"widget\" data-widget_type=\"image.default\">\n\t\t\t\t\t\t\t\t\t\t\t\t\t\t\t<img fetchpriority=\"high\" decoding=\"async\" width=\"495\" height=\"495\" src=\"https:\/\/www.keyman.se\/sv\/wp-content\/uploads\/2022\/12\/Image-116.png\" class=\"attachment-full size-full wp-image-1343\" alt=\"\" srcset=\"https:\/\/www.keyman.se\/sv\/wp-content\/uploads\/2022\/12\/Image-116.png 495w, https:\/\/www.keyman.se\/sv\/wp-content\/uploads\/2022\/12\/Image-116-300x300.png 300w, https:\/\/www.keyman.se\/sv\/wp-content\/uploads\/2022\/12\/Image-116-150x150.png 150w\" sizes=\"(max-width: 495px) 100vw, 495px\" \/>\t\t\t\t\t\t\t\t\t\t\t\t\t\t\t<\/div>\n\t\t\t\t<\/div>\n\t\t<div class=\"elementor-element elementor-element-a6c8728 e-con-full e-flex e-con e-child\" data-id=\"a6c8728\" data-element_type=\"container\" data-e-type=\"container\">\n\t\t\t\t<div class=\"elementor-element elementor-element-e713c69 elementor-widget elementor-widget-heading\" data-id=\"e713c69\" data-element_type=\"widget\" data-e-type=\"widget\" data-widget_type=\"heading.default\">\n\t\t\t\t\t<h1 class=\"elementor-heading-title elementor-size-default\">Prenumerera \np\u00e5 uppdrag<\/h1>\t\t\t\t<\/div>\n\t\t\t\t<\/div>\n\t\t\t\t\t<\/div>\n\t\t\t\t<\/div>\n\t\t<div class=\"elementor-element elementor-element-b56bdff e-flex e-con-boxed e-con e-parent\" data-id=\"b56bdff\" data-element_type=\"container\" data-e-type=\"container\">\n\t\t\t\t\t<div class=\"e-con-inner\">\n\t\t<div class=\"elementor-element elementor-element-ecc81fb e-flex e-con-boxed e-con e-child\" data-id=\"ecc81fb\" data-element_type=\"container\" data-e-type=\"container\">\n\t\t\t\t\t<div class=\"e-con-inner\">\n\t\t\t\t<div class=\"elementor-element elementor-element-7320e05 elementor-widget elementor-widget-heading\" data-id=\"7320e05\" data-element_type=\"widget\" data-e-type=\"widget\" data-widget_type=\"heading.default\">\n\t\t\t\t\t<h2 class=\"elementor-heading-title elementor-size-default\">H\u00e5ll dig uppdaterad om de senaste uppdragen<\/h2>\t\t\t\t<\/div>\n\t\t\t\t<div class=\"elementor-element elementor-element-54a8c2f elementor-widget elementor-widget-text-editor\" data-id=\"54a8c2f\" data-element_type=\"widget\" data-e-type=\"widget\" data-widget_type=\"text-editor.default\">\n\t\t\t\t\t\t\t\t\t<p>Vi publicerar l\u00f6pande nya sp\u00e4nnande konsultuppdrag och f\u00f6r att enkelt h\u00e5lla dig uppdaterad s\u00e5 kan du skapa ett leverant\u00f6rskonto i v\u00e5r portal. Skriv g\u00e4rna ett par rader kring vilken inriktning\/kompetensomr\u00e5de f\u00f6retaget har s\u00e5 att vi effektivt kan matcha potentiella uppdrag. N\u00e4r kontot \u00e4r registrerat s\u00e5 kommer du att f\u00e5 en mailavisering n\u00e4r ett nytt uppdrag publiceras.<\/p><p>\u00a0<\/p><p>\u00a0<\/p>\t\t\t\t\t\t\t\t<\/div>\n\t\t\t\t<div class=\"elementor-element elementor-element-a0a513e elementor-align-center elementor-widget elementor-widget-button\" data-id=\"a0a513e\" data-element_type=\"widget\" data-e-type=\"widget\" data-widget_type=\"button.default\">\n\t\t\t\t\t\t\t\t\t\t<a class=\"elementor-button elementor-button-link elementor-size-sm\" href=\"#elementor-action%3Aaction%3Dpopup%3Aopen%26settings%3DeyJpZCI6IjE2MjY0IiwidG9nZ2xlIjpmYWxzZX0%3D\">\n\t\t\t\t\t\t<span class=\"elementor-button-content-wrapper\">\n\t\t\t\t\t\t\t\t\t<span class=\"elementor-button-text\">Prenumerera p\u00e5 uppdrag<\/span>\n\t\t\t\t\t<\/span>\n\t\t\t\t\t<\/a>\n\t\t\t\t\t\t\t\t<\/div>\n\t\t\t\t\t<\/div>\n\t\t\t\t<\/div>\n\t\t\t\t\t<\/div>\n\t\t\t\t<\/div>\n\t\t\t\t<\/div>\n\t\t","protected":false},"excerpt":{"rendered":"<p>Prenumerera p\u00e5 uppdrag Prenumerera p\u00e5 uppdrag H\u00e5ll dig uppdaterad om de senaste uppdragen Vi publicerar l\u00f6pande nya sp\u00e4nnande konsultuppdrag och f\u00f6r att enkelt h\u00e5lla dig uppdaterad s\u00e5 kan du skapa ett leverant\u00f6rskonto i v\u00e5r portal. Skriv g\u00e4rna ett par rader kring vilken inriktning\/kompetensomr\u00e5de f\u00f6retaget har s\u00e5 att vi effektivt kan matcha potentiella uppdrag. N\u00e4r kontot [&hellip;]<\/p>\n","protected":false},"author":1,"featured_media":0,"parent":0,"menu_order":0,"comment_status":"closed","ping_status":"closed","template":"","meta":{"_acf_changed":false,"footnotes":""},"class_list":["post-1898","page","type-page","status-publish","hentry"],"acf":[],"yoast_head":"<!-- This site is optimized with the Yoast SEO plugin v27.2 - https:\/\/yoast.com\/product\/yoast-seo-wordpress\/ -->\n<title>Prenumerera p\u00e5 Uppdrag - Keyman<\/title>\n<meta name=\"description\" content=\"Prenumerera p\u00e5 de senaste konsultuppdragen fr\u00e5n Keyman och f\u00e5 notifieringar direkt till din inkorg.\" \/>\n<meta name=\"robots\" content=\"index, follow, max-snippet:-1, max-image-preview:large, max-video-preview:-1\" \/>\n<link rel=\"canonical\" href=\"https:\/\/www.keyman.se\/sv\/prenumerera-pa-uppdrag\/\" \/>\n<meta property=\"og:locale\" content=\"sv_SE\" \/>\n<meta property=\"og:type\" content=\"article\" \/>\n<meta property=\"og:title\" content=\"Prenumerera p\u00e5 Uppdrag - Keyman\" \/>\n<meta property=\"og:description\" content=\"Prenumerera p\u00e5 de senaste konsultuppdragen fr\u00e5n Keyman och f\u00e5 notifieringar direkt till din inkorg.\" \/>\n<meta property=\"og:url\" content=\"https:\/\/www.keyman.se\/sv\/prenumerera-pa-uppdrag\/\" \/>\n<meta property=\"og:site_name\" content=\"KeyMan\" \/>\n<meta property=\"article:modified_time\" content=\"2023-10-13T07:42:04+00:00\" \/>\n<meta property=\"og:image\" content=\"https:\/\/keyman-lansering.bizprew.se\/wp-content\/uploads\/2022\/12\/Image-116.png\" \/>\n<meta name=\"twitter:card\" content=\"summary_large_image\" \/>\n<meta name=\"twitter:label1\" content=\"Ber\u00e4knad l\u00e4stid\" \/>\n\t<meta name=\"twitter:data1\" content=\"1 minut\" \/>\n<script type=\"application\/ld+json\" class=\"yoast-schema-graph\">{\"@context\":\"https:\/\/schema.org\",\"@graph\":[{\"@type\":\"WebPage\",\"@id\":\"https:\/\/www.keyman.se\/sv\/prenumerera-pa-uppdrag\/\",\"url\":\"https:\/\/www.keyman.se\/sv\/prenumerera-pa-uppdrag\/\",\"name\":\"Prenumerera p\u00e5 Uppdrag - Keyman\",\"isPartOf\":{\"@id\":\"https:\/\/www.keyman.se\/sv\/#website\"},\"primaryImageOfPage\":{\"@id\":\"https:\/\/www.keyman.se\/sv\/prenumerera-pa-uppdrag\/#primaryimage\"},\"image\":{\"@id\":\"https:\/\/www.keyman.se\/sv\/prenumerera-pa-uppdrag\/#primaryimage\"},\"thumbnailUrl\":\"https:\/\/keyman-lansering.bizprew.se\/wp-content\/uploads\/2022\/12\/Image-116.png\",\"datePublished\":\"2022-12-13T12:05:40+00:00\",\"dateModified\":\"2023-10-13T07:42:04+00:00\",\"description\":\"Prenumerera p\u00e5 de senaste konsultuppdragen fr\u00e5n Keyman och f\u00e5 notifieringar direkt till din inkorg.\",\"breadcrumb\":{\"@id\":\"https:\/\/www.keyman.se\/sv\/prenumerera-pa-uppdrag\/#breadcrumb\"},\"inLanguage\":\"sv-SE\",\"potentialAction\":[{\"@type\":\"ReadAction\",\"target\":[\"https:\/\/www.keyman.se\/sv\/prenumerera-pa-uppdrag\/\"]}]},{\"@type\":\"ImageObject\",\"inLanguage\":\"sv-SE\",\"@id\":\"https:\/\/www.keyman.se\/sv\/prenumerera-pa-uppdrag\/#primaryimage\",\"url\":\"https:\/\/keyman-lansering.bizprew.se\/wp-content\/uploads\/2022\/12\/Image-116.png\",\"contentUrl\":\"https:\/\/keyman-lansering.bizprew.se\/wp-content\/uploads\/2022\/12\/Image-116.png\"},{\"@type\":\"BreadcrumbList\",\"@id\":\"https:\/\/www.keyman.se\/sv\/prenumerera-pa-uppdrag\/#breadcrumb\",\"itemListElement\":[{\"@type\":\"ListItem\",\"position\":1,\"name\":\"Home\",\"item\":\"https:\/\/www.keyman.se\/sv\/\"},{\"@type\":\"ListItem\",\"position\":2,\"name\":\"Prenumerera p\u00e5 uppdrag\"}]},{\"@type\":\"WebSite\",\"@id\":\"https:\/\/www.keyman.se\/sv\/#website\",\"url\":\"https:\/\/www.keyman.se\/sv\/\",\"name\":\"KeyMan\",\"description\":\"Sannolikt Sveriges b\u00e4sta konsultm\u00e4klare\",\"publisher\":{\"@id\":\"https:\/\/www.keyman.se\/sv\/#organization\"},\"potentialAction\":[{\"@type\":\"SearchAction\",\"target\":{\"@type\":\"EntryPoint\",\"urlTemplate\":\"https:\/\/www.keyman.se\/sv\/?s={search_term_string}\"},\"query-input\":{\"@type\":\"PropertyValueSpecification\",\"valueRequired\":true,\"valueName\":\"search_term_string\"}}],\"inLanguage\":\"sv-SE\"},{\"@type\":\"Organization\",\"@id\":\"https:\/\/www.keyman.se\/sv\/#organization\",\"name\":\"KeyMan\",\"url\":\"https:\/\/www.keyman.se\/sv\/\",\"logo\":{\"@type\":\"ImageObject\",\"inLanguage\":\"sv-SE\",\"@id\":\"https:\/\/www.keyman.se\/sv\/#\/schema\/logo\/image\/\",\"url\":\"https:\/\/www.keyman.se\/sv\/wp-content\/uploads\/2022\/12\/KeyMan-by-Werkey-dark-logo.svg\",\"contentUrl\":\"https:\/\/www.keyman.se\/sv\/wp-content\/uploads\/2022\/12\/KeyMan-by-Werkey-dark-logo.svg\",\"width\":201,\"height\":52,\"caption\":\"KeyMan\"},\"image\":{\"@id\":\"https:\/\/www.keyman.se\/sv\/#\/schema\/logo\/image\/\"}}]}<\/script>\n<!-- \/ Yoast SEO plugin. -->","yoast_head_json":{"title":"Prenumerera p\u00e5 Uppdrag - Keyman","description":"Prenumerera p\u00e5 de senaste konsultuppdragen fr\u00e5n Keyman och f\u00e5 notifieringar direkt till din inkorg.","robots":{"index":"index","follow":"follow","max-snippet":"max-snippet:-1","max-image-preview":"max-image-preview:large","max-video-preview":"max-video-preview:-1"},"canonical":"https:\/\/www.keyman.se\/sv\/prenumerera-pa-uppdrag\/","og_locale":"sv_SE","og_type":"article","og_title":"Prenumerera p\u00e5 Uppdrag - Keyman","og_description":"Prenumerera p\u00e5 de senaste konsultuppdragen fr\u00e5n Keyman och f\u00e5 notifieringar direkt till din inkorg.","og_url":"https:\/\/www.keyman.se\/sv\/prenumerera-pa-uppdrag\/","og_site_name":"KeyMan","article_modified_time":"2023-10-13T07:42:04+00:00","og_image":[{"url":"https:\/\/keyman-lansering.bizprew.se\/wp-content\/uploads\/2022\/12\/Image-116.png","type":"","width":"","height":""}],"twitter_card":"summary_large_image","twitter_misc":{"Ber\u00e4knad l\u00e4stid":"1 minut"},"schema":{"@context":"https:\/\/schema.org","@graph":[{"@type":"WebPage","@id":"https:\/\/www.keyman.se\/sv\/prenumerera-pa-uppdrag\/","url":"https:\/\/www.keyman.se\/sv\/prenumerera-pa-uppdrag\/","name":"Prenumerera p\u00e5 Uppdrag - Keyman","isPartOf":{"@id":"https:\/\/www.keyman.se\/sv\/#website"},"primaryImageOfPage":{"@id":"https:\/\/www.keyman.se\/sv\/prenumerera-pa-uppdrag\/#primaryimage"},"image":{"@id":"https:\/\/www.keyman.se\/sv\/prenumerera-pa-uppdrag\/#primaryimage"},"thumbnailUrl":"https:\/\/keyman-lansering.bizprew.se\/wp-content\/uploads\/2022\/12\/Image-116.png","datePublished":"2022-12-13T12:05:40+00:00","dateModified":"2023-10-13T07:42:04+00:00","description":"Prenumerera p\u00e5 de senaste konsultuppdragen fr\u00e5n Keyman och f\u00e5 notifieringar direkt till din inkorg.","breadcrumb":{"@id":"https:\/\/www.keyman.se\/sv\/prenumerera-pa-uppdrag\/#breadcrumb"},"inLanguage":"sv-SE","potentialAction":[{"@type":"ReadAction","target":["https:\/\/www.keyman.se\/sv\/prenumerera-pa-uppdrag\/"]}]},{"@type":"ImageObject","inLanguage":"sv-SE","@id":"https:\/\/www.keyman.se\/sv\/prenumerera-pa-uppdrag\/#primaryimage","url":"https:\/\/keyman-lansering.bizprew.se\/wp-content\/uploads\/2022\/12\/Image-116.png","contentUrl":"https:\/\/keyman-lansering.bizprew.se\/wp-content\/uploads\/2022\/12\/Image-116.png"},{"@type":"BreadcrumbList","@id":"https:\/\/www.keyman.se\/sv\/prenumerera-pa-uppdrag\/#breadcrumb","itemListElement":[{"@type":"ListItem","position":1,"name":"Home","item":"https:\/\/www.keyman.se\/sv\/"},{"@type":"ListItem","position":2,"name":"Prenumerera p\u00e5 uppdrag"}]},{"@type":"WebSite","@id":"https:\/\/www.keyman.se\/sv\/#website","url":"https:\/\/www.keyman.se\/sv\/","name":"KeyMan","description":"Sannolikt Sveriges b\u00e4sta konsultm\u00e4klare","publisher":{"@id":"https:\/\/www.keyman.se\/sv\/#organization"},"potentialAction":[{"@type":"SearchAction","target":{"@type":"EntryPoint","urlTemplate":"https:\/\/www.keyman.se\/sv\/?s={search_term_string}"},"query-input":{"@type":"PropertyValueSpecification","valueRequired":true,"valueName":"search_term_string"}}],"inLanguage":"sv-SE"},{"@type":"Organization","@id":"https:\/\/www.keyman.se\/sv\/#organization","name":"KeyMan","url":"https:\/\/www.keyman.se\/sv\/","logo":{"@type":"ImageObject","inLanguage":"sv-SE","@id":"https:\/\/www.keyman.se\/sv\/#\/schema\/logo\/image\/","url":"https:\/\/www.keyman.se\/sv\/wp-content\/uploads\/2022\/12\/KeyMan-by-Werkey-dark-logo.svg","contentUrl":"https:\/\/www.keyman.se\/sv\/wp-content\/uploads\/2022\/12\/KeyMan-by-Werkey-dark-logo.svg","width":201,"height":52,"caption":"KeyMan"},"image":{"@id":"https:\/\/www.keyman.se\/sv\/#\/schema\/logo\/image\/"}}]}},"_links":{"self":[{"href":"https:\/\/www.keyman.se\/sv\/wp-json\/wp\/v2\/pages\/1898","targetHints":{"allow":["GET"]}}],"collection":[{"href":"https:\/\/www.keyman.se\/sv\/wp-json\/wp\/v2\/pages"}],"about":[{"href":"https:\/\/www.keyman.se\/sv\/wp-json\/wp\/v2\/types\/page"}],"author":[{"embeddable":true,"href":"https:\/\/www.keyman.se\/sv\/wp-json\/wp\/v2\/users\/1"}],"replies":[{"embeddable":true,"href":"https:\/\/www.keyman.se\/sv\/wp-json\/wp\/v2\/comments?post=1898"}],"version-history":[{"count":0,"href":"https:\/\/www.keyman.se\/sv\/wp-json\/wp\/v2\/pages\/1898\/revisions"}],"wp:attachment":[{"href":"https:\/\/www.keyman.se\/sv\/wp-json\/wp\/v2\/media?parent=1898"}],"curies":[{"name":"wp","href":"https:\/\/api.w.org\/{rel}","templated":true}]}}