{"id":2002,"date":"2022-12-13T13:05:38","date_gmt":"2022-12-13T13:05:38","guid":{"rendered":"https:\/\/keyman.bizprew.se\/?page_id=2002"},"modified":"2026-04-28T19:45:16","modified_gmt":"2026-04-28T17:45:16","slug":"jobba-hos-oss","status":"publish","type":"page","link":"https:\/\/www.keyman.se\/sv\/jobba-hos-oss\/","title":{"rendered":"Jobba hos oss"},"content":{"rendered":"\t\t<div data-elementor-type=\"wp-page\" data-elementor-id=\"2002\" class=\"elementor elementor-2002\" data-elementor-post-type=\"page\">\n\t\t\t\t\t\t<section class=\"elementor-section elementor-top-section elementor-element elementor-element-0f2ffd6 elementor-section-height-min-height elementor-section-boxed elementor-section-height-default elementor-section-items-middle\" data-id=\"0f2ffd6\" data-element_type=\"section\" data-e-type=\"section\" data-settings=\"{&quot;background_background&quot;:&quot;classic&quot;}\">\n\t\t\t\t\t\t<div class=\"elementor-container elementor-column-gap-default\">\n\t\t\t\t\t<div class=\"elementor-column elementor-col-100 elementor-top-column elementor-element elementor-element-64fef20\" data-id=\"64fef20\" data-element_type=\"column\" data-e-type=\"column\">\n\t\t\t<div class=\"elementor-widget-wrap elementor-element-populated\">\n\t\t\t\t\t\t<div class=\"elementor-element elementor-element-b1d462a elementor-widget elementor-widget-heading\" data-id=\"b1d462a\" data-element_type=\"widget\" data-e-type=\"widget\" data-widget_type=\"heading.default\">\n\t\t\t\t\t<h1 class=\"elementor-heading-title elementor-size-default\">Jobba hos KeyMan<\/h1>\t\t\t\t<\/div>\n\t\t\t\t\t<\/div>\n\t\t<\/div>\n\t\t\t\t\t<\/div>\n\t\t<\/section>\n\t\t<div class=\"elementor-element elementor-element-0314ef2 e-flex e-con-boxed e-con e-parent\" data-id=\"0314ef2\" data-element_type=\"container\" data-e-type=\"container\" data-settings=\"{&quot;background_background&quot;:&quot;classic&quot;}\">\n\t\t\t\t\t<div class=\"e-con-inner\">\n\t\t\t\t<div class=\"elementor-element elementor-element-da965c6 elementor-widget elementor-widget-heading\" data-id=\"da965c6\" data-element_type=\"widget\" data-e-type=\"widget\" data-widget_type=\"heading.default\">\n\t\t\t\t\t<h2 class=\"elementor-heading-title elementor-size-default\">Lediga jobb<\/h2>\t\t\t\t<\/div>\n\t\t<div class=\"elementor-element elementor-element-a6493de e-flex e-con-boxed e-con e-child\" data-id=\"a6493de\" data-element_type=\"container\" data-e-type=\"container\">\n\t\t\t\t\t<div class=\"e-con-inner\">\n\t\t<div class=\"elementor-element elementor-element-4a9019e e-flex e-con-boxed e-con e-child\" data-id=\"4a9019e\" data-element_type=\"container\" data-e-type=\"container\">\n\t\t\t\t\t<div class=\"e-con-inner\">\n\t\t\t\t\t<\/div>\n\t\t\t\t<\/div>\n\t\t<div class=\"elementor-element elementor-element-843eaa3 e-flex e-con-boxed e-con e-child\" data-id=\"843eaa3\" data-element_type=\"container\" data-e-type=\"container\">\n\t\t\t\t\t<div class=\"e-con-inner\">\n\t\t\t\t\t<\/div>\n\t\t\t\t<\/div>\n\t\t\t\t\t<\/div>\n\t\t\t\t<\/div>\n\t\t<div class=\"elementor-element elementor-element-dc71300 e-flex e-con-boxed e-con e-child\" data-id=\"dc71300\" data-element_type=\"container\" data-e-type=\"container\">\n\t\t\t\t\t<div class=\"e-con-inner\">\n\t\t<div class=\"elementor-element elementor-element-48c5e34 e-con-full e-flex e-con e-child\" data-id=\"48c5e34\" data-element_type=\"container\" data-e-type=\"container\">\n\t\t\t\t<\/div>\n\t\t<div class=\"elementor-element elementor-element-25621ff e-con-full e-flex e-con e-child\" data-id=\"25621ff\" data-element_type=\"container\" data-e-type=\"container\">\n\t\t\t\t<\/div>\n\t\t\t\t\t<\/div>\n\t\t\t\t<\/div>\n\t\t<div class=\"elementor-element elementor-element-2c97f34 e-flex e-con-boxed e-con e-child\" data-id=\"2c97f34\" data-element_type=\"container\" data-e-type=\"container\">\n\t\t\t\t\t<div class=\"e-con-inner\">\n\t\t\t\t<div class=\"elementor-element elementor-element-80a8fc0 elementor-widget elementor-widget-text-editor\" data-id=\"80a8fc0\" data-element_type=\"widget\" data-e-type=\"widget\" data-widget_type=\"text-editor.default\">\n\t\t\t\t\t\t\t\t\t<h3 style=\"font-weight: 400; text-align: center;\"><strong>Just nu s\u00f6ker vi inte aktivt efter nya medarbetare men du \u00e4r alltid v\u00e4lkommen att skicka en spontanans\u00f6kan till oss.<\/strong><\/h3>\t\t\t\t\t\t\t\t<\/div>\n\t\t\t\t<div class=\"elementor-element elementor-element-fdedd6c elementor-hidden-widescreen elementor-hidden-desktop elementor-hidden-laptop elementor-hidden-tablet elementor-hidden-mobile_extra elementor-hidden-mobile elementor-widget elementor-widget-text-editor\" data-id=\"fdedd6c\" data-element_type=\"widget\" data-e-type=\"widget\" data-widget_type=\"text-editor.default\">\n\t\t\t\t\t\t\t\t\t<p style=\"font-weight: 400; text-align: center;\"><strong>Vi s\u00f6ker en ny kollega som \u00e4r i b\u00f6rjan av sin karri\u00e4r och vill h\u00e4nga med p\u00e5 KeyMans fortsatt fantastiska tillv\u00e4xtresa \ud83d\ude80<\/strong><\/p>\t\t\t\t\t\t\t\t<\/div>\n\t\t\t\t<div class=\"elementor-element elementor-element-df083e4 elementor-hidden-widescreen elementor-hidden-desktop elementor-hidden-laptop elementor-hidden-tablet elementor-hidden-mobile_extra elementor-hidden-mobile elementor-widget elementor-widget-text-editor\" data-id=\"df083e4\" data-element_type=\"widget\" data-e-type=\"widget\" data-widget_type=\"text-editor.default\">\n\t\t\t\t\t\t\t\t\t<p style=\"font-weight: 400; text-align: left;\">Vi letar efter en resurs f\u00f6r rollen administrativt s\u00e4ljst\u00f6d\/researcher som kommer att jobba i ett eller flera kundteam.<br \/><br \/>Vi s\u00f6ker dig som har jobbat 1-2 \u00e5r som konsultm\u00e4klare eller annan typ av konsultf\u00f6rmedling, fr\u00e4mst inom IT &amp; Management men \u00e4ven tekniska konsulter och andra kompetenskategorier. Du har koll p\u00e5 grunderna och \u00e4r i b\u00f6rjan av din karri\u00e4r, med ett starkt driv att l\u00e4ra dig mer, utvecklas snabbt och vara med d\u00e4r det h\u00e4nder. Dina ledord \u00e4r f\u00f6rstklassig service och kvalitet. P\u00e5 KeyMan f\u00e5r du m\u00f6jlighet att v\u00e4xa, ta mycket ansvar tidigt och bygga vidare p\u00e5 din erfarenhet i team med h\u00f6gt tempo och mycket energi.<br \/><br \/>D\u00e5 vi \u00e4ven jobbar med kunder inom offentlig sektor \u00e4r erfarenhet av LOU ett stort plus.<br \/><br \/>I korta ordalag gillar du att delta i hela aff\u00e4rsprocessen i form av att hj\u00e4lpa best\u00e4llare att skapa f\u00f6rfr\u00e5gningar, ta in offerter, CV-l\u00e4sning, gallring, konsultintervjuer, presentera kandidater, skriva avtal och annat kul!<br \/><br \/>Du har l\u00e4tt f\u00f6r att skapa kontakt och bygga f\u00f6rtroendefulla relationer &#8211; oavsett om det g\u00e4ller kollegor, kunder eller konsulter. Du \u00e4r en lagspelare som g\u00e4rna st\u00e4ller upp d\u00e4r det beh\u00f6vs och bidrar till en positiv st\u00e4mning i teamet.<br \/><br \/>Du har koll p\u00e5 l\u00e4get, jobbar noggrant med ordning och struktur. Du \u00e4r trygg i dig sj\u00e4lv, lyh\u00f6rd mot andra och n\u00e5gon man verkligen kan lita p\u00e5. Du \u00e4r flexibel och har l\u00e4tt att prioritera om i din arbetsdag vid behov. Du gillar att jobba tillsammans med andra, \u00e4r prestigel\u00f6s och s\u00e4tter alltid laget f\u00f6re jaget.<br \/><br \/><strong>Varf\u00f6r jobba p\u00e5 en av Nordens ledande konsultm\u00e4klare?<\/strong><\/p><p>\u2728 B\u00e4sta kollegorna<br \/>\u2728 Grymt teamwork<br \/>\u2728 V\u00e4lj sj\u00e4lv var du k\u00e4nner dig mest produktiv och f\u00e5 ihop ditt livspussel p\u00e5 b\u00e4sta s\u00e4tt<br \/>\u2728 Ett bolag som \u00e5r efter \u00e5r f\u00e5r toppbetyg i medarbetar-\/konsult- och kundunders\u00f6kningar<br \/>\u2728 Nyt\u00e4nkande &#8211; en organisation som st\u00e4ndigt vill utvecklas och f\u00f6rb\u00e4ttras<br \/>\u2728 Ledarskap som tror p\u00e5 m\u00e4nniskan<br \/>\u2728 Ett bolag d\u00e4r man f\u00e5r utvecklas som person, f\u00e5r en h\u00e4rlig gemenskap, blir sedd och lyssnad p\u00e5 samtidigt som du har v\u00e4ldigt kul p\u00e5 jobbet!<br \/><br \/>=KeyMan -andan \ud83d\ude0d<br \/><br \/>Om ovan beskrivning passar in p\u00e5 dig \u00e4r du varmt v\u00e4lkommen att skicka in din ans\u00f6kan via formul\u00e4ret nedan.<br \/><br \/>#recruiting #team #customersuccess<\/p>\t\t\t\t\t\t\t\t<\/div>\n\t\t\t\t<div class=\"elementor-element elementor-element-5bff088 elementor-align-center elementor-widget elementor-widget-button\" data-id=\"5bff088\" data-element_type=\"widget\" data-e-type=\"widget\" data-widget_type=\"button.default\">\n\t\t\t\t\t\t\t\t\t\t<a class=\"elementor-button elementor-button-link elementor-size-md\" href=\"#register\">\n\t\t\t\t\t\t<span class=\"elementor-button-content-wrapper\">\n\t\t\t\t\t\t\t\t\t<span class=\"elementor-button-text\">V\u00e4lkommen att skicka din ans\u00f6kan<\/span>\n\t\t\t\t\t<\/span>\n\t\t\t\t\t<\/a>\n\t\t\t\t\t\t\t\t<\/div>\n\t\t<div class=\"elementor-element elementor-element-9580237 e-flex e-con-boxed e-con e-child\" data-id=\"9580237\" data-element_type=\"container\" data-e-type=\"container\">\n\t\t\t\t\t<div class=\"e-con-inner\">\n\t\t\t\t\t<\/div>\n\t\t\t\t<\/div>\n\t\t\t\t\t<\/div>\n\t\t\t\t<\/div>\n\t\t\t\t\t<\/div>\n\t\t\t\t<\/div>\n\t\t<div class=\"elementor-element elementor-element-e6c7b1d e-flex e-con-boxed e-con e-parent\" data-id=\"e6c7b1d\" data-element_type=\"container\" data-e-type=\"container\">\n\t\t\t\t\t<div class=\"e-con-inner\">\n\t\t<div class=\"elementor-element elementor-element-1ed52d7 e-con-full e-flex e-con e-child\" data-id=\"1ed52d7\" data-element_type=\"container\" data-e-type=\"container\" id=\"find\" data-settings=\"{&quot;background_background&quot;:&quot;classic&quot;}\">\n\t\t\t\t<div class=\"elementor-element elementor-element-aed099b elementor-widget elementor-widget-menu-anchor\" data-id=\"aed099b\" data-element_type=\"widget\" data-e-type=\"widget\" data-widget_type=\"menu-anchor.default\">\n\t\t\t\t\t\t\t<div class=\"elementor-menu-anchor\" id=\"register\"><\/div>\n\t\t\t\t\t\t<\/div>\n\t\t\t\t<div class=\"elementor-element elementor-element-f1c5961 elementor-widget elementor-widget-heading\" data-id=\"f1c5961\" data-element_type=\"widget\" data-e-type=\"widget\" data-widget_type=\"heading.default\">\n\t\t\t\t\t<h3 class=\"elementor-heading-title elementor-size-default\">Skicka din ans\u00f6kan<\/h3>\t\t\t\t<\/div>\n\t\t\t\t<div class=\"elementor-element elementor-element-6182311 elementor-button-align-center elementor-mobile-button-align-center elementor-widget elementor-widget-form\" data-id=\"6182311\" data-element_type=\"widget\" data-e-type=\"widget\" data-settings=\"{&quot;step_next_label&quot;:&quot;N\\u00e4sta&quot;,&quot;step_previous_label&quot;:&quot;F\\u00f6reg\\u00e5ende&quot;,&quot;button_width&quot;:&quot;100&quot;,&quot;step_type&quot;:&quot;number_text&quot;,&quot;step_icon_shape&quot;:&quot;circle&quot;}\" data-widget_type=\"form.default\">\n\t\t\t\t\t\t\t<form class=\"elementor-form\" method=\"post\" name=\"Spontanansokan\" aria-label=\"Spontanansokan\">\n\t\t\t<input type=\"hidden\" name=\"post_id\" value=\"2002\"\/>\n\t\t\t<input type=\"hidden\" name=\"form_id\" value=\"6182311\"\/>\n\t\t\t<input type=\"hidden\" name=\"referer_title\" value=\"Jobba hos KeyMan - Lediga Tj\u00e4nster\" \/>\n\n\t\t\t\t\t\t\t<input type=\"hidden\" name=\"queried_id\" value=\"2002\"\/>\n\t\t\t\n\t\t\t<div class=\"elementor-form-fields-wrapper elementor-labels-above\">\n\t\t\t\t\t\t\t\t<div class=\"elementor-field-type-text elementor-field-group elementor-column elementor-field-group-name elementor-col-100 elementor-field-required\">\n\t\t\t\t\t\t\t\t\t\t\t\t<label for=\"form-field-name\" class=\"elementor-field-label\">\n\t\t\t\t\t\t\t\tF\u00f6rnamn*\t\t\t\t\t\t\t<\/label>\n\t\t\t\t\t\t\t\t\t\t\t\t\t\t<input size=\"1\" type=\"text\" name=\"form_fields[name]\" id=\"form-field-name\" class=\"elementor-field elementor-size-sm  elementor-field-textual\" required=\"required\">\n\t\t\t\t\t\t\t\t\t\t\t<\/div>\n\t\t\t\t\t\t\t\t<div class=\"elementor-field-type-text elementor-field-group elementor-column elementor-field-group-field_efd53ef elementor-col-100 elementor-field-required\">\n\t\t\t\t\t\t\t\t\t\t\t\t<label for=\"form-field-field_efd53ef\" class=\"elementor-field-label\">\n\t\t\t\t\t\t\t\tEfternamn*\t\t\t\t\t\t\t<\/label>\n\t\t\t\t\t\t\t\t\t\t\t\t\t\t<input size=\"1\" type=\"text\" name=\"form_fields[field_efd53ef]\" id=\"form-field-field_efd53ef\" class=\"elementor-field elementor-size-sm  elementor-field-textual\" required=\"required\">\n\t\t\t\t\t\t\t\t\t\t\t<\/div>\n\t\t\t\t\t\t\t\t<div class=\"elementor-field-type-tel elementor-field-group elementor-column elementor-field-group-telephone elementor-col-100 elementor-field-required\">\n\t\t\t\t\t\t\t\t\t\t\t\t<label for=\"form-field-telephone\" class=\"elementor-field-label\">\n\t\t\t\t\t\t\t\tTelefon*\t\t\t\t\t\t\t<\/label>\n\t\t\t\t\t\t\t\t<input size=\"1\" type=\"tel\" name=\"form_fields[telephone]\" id=\"form-field-telephone\" class=\"elementor-field elementor-size-sm  elementor-field-textual\" required=\"required\" pattern=\"[0-9()#&amp;+*-=.]+\" title=\"Endast siffror och telefontecken (#, -, *, etc) accepteras.\">\n\n\t\t\t\t\t\t<\/div>\n\t\t\t\t\t\t\t\t<div class=\"elementor-field-type-email elementor-field-group elementor-column elementor-field-group-email elementor-col-100 elementor-field-required\">\n\t\t\t\t\t\t\t\t\t\t\t\t<label for=\"form-field-email\" class=\"elementor-field-label\">\n\t\t\t\t\t\t\t\tE-post*\t\t\t\t\t\t\t<\/label>\n\t\t\t\t\t\t\t\t\t\t\t\t\t\t<input size=\"1\" type=\"email\" name=\"form_fields[email]\" id=\"form-field-email\" class=\"elementor-field elementor-size-sm  elementor-field-textual\" required=\"required\">\n\t\t\t\t\t\t\t\t\t\t\t<\/div>\n\t\t\t\t\t\t\t\t<div class=\"elementor-field-type-textarea elementor-field-group elementor-column elementor-field-group-field_11dfc14 elementor-col-100\">\n\t\t\t\t\t\t\t\t\t\t\t\t<label for=\"form-field-field_11dfc14\" class=\"elementor-field-label\">\n\t\t\t\t\t\t\t\tMeddelande \/ om dig\t\t\t\t\t\t\t<\/label>\n\t\t\t\t\t\t<textarea class=\"elementor-field-textual elementor-field  elementor-size-sm\" name=\"form_fields[field_11dfc14]\" id=\"form-field-field_11dfc14\" rows=\"4\"><\/textarea>\t\t\t\t<\/div>\n\t\t\t\t\t\t\t\t<div class=\"elementor-field-type-upload elementor-field-group elementor-column elementor-field-group-field_46b8873 elementor-col-100 elementor-field-required\">\n\t\t\t\t\t\t\t\t\t\t\t\t<label for=\"form-field-field_46b8873\" class=\"elementor-field-label\">\n\t\t\t\t\t\t\t\tBifoga ditt CV* (jpg, pdf, doc, docx)\t\t\t\t\t\t\t<\/label>\n\t\t\t\t\t\t\t\t<input type=\"file\" name=\"form_fields[field_46b8873][]\" id=\"form-field-field_46b8873\" class=\"elementor-field elementor-size-sm  elementor-upload-field\" required=\"required\" multiple=\"multiple\" data-maxsize=\"20\" data-maxsize-message=\"Denna fil \u00f6verskrider den maximala till\u00e5tna storleken.\">\n\n\t\t\t\t\t\t<\/div>\n\t\t\t\t\t\t\t\t<div class=\"elementor-field-type-acceptance elementor-field-group elementor-column elementor-field-group-field_26b7109 elementor-col-66\">\n\t\t\t\t\t\t\t<div class=\"elementor-field-subgroup\">\n\t\t\t<span class=\"elementor-field-option\">\n\t\t\t\t<input type=\"checkbox\" name=\"form_fields[field_26b7109]\" id=\"form-field-field_26b7109\" class=\"elementor-field elementor-size-sm  elementor-acceptance-field\">\n\t\t\t\t<label for=\"form-field-field_26b7109\">Jag accepterar i och med detta att ni i enlighet med GDPR sparar och hanterar min delgivna information till er.<\/label>\t\t\t<\/span>\n\t\t<\/div>\n\t\t\t\t\t\t<\/div>\n\t\t\t\t\t\t\t\t<div class=\"elementor-field-type-recaptcha_v3 elementor-field-group elementor-column elementor-field-group-field_a1dc3d8 elementor-col-100 recaptcha_v3-bottomright\">\n\t\t\t\t\t<div class=\"elementor-field\" id=\"form-field-field_a1dc3d8\"><div class=\"elementor-g-recaptcha\" data-sitekey=\"6LfvOIIjAAAAAKf9637Gg7LO7ee4TWqL-O3jiBLe\" data-type=\"v3\" data-action=\"Form\" data-badge=\"bottomright\" data-size=\"invisible\"><\/div><\/div>\t\t\t\t<\/div>\n\t\t\t\t\t\t\t\t<div class=\"elementor-field-group elementor-column elementor-field-type-submit elementor-col-100 e-form__buttons\">\n\t\t\t\t\t<button class=\"elementor-button elementor-size-md\" type=\"submit\">\n\t\t\t\t\t\t<span class=\"elementor-button-content-wrapper\">\n\t\t\t\t\t\t\t\t\t\t\t\t\t\t\t\t\t\t\t\t\t\t<span class=\"elementor-button-text\">Skicka<\/span>\n\t\t\t\t\t\t\t\t\t\t\t\t\t<\/span>\n\t\t\t\t\t<\/button>\n\t\t\t\t<\/div>\n\t\t\t<\/div>\n\t\t<\/form>\n\t\t\t\t\t\t<\/div>\n\t\t\t\t<\/div>\n\t\t\t\t\t<\/div>\n\t\t\t\t<\/div>\n\t\t\t\t<\/div>\n\t\t","protected":false},"excerpt":{"rendered":"<p>Jobba hos KeyMan Lediga jobb Just nu s\u00f6ker vi inte aktivt efter nya medarbetare men du \u00e4r alltid v\u00e4lkommen att skicka en spontanans\u00f6kan till oss. Vi s\u00f6ker en ny kollega som \u00e4r i b\u00f6rjan av sin karri\u00e4r och vill h\u00e4nga med p\u00e5 KeyMans fortsatt fantastiska tillv\u00e4xtresa \ud83d\ude80 Vi letar efter en resurs f\u00f6r rollen administrativt [&hellip;]<\/p>\n","protected":false},"author":1,"featured_media":0,"parent":0,"menu_order":0,"comment_status":"closed","ping_status":"closed","template":"","meta":{"_acf_changed":false,"footnotes":""},"class_list":["post-2002","page","type-page","status-publish","hentry"],"acf":[],"yoast_head":"<!-- This site is optimized with the Yoast SEO plugin v27.5 - https:\/\/yoast.com\/product\/yoast-seo-wordpress\/ -->\n<title>Jobba hos KeyMan - Lediga Tj\u00e4nster<\/title>\n<meta name=\"description\" content=\"Vi s\u00f6ker talanger som vill vara en del av v\u00e5rt team. Se v\u00e5ra lediga tj\u00e4nster p\u00e5 KeyMan och ans\u00f6k idag!\" \/>\n<meta name=\"robots\" content=\"index, follow, max-snippet:-1, max-image-preview:large, max-video-preview:-1\" \/>\n<link rel=\"canonical\" href=\"https:\/\/www.keyman.se\/sv\/jobba-hos-oss\/\" \/>\n<meta property=\"og:locale\" content=\"sv_SE\" \/>\n<meta property=\"og:type\" content=\"article\" \/>\n<meta property=\"og:title\" content=\"Jobba hos KeyMan - Lediga Tj\u00e4nster\" \/>\n<meta property=\"og:description\" content=\"Vi s\u00f6ker talanger som vill vara en del av v\u00e5rt team. Se v\u00e5ra lediga tj\u00e4nster p\u00e5 KeyMan och ans\u00f6k idag!\" \/>\n<meta property=\"og:url\" content=\"https:\/\/www.keyman.se\/sv\/jobba-hos-oss\/\" \/>\n<meta property=\"og:site_name\" content=\"KeyMan\" \/>\n<meta property=\"article:modified_time\" content=\"2026-04-28T17:45:16+00:00\" \/>\n<meta name=\"twitter:card\" content=\"summary_large_image\" \/>\n<meta name=\"twitter:label1\" content=\"Ber\u00e4knad l\u00e4stid\" \/>\n\t<meta name=\"twitter:data1\" content=\"3 minuter\" \/>\n<script type=\"application\/ld+json\" class=\"yoast-schema-graph\">{\"@context\":\"https:\\\/\\\/schema.org\",\"@graph\":[{\"@type\":\"WebPage\",\"@id\":\"https:\\\/\\\/www.keyman.se\\\/sv\\\/jobba-hos-oss\\\/\",\"url\":\"https:\\\/\\\/www.keyman.se\\\/sv\\\/jobba-hos-oss\\\/\",\"name\":\"Jobba hos KeyMan - Lediga Tj\u00e4nster\",\"isPartOf\":{\"@id\":\"https:\\\/\\\/www.keyman.se\\\/sv\\\/#website\"},\"datePublished\":\"2022-12-13T13:05:38+00:00\",\"dateModified\":\"2026-04-28T17:45:16+00:00\",\"description\":\"Vi s\u00f6ker talanger som vill vara en del av v\u00e5rt team. Se v\u00e5ra lediga tj\u00e4nster p\u00e5 KeyMan och ans\u00f6k idag!\",\"breadcrumb\":{\"@id\":\"https:\\\/\\\/www.keyman.se\\\/sv\\\/jobba-hos-oss\\\/#breadcrumb\"},\"inLanguage\":\"sv-SE\",\"potentialAction\":[{\"@type\":\"ReadAction\",\"target\":[\"https:\\\/\\\/www.keyman.se\\\/sv\\\/jobba-hos-oss\\\/\"]}]},{\"@type\":\"BreadcrumbList\",\"@id\":\"https:\\\/\\\/www.keyman.se\\\/sv\\\/jobba-hos-oss\\\/#breadcrumb\",\"itemListElement\":[{\"@type\":\"ListItem\",\"position\":1,\"name\":\"Home\",\"item\":\"https:\\\/\\\/www.keyman.se\\\/sv\\\/\"},{\"@type\":\"ListItem\",\"position\":2,\"name\":\"Jobba hos oss\"}]},{\"@type\":\"WebSite\",\"@id\":\"https:\\\/\\\/www.keyman.se\\\/sv\\\/#website\",\"url\":\"https:\\\/\\\/www.keyman.se\\\/sv\\\/\",\"name\":\"KeyMan\",\"description\":\"Sannolikt Sveriges b\u00e4sta konsultm\u00e4klare\",\"publisher\":{\"@id\":\"https:\\\/\\\/www.keyman.se\\\/sv\\\/#organization\"},\"potentialAction\":[{\"@type\":\"SearchAction\",\"target\":{\"@type\":\"EntryPoint\",\"urlTemplate\":\"https:\\\/\\\/www.keyman.se\\\/sv\\\/?s={search_term_string}\"},\"query-input\":{\"@type\":\"PropertyValueSpecification\",\"valueRequired\":true,\"valueName\":\"search_term_string\"}}],\"inLanguage\":\"sv-SE\"},{\"@type\":\"Organization\",\"@id\":\"https:\\\/\\\/www.keyman.se\\\/sv\\\/#organization\",\"name\":\"KeyMan\",\"url\":\"https:\\\/\\\/www.keyman.se\\\/sv\\\/\",\"logo\":{\"@type\":\"ImageObject\",\"inLanguage\":\"sv-SE\",\"@id\":\"https:\\\/\\\/www.keyman.se\\\/sv\\\/#\\\/schema\\\/logo\\\/image\\\/\",\"url\":\"https:\\\/\\\/www.keyman.se\\\/sv\\\/wp-content\\\/uploads\\\/2022\\\/12\\\/KeyMan-by-Werkey-dark-logo.svg\",\"contentUrl\":\"https:\\\/\\\/www.keyman.se\\\/sv\\\/wp-content\\\/uploads\\\/2022\\\/12\\\/KeyMan-by-Werkey-dark-logo.svg\",\"width\":201,\"height\":52,\"caption\":\"KeyMan\"},\"image\":{\"@id\":\"https:\\\/\\\/www.keyman.se\\\/sv\\\/#\\\/schema\\\/logo\\\/image\\\/\"}}]}<\/script>\n<!-- \/ Yoast SEO plugin. -->","yoast_head_json":{"title":"Jobba hos KeyMan - Lediga Tj\u00e4nster","description":"Vi s\u00f6ker talanger som vill vara en del av v\u00e5rt team. Se v\u00e5ra lediga tj\u00e4nster p\u00e5 KeyMan och ans\u00f6k idag!","robots":{"index":"index","follow":"follow","max-snippet":"max-snippet:-1","max-image-preview":"max-image-preview:large","max-video-preview":"max-video-preview:-1"},"canonical":"https:\/\/www.keyman.se\/sv\/jobba-hos-oss\/","og_locale":"sv_SE","og_type":"article","og_title":"Jobba hos KeyMan - Lediga Tj\u00e4nster","og_description":"Vi s\u00f6ker talanger som vill vara en del av v\u00e5rt team. Se v\u00e5ra lediga tj\u00e4nster p\u00e5 KeyMan och ans\u00f6k idag!","og_url":"https:\/\/www.keyman.se\/sv\/jobba-hos-oss\/","og_site_name":"KeyMan","article_modified_time":"2026-04-28T17:45:16+00:00","twitter_card":"summary_large_image","twitter_misc":{"Ber\u00e4knad l\u00e4stid":"3 minuter"},"schema":{"@context":"https:\/\/schema.org","@graph":[{"@type":"WebPage","@id":"https:\/\/www.keyman.se\/sv\/jobba-hos-oss\/","url":"https:\/\/www.keyman.se\/sv\/jobba-hos-oss\/","name":"Jobba hos KeyMan - Lediga Tj\u00e4nster","isPartOf":{"@id":"https:\/\/www.keyman.se\/sv\/#website"},"datePublished":"2022-12-13T13:05:38+00:00","dateModified":"2026-04-28T17:45:16+00:00","description":"Vi s\u00f6ker talanger som vill vara en del av v\u00e5rt team. Se v\u00e5ra lediga tj\u00e4nster p\u00e5 KeyMan och ans\u00f6k idag!","breadcrumb":{"@id":"https:\/\/www.keyman.se\/sv\/jobba-hos-oss\/#breadcrumb"},"inLanguage":"sv-SE","potentialAction":[{"@type":"ReadAction","target":["https:\/\/www.keyman.se\/sv\/jobba-hos-oss\/"]}]},{"@type":"BreadcrumbList","@id":"https:\/\/www.keyman.se\/sv\/jobba-hos-oss\/#breadcrumb","itemListElement":[{"@type":"ListItem","position":1,"name":"Home","item":"https:\/\/www.keyman.se\/sv\/"},{"@type":"ListItem","position":2,"name":"Jobba hos oss"}]},{"@type":"WebSite","@id":"https:\/\/www.keyman.se\/sv\/#website","url":"https:\/\/www.keyman.se\/sv\/","name":"KeyMan","description":"Sannolikt Sveriges b\u00e4sta konsultm\u00e4klare","publisher":{"@id":"https:\/\/www.keyman.se\/sv\/#organization"},"potentialAction":[{"@type":"SearchAction","target":{"@type":"EntryPoint","urlTemplate":"https:\/\/www.keyman.se\/sv\/?s={search_term_string}"},"query-input":{"@type":"PropertyValueSpecification","valueRequired":true,"valueName":"search_term_string"}}],"inLanguage":"sv-SE"},{"@type":"Organization","@id":"https:\/\/www.keyman.se\/sv\/#organization","name":"KeyMan","url":"https:\/\/www.keyman.se\/sv\/","logo":{"@type":"ImageObject","inLanguage":"sv-SE","@id":"https:\/\/www.keyman.se\/sv\/#\/schema\/logo\/image\/","url":"https:\/\/www.keyman.se\/sv\/wp-content\/uploads\/2022\/12\/KeyMan-by-Werkey-dark-logo.svg","contentUrl":"https:\/\/www.keyman.se\/sv\/wp-content\/uploads\/2022\/12\/KeyMan-by-Werkey-dark-logo.svg","width":201,"height":52,"caption":"KeyMan"},"image":{"@id":"https:\/\/www.keyman.se\/sv\/#\/schema\/logo\/image\/"}}]}},"_links":{"self":[{"href":"https:\/\/www.keyman.se\/sv\/wp-json\/wp\/v2\/pages\/2002","targetHints":{"allow":["GET"]}}],"collection":[{"href":"https:\/\/www.keyman.se\/sv\/wp-json\/wp\/v2\/pages"}],"about":[{"href":"https:\/\/www.keyman.se\/sv\/wp-json\/wp\/v2\/types\/page"}],"author":[{"embeddable":true,"href":"https:\/\/www.keyman.se\/sv\/wp-json\/wp\/v2\/users\/1"}],"replies":[{"embeddable":true,"href":"https:\/\/www.keyman.se\/sv\/wp-json\/wp\/v2\/comments?post=2002"}],"version-history":[{"count":3,"href":"https:\/\/www.keyman.se\/sv\/wp-json\/wp\/v2\/pages\/2002\/revisions"}],"predecessor-version":[{"id":30051,"href":"https:\/\/www.keyman.se\/sv\/wp-json\/wp\/v2\/pages\/2002\/revisions\/30051"}],"wp:attachment":[{"href":"https:\/\/www.keyman.se\/sv\/wp-json\/wp\/v2\/media?parent=2002"}],"curies":[{"name":"wp","href":"https:\/\/api.w.org\/{rel}","templated":true}]}}