{"id":21864,"date":"2023-10-17T15:26:39","date_gmt":"2023-10-17T13:26:39","guid":{"rendered":"https:\/\/www.keyman.se\/?page_id=21864"},"modified":"2025-11-18T10:57:33","modified_gmt":"2025-11-18T09:57:33","slug":"direktbetalning","status":"publish","type":"page","link":"https:\/\/www.keyman.se\/sv\/direktbetalning\/","title":{"rendered":"Direktbetalning"},"content":{"rendered":"\t\t<div data-elementor-type=\"wp-page\" data-elementor-id=\"21864\" class=\"elementor elementor-21864\" data-elementor-post-type=\"page\">\n\t\t\t\t\t\t<section class=\"elementor-section elementor-top-section elementor-element elementor-element-192ed866 elementor-section-height-min-height elementor-section-boxed elementor-section-height-default elementor-section-items-middle\" data-id=\"192ed866\" data-element_type=\"section\" data-e-type=\"section\" data-settings=\"{&quot;background_background&quot;:&quot;classic&quot;}\">\n\t\t\t\t\t\t<div class=\"elementor-container elementor-column-gap-default\">\n\t\t\t\t\t<div class=\"elementor-column elementor-col-100 elementor-top-column elementor-element elementor-element-28b7565e\" data-id=\"28b7565e\" data-element_type=\"column\" data-e-type=\"column\">\n\t\t\t<div class=\"elementor-widget-wrap elementor-element-populated\">\n\t\t\t\t\t\t<div class=\"elementor-element elementor-element-accb433 elementor-widget elementor-widget-heading\" data-id=\"accb433\" data-element_type=\"widget\" data-e-type=\"widget\" data-widget_type=\"heading.default\">\n\t\t\t\t\t<h2 class=\"elementor-heading-title elementor-size-default\">Direktbetalning<\/h2>\t\t\t\t<\/div>\n\t\t\t\t\t<\/div>\n\t\t<\/div>\n\t\t\t\t\t<\/div>\n\t\t<\/section>\n\t\t\t\t<section class=\"elementor-section elementor-top-section elementor-element elementor-element-2a4ea6e elementor-section-height-min-height elementor-section-items-top elementor-section-boxed elementor-section-height-default\" data-id=\"2a4ea6e\" data-element_type=\"section\" data-e-type=\"section\">\n\t\t\t\t\t\t<div class=\"elementor-container elementor-column-gap-default\">\n\t\t\t\t\t<div class=\"elementor-column elementor-col-100 elementor-top-column elementor-element elementor-element-463195c2\" data-id=\"463195c2\" data-element_type=\"column\" data-e-type=\"column\">\n\t\t\t<div class=\"elementor-widget-wrap elementor-element-populated\">\n\t\t\t\t\t\t<section class=\"elementor-section elementor-inner-section elementor-element elementor-element-1195b53d elementor-section-boxed elementor-section-height-default elementor-section-height-default\" data-id=\"1195b53d\" data-element_type=\"section\" data-e-type=\"section\">\n\t\t\t\t\t\t<div class=\"elementor-container elementor-column-gap-default\">\n\t\t\t\t\t<div class=\"elementor-column elementor-col-100 elementor-inner-column elementor-element elementor-element-122a4e05\" data-id=\"122a4e05\" data-element_type=\"column\" data-e-type=\"column\">\n\t\t\t<div class=\"elementor-widget-wrap elementor-element-populated\">\n\t\t\t\t\t\t<div class=\"elementor-element elementor-element-2120c54 elementor-widget elementor-widget-heading\" data-id=\"2120c54\" data-element_type=\"widget\" data-e-type=\"widget\" data-widget_type=\"heading.default\">\n\t\t\t\t\t<h2 class=\"elementor-heading-title elementor-size-default\">F\u00e5 betalt direkt med Direktbetalning<\/h2>\t\t\t\t<\/div>\n\t\t\t\t<div class=\"elementor-element elementor-element-11ad0b78 elementor-widget-laptop__width-initial elementor-widget elementor-widget-text-editor\" data-id=\"11ad0b78\" data-element_type=\"widget\" data-e-type=\"widget\" data-widget_type=\"text-editor.default\">\n\t\t\t\t\t\t\t\t\t<p style=\"text-align: left;\">Med Direktbetalning f\u00e5r ni betalt f\u00f6r era fakturor direkt ist\u00e4llet f\u00f6r enligt det normala betalningsvillkoret f\u00f6r uppdrag som har utf\u00f6rts via oss hos en av v\u00e5ra kunder.<br \/><br \/><strong>S\u00e5 h\u00e4r fungerar det:<br \/><\/strong>1. Ni skickar fakturaunderlaget till oss<br \/>2. Efter 1-2 dagar f\u00e5r ni betalt vid godk\u00e4nd faktura<br \/><br \/>Processen g\u00e5r snabbt och godk\u00e4nda fakturor betalas ut direkt till f\u00f6retagets konto.<br \/><br \/><em>*Observera att tj\u00e4nsten endast g\u00e4ller f\u00f6r fakturor kopplade till uppdrag som har genomf\u00f6rts via oss hos v\u00e5r kund. <i>F\u00f6r uppdrag p\u00e5 Hitachi via KeyMan s\u00e5 m\u00e5ste faktureringsrutinen enligt uppdragsavtalet fortfarande f\u00f6ljas.<\/i><br \/><\/em><\/p>\t\t\t\t\t\t\t\t<\/div>\n\t\t\t\t\t<\/div>\n\t\t<\/div>\n\t\t\t\t\t<\/div>\n\t\t<\/section>\n\t\t<div class=\"elementor-element elementor-element-d859850 e-con-full e-flex e-con e-parent\" data-id=\"d859850\" data-element_type=\"container\" data-e-type=\"container\" data-settings=\"{&quot;background_background&quot;:&quot;gradient&quot;}\">\n\t\t<div class=\"elementor-element elementor-element-a5493de e-flex e-con-boxed e-con e-child\" data-id=\"a5493de\" data-element_type=\"container\" data-e-type=\"container\">\n\t\t\t\t\t<div class=\"e-con-inner\">\n\t\t<div class=\"elementor-element elementor-element-8258526 e-con-full e-flex e-con e-child\" data-id=\"8258526\" data-element_type=\"container\" data-e-type=\"container\">\n\t\t<div class=\"elementor-element elementor-element-d990f29 e-flex e-con-boxed e-con e-child\" data-id=\"d990f29\" data-element_type=\"container\" data-e-type=\"container\" data-settings=\"{&quot;background_background&quot;:&quot;classic&quot;}\">\n\t\t\t\t\t<div class=\"e-con-inner\">\n\t\t\t\t<div class=\"elementor-element elementor-element-fe84854 elementor-widget elementor-widget-heading\" data-id=\"fe84854\" data-element_type=\"widget\" data-e-type=\"widget\" data-widget_type=\"heading.default\">\n\t\t\t\t\t<h3 class=\"elementor-heading-title elementor-size-default\">-30 dagar<\/h3>\t\t\t\t<\/div>\n\t\t\t\t<div class=\"elementor-element elementor-element-0f07ec5 elementor-widget-mobile__width-initial elementor-widget elementor-widget-text-editor\" data-id=\"0f07ec5\" data-element_type=\"widget\" data-e-type=\"widget\" data-widget_type=\"text-editor.default\">\n\t\t\t\t\t\t\t\t\t<p>Avgift p\u00e5 1.75% av fakturabeloppet<\/p>\t\t\t\t\t\t\t\t<\/div>\n\t\t\t\t\t<\/div>\n\t\t\t\t<\/div>\n\t\t<div class=\"elementor-element elementor-element-e8fe5a3 e-flex e-con-boxed e-con e-child\" data-id=\"e8fe5a3\" data-element_type=\"container\" data-e-type=\"container\" data-settings=\"{&quot;background_background&quot;:&quot;classic&quot;}\">\n\t\t\t\t\t<div class=\"e-con-inner\">\n\t\t\t\t<div class=\"elementor-element elementor-element-fd8a643 elementor-widget elementor-widget-heading\" data-id=\"fd8a643\" data-element_type=\"widget\" data-e-type=\"widget\" data-widget_type=\"heading.default\">\n\t\t\t\t\t<h3 class=\"elementor-heading-title elementor-size-default\">-45 dagar<\/h3>\t\t\t\t<\/div>\n\t\t\t\t<div class=\"elementor-element elementor-element-465cf2a elementor-widget-mobile__width-initial elementor-widget elementor-widget-text-editor\" data-id=\"465cf2a\" data-element_type=\"widget\" data-e-type=\"widget\" data-widget_type=\"text-editor.default\">\n\t\t\t\t\t\t\t\t\t<p>Avgift p\u00e5 1.95% av fakturabeloppet<\/p>\t\t\t\t\t\t\t\t<\/div>\n\t\t\t\t\t<\/div>\n\t\t\t\t<\/div>\n\t\t<div class=\"elementor-element elementor-element-f7f0a89 e-flex e-con-boxed e-con e-child\" data-id=\"f7f0a89\" data-element_type=\"container\" data-e-type=\"container\" data-settings=\"{&quot;background_background&quot;:&quot;classic&quot;}\">\n\t\t\t\t\t<div class=\"e-con-inner\">\n\t\t\t\t<div class=\"elementor-element elementor-element-0447876 elementor-widget elementor-widget-heading\" data-id=\"0447876\" data-element_type=\"widget\" data-e-type=\"widget\" data-widget_type=\"heading.default\">\n\t\t\t\t\t<h3 class=\"elementor-heading-title elementor-size-default\">-60 dagar<\/h3>\t\t\t\t<\/div>\n\t\t\t\t<div class=\"elementor-element elementor-element-92a24ac elementor-widget-mobile__width-initial elementor-widget elementor-widget-text-editor\" data-id=\"92a24ac\" data-element_type=\"widget\" data-e-type=\"widget\" data-widget_type=\"text-editor.default\">\n\t\t\t\t\t\t\t\t\t<p>Avgift p\u00e5 2.25% av fakturabeloppet<\/p>\t\t\t\t\t\t\t\t<\/div>\n\t\t\t\t\t<\/div>\n\t\t\t\t<\/div>\n\t\t\t\t<\/div>\n\t\t\t\t\t<\/div>\n\t\t\t\t<\/div>\n\t\t\t\t<\/div>\n\t\t\t\t\t<\/div>\n\t\t<\/div>\n\t\t\t\t\t<\/div>\n\t\t<\/section>\n\t\t<div class=\"elementor-element elementor-element-24266b98 e-flex e-con-boxed e-con e-parent\" data-id=\"24266b98\" data-element_type=\"container\" data-e-type=\"container\">\n\t\t\t\t\t<div class=\"e-con-inner\">\n\t\t<div class=\"elementor-element elementor-element-7809d9ec e-con-full e-flex e-con e-child\" data-id=\"7809d9ec\" data-element_type=\"container\" data-e-type=\"container\" data-settings=\"{&quot;background_background&quot;:&quot;classic&quot;}\">\n\t\t\t\t<div class=\"elementor-element elementor-element-47b9cc46 elementor-widget elementor-widget-heading\" data-id=\"47b9cc46\" data-element_type=\"widget\" data-e-type=\"widget\" data-widget_type=\"heading.default\">\n\t\t\t\t\t<h3 class=\"elementor-heading-title elementor-size-default\">Direktbetalning<\/h3>\t\t\t\t<\/div>\n\t\t\t\t<div class=\"elementor-element elementor-element-b10aa4f elementor-widget elementor-widget-text-editor\" data-id=\"b10aa4f\" data-element_type=\"widget\" data-e-type=\"widget\" data-widget_type=\"text-editor.default\">\n\t\t\t\t\t\t\t\t\t<p style=\"text-align: center;\"><strong>Fyll i formul\u00e4ret och maila din faktura till <span style=\"color: #008000;\"><a style=\"color: #008000;\" href=\"mailto:ekonomi@keyman.se\">ekonomi@keyman.se<\/a><\/span><\/strong><\/p>\t\t\t\t\t\t\t\t<\/div>\n\t\t\t\t<div class=\"elementor-element elementor-element-e8379c6 elementor-widget elementor-widget-shortcode\" data-id=\"e8379c6\" data-element_type=\"widget\" data-e-type=\"widget\" data-widget_type=\"shortcode.default\">\n\t\t\t\t\t\t\t<div class=\"elementor-shortcode\"><iframe src=\"https:\/\/pages.upsales.com\/1001520u2d2c46d91c7146fa957c4e13bc8043f0-frame\" \t\twidth=\"360\" \t\theight=\"900\" \t\tstyle=\"border:0\"><\/iframe><\/div>\n\t\t\t\t\t\t<\/div>\n\t\t\t\t<div class=\"elementor-element elementor-element-dc2f461 elementor-widget-divider--view-line elementor-widget elementor-widget-divider\" data-id=\"dc2f461\" data-element_type=\"widget\" data-e-type=\"widget\" data-widget_type=\"divider.default\">\n\t\t\t\t\t\t\t<div class=\"elementor-divider\">\n\t\t\t<span class=\"elementor-divider-separator\">\n\t\t\t\t\t\t<\/span>\n\t\t<\/div>\n\t\t\t\t\t\t<\/div>\n\t\t<div class=\"elementor-element elementor-element-c07acc5 e-con-full e-flex e-con e-child\" data-id=\"c07acc5\" data-element_type=\"container\" data-e-type=\"container\" data-settings=\"{&quot;background_background&quot;:&quot;classic&quot;}\">\n\t\t<div class=\"elementor-element elementor-element-5733be2 e-con-full e-flex e-con e-child\" data-id=\"5733be2\" data-element_type=\"container\" data-e-type=\"container\">\n\t\t\t\t<div class=\"elementor-element elementor-element-546e476 elementor-widget elementor-widget-image\" data-id=\"546e476\" data-element_type=\"widget\" data-e-type=\"widget\" data-widget_type=\"image.default\">\n\t\t\t\t\t\t\t\t\t\t\t\t\t\t\t<img fetchpriority=\"high\" decoding=\"async\" width=\"300\" height=\"300\" src=\"https:\/\/www.keyman.se\/sv\/wp-content\/uploads\/2025\/11\/Vala-Jonsdottir.jpg\" class=\"attachment-large size-large wp-image-30355\" alt=\"\" srcset=\"https:\/\/www.keyman.se\/sv\/wp-content\/uploads\/2025\/11\/Vala-Jonsdottir.jpg 300w, https:\/\/www.keyman.se\/sv\/wp-content\/uploads\/2025\/11\/Vala-Jonsdottir-150x150.jpg 150w, https:\/\/www.keyman.se\/sv\/wp-content\/uploads\/2025\/11\/Vala-Jonsdottir-100x100.jpg 100w\" sizes=\"(max-width: 300px) 100vw, 300px\" \/>\t\t\t\t\t\t\t\t\t\t\t\t\t\t\t<\/div>\n\t\t\t\t<\/div>\n\t\t<div class=\"elementor-element elementor-element-f5a8fb3 e-con-full e-flex e-con e-child\" data-id=\"f5a8fb3\" data-element_type=\"container\" data-e-type=\"container\">\n\t\t<div class=\"elementor-element elementor-element-da265b4 e-con-full e-flex e-con e-child\" data-id=\"da265b4\" data-element_type=\"container\" data-e-type=\"container\">\n\t\t\t\t<div class=\"elementor-element elementor-element-48350be elementor-widget elementor-widget-heading\" data-id=\"48350be\" data-element_type=\"widget\" data-e-type=\"widget\" data-widget_type=\"heading.default\">\n\t\t\t\t\t<h2 class=\"elementor-heading-title elementor-size-default\">Direktbetalning<\/h2>\t\t\t\t<\/div>\n\t\t\t\t<div class=\"elementor-element elementor-element-f6fd8ac elementor-widget elementor-widget-heading\" data-id=\"f6fd8ac\" data-element_type=\"widget\" data-e-type=\"widget\" data-widget_type=\"heading.default\">\n\t\t\t\t\t<h2 class=\"elementor-heading-title elementor-size-default\">Vala Jonsdotti<\/h2>\t\t\t\t<\/div>\n\t\t\t\t<\/div>\n\t\t<div class=\"elementor-element elementor-element-b92de5a e-con-full e-flex e-con e-child\" data-id=\"b92de5a\" data-element_type=\"container\" data-e-type=\"container\">\n\t\t\t\t<div class=\"elementor-element elementor-element-699575e elementor-icon-list--layout-traditional elementor-list-item-link-full_width elementor-widget elementor-widget-icon-list\" data-id=\"699575e\" data-element_type=\"widget\" data-e-type=\"widget\" data-widget_type=\"icon-list.default\">\n\t\t\t\t\t\t\t<ul class=\"elementor-icon-list-items\">\n\t\t\t\t\t\t\t<li class=\"elementor-icon-list-item\">\n\t\t\t\t\t\t\t\t\t\t\t<a href=\"mailto:vala.jonsdottir@keyman.se%20\">\n\n\t\t\t\t\t\t\t\t\t\t\t\t<span class=\"elementor-icon-list-icon\">\n\t\t\t\t\t\t\t<svg aria-hidden=\"true\" class=\"e-font-icon-svg e-far-envelope\" viewBox=\"0 0 512 512\" xmlns=\"http:\/\/www.w3.org\/2000\/svg\"><path d=\"M464 64H48C21.49 64 0 85.49 0 112v288c0 26.51 21.49 48 48 48h416c26.51 0 48-21.49 48-48V112c0-26.51-21.49-48-48-48zm0 48v40.805c-22.422 18.259-58.168 46.651-134.587 106.49-16.841 13.247-50.201 45.072-73.413 44.701-23.208.375-56.579-31.459-73.413-44.701C106.18 199.465 70.425 171.067 48 152.805V112h416zM48 400V214.398c22.914 18.251 55.409 43.862 104.938 82.646 21.857 17.205 60.134 55.186 103.062 54.955 42.717.231 80.509-37.199 103.053-54.947 49.528-38.783 82.032-64.401 104.947-82.653V400H48z\"><\/path><\/svg>\t\t\t\t\t\t<\/span>\n\t\t\t\t\t\t\t\t\t\t<span class=\"elementor-icon-list-text\">vala.jonsdottir@keyman.se <\/span>\n\t\t\t\t\t\t\t\t\t\t\t<\/a>\n\t\t\t\t\t\t\t\t\t<\/li>\n\t\t\t\t\t\t\t\t<li class=\"elementor-icon-list-item\">\n\t\t\t\t\t\t\t\t\t\t\t<a href=\"tel:0733550633\">\n\n\t\t\t\t\t\t\t\t\t\t\t\t<span class=\"elementor-icon-list-icon\">\n\t\t\t\t\t\t\t<svg aria-hidden=\"true\" class=\"e-font-icon-svg e-fas-phone-alt\" viewBox=\"0 0 512 512\" xmlns=\"http:\/\/www.w3.org\/2000\/svg\"><path d=\"M497.39 361.8l-112-48a24 24 0 0 0-28 6.9l-49.6 60.6A370.66 370.66 0 0 1 130.6 204.11l60.6-49.6a23.94 23.94 0 0 0 6.9-28l-48-112A24.16 24.16 0 0 0 122.6.61l-104 24A24 24 0 0 0 0 48c0 256.5 207.9 464 464 464a24 24 0 0 0 23.4-18.6l24-104a24.29 24.29 0 0 0-14.01-27.6z\"><\/path><\/svg>\t\t\t\t\t\t<\/span>\n\t\t\t\t\t\t\t\t\t\t<span class=\"elementor-icon-list-text\">073-355 06 33<\/span>\n\t\t\t\t\t\t\t\t\t\t\t<\/a>\n\t\t\t\t\t\t\t\t\t<\/li>\n\t\t\t\t\t\t<\/ul>\n\t\t\t\t\t\t<\/div>\n\t\t\t\t<\/div>\n\t\t\t\t<\/div>\n\t\t\t\t<\/div>\n\t\t\t\t<\/div>\n\t\t\t\t\t<\/div>\n\t\t\t\t<\/div>\n\t\t\t\t<\/div>\n\t\t","protected":false},"excerpt":{"rendered":"<p>Direktbetalning F\u00e5 betalt direkt med Direktbetalning Med Direktbetalning f\u00e5r ni betalt f\u00f6r era fakturor direkt ist\u00e4llet f\u00f6r enligt det normala betalningsvillkoret f\u00f6r uppdrag som har utf\u00f6rts via oss hos en av v\u00e5ra kunder. S\u00e5 h\u00e4r fungerar det:1. Ni skickar fakturaunderlaget till oss2. Efter 1-2 dagar f\u00e5r ni betalt vid godk\u00e4nd faktura Processen g\u00e5r snabbt och [&hellip;]<\/p>\n","protected":false},"author":4,"featured_media":0,"parent":0,"menu_order":0,"comment_status":"closed","ping_status":"closed","template":"","meta":{"_acf_changed":false,"footnotes":""},"class_list":["post-21864","page","type-page","status-publish","hentry"],"acf":[],"yoast_head":"<!-- This site is optimized with the Yoast SEO plugin v27.2 - https:\/\/yoast.com\/product\/yoast-seo-wordpress\/ -->\n<title>Direktbetalning - Keyman<\/title>\n<meta name=\"description\" content=\"L\u00e4r dig mer om konsultpriser och trender p\u00e5 konsultmarknaden med v\u00e5r prisbarometer f\u00f6r konsulter.\" \/>\n<meta name=\"robots\" content=\"index, follow, max-snippet:-1, max-image-preview:large, max-video-preview:-1\" \/>\n<link rel=\"canonical\" href=\"https:\/\/www.keyman.se\/sv\/direktbetalning\/\" \/>\n<meta property=\"og:locale\" content=\"sv_SE\" \/>\n<meta property=\"og:type\" content=\"article\" \/>\n<meta property=\"og:title\" content=\"Direktbetalning - Keyman\" \/>\n<meta property=\"og:description\" content=\"L\u00e4r dig mer om konsultpriser och trender p\u00e5 konsultmarknaden med v\u00e5r prisbarometer f\u00f6r konsulter.\" \/>\n<meta property=\"og:url\" content=\"https:\/\/www.keyman.se\/sv\/direktbetalning\/\" \/>\n<meta property=\"og:site_name\" content=\"KeyMan\" \/>\n<meta property=\"article:modified_time\" content=\"2025-11-18T09:57:33+00:00\" \/>\n<meta property=\"og:image\" content=\"https:\/\/www.keyman.se\/sv\/wp-content\/uploads\/2025\/11\/Vala-Jonsdottir.jpg\" \/>\n\t<meta property=\"og:image:width\" content=\"300\" \/>\n\t<meta property=\"og:image:height\" content=\"300\" \/>\n\t<meta property=\"og:image:type\" content=\"image\/jpeg\" \/>\n<meta name=\"twitter:card\" content=\"summary_large_image\" \/>\n<meta name=\"twitter:label1\" content=\"Ber\u00e4knad l\u00e4stid\" \/>\n\t<meta name=\"twitter:data1\" content=\"1 minut\" \/>\n<script type=\"application\/ld+json\" class=\"yoast-schema-graph\">{\"@context\":\"https:\/\/schema.org\",\"@graph\":[{\"@type\":\"WebPage\",\"@id\":\"https:\/\/www.keyman.se\/sv\/direktbetalning\/\",\"url\":\"https:\/\/www.keyman.se\/sv\/direktbetalning\/\",\"name\":\"Direktbetalning - Keyman\",\"isPartOf\":{\"@id\":\"https:\/\/www.keyman.se\/sv\/#website\"},\"primaryImageOfPage\":{\"@id\":\"https:\/\/www.keyman.se\/sv\/direktbetalning\/#primaryimage\"},\"image\":{\"@id\":\"https:\/\/www.keyman.se\/sv\/direktbetalning\/#primaryimage\"},\"thumbnailUrl\":\"https:\/\/www.keyman.se\/sv\/wp-content\/uploads\/2025\/11\/Vala-Jonsdottir.jpg\",\"datePublished\":\"2023-10-17T13:26:39+00:00\",\"dateModified\":\"2025-11-18T09:57:33+00:00\",\"description\":\"L\u00e4r dig mer om konsultpriser och trender p\u00e5 konsultmarknaden med v\u00e5r prisbarometer f\u00f6r konsulter.\",\"breadcrumb\":{\"@id\":\"https:\/\/www.keyman.se\/sv\/direktbetalning\/#breadcrumb\"},\"inLanguage\":\"sv-SE\",\"potentialAction\":[{\"@type\":\"ReadAction\",\"target\":[\"https:\/\/www.keyman.se\/sv\/direktbetalning\/\"]}]},{\"@type\":\"ImageObject\",\"inLanguage\":\"sv-SE\",\"@id\":\"https:\/\/www.keyman.se\/sv\/direktbetalning\/#primaryimage\",\"url\":\"https:\/\/www.keyman.se\/sv\/wp-content\/uploads\/2025\/11\/Vala-Jonsdottir.jpg\",\"contentUrl\":\"https:\/\/www.keyman.se\/sv\/wp-content\/uploads\/2025\/11\/Vala-Jonsdottir.jpg\",\"width\":300,\"height\":300},{\"@type\":\"BreadcrumbList\",\"@id\":\"https:\/\/www.keyman.se\/sv\/direktbetalning\/#breadcrumb\",\"itemListElement\":[{\"@type\":\"ListItem\",\"position\":1,\"name\":\"Home\",\"item\":\"https:\/\/www.keyman.se\/sv\/\"},{\"@type\":\"ListItem\",\"position\":2,\"name\":\"Direktbetalning\"}]},{\"@type\":\"WebSite\",\"@id\":\"https:\/\/www.keyman.se\/sv\/#website\",\"url\":\"https:\/\/www.keyman.se\/sv\/\",\"name\":\"KeyMan\",\"description\":\"Sannolikt Sveriges b\u00e4sta konsultm\u00e4klare\",\"publisher\":{\"@id\":\"https:\/\/www.keyman.se\/sv\/#organization\"},\"potentialAction\":[{\"@type\":\"SearchAction\",\"target\":{\"@type\":\"EntryPoint\",\"urlTemplate\":\"https:\/\/www.keyman.se\/sv\/?s={search_term_string}\"},\"query-input\":{\"@type\":\"PropertyValueSpecification\",\"valueRequired\":true,\"valueName\":\"search_term_string\"}}],\"inLanguage\":\"sv-SE\"},{\"@type\":\"Organization\",\"@id\":\"https:\/\/www.keyman.se\/sv\/#organization\",\"name\":\"KeyMan\",\"url\":\"https:\/\/www.keyman.se\/sv\/\",\"logo\":{\"@type\":\"ImageObject\",\"inLanguage\":\"sv-SE\",\"@id\":\"https:\/\/www.keyman.se\/sv\/#\/schema\/logo\/image\/\",\"url\":\"https:\/\/www.keyman.se\/sv\/wp-content\/uploads\/2022\/12\/KeyMan-by-Werkey-dark-logo.svg\",\"contentUrl\":\"https:\/\/www.keyman.se\/sv\/wp-content\/uploads\/2022\/12\/KeyMan-by-Werkey-dark-logo.svg\",\"width\":201,\"height\":52,\"caption\":\"KeyMan\"},\"image\":{\"@id\":\"https:\/\/www.keyman.se\/sv\/#\/schema\/logo\/image\/\"}}]}<\/script>\n<!-- \/ Yoast SEO plugin. -->","yoast_head_json":{"title":"Direktbetalning - Keyman","description":"L\u00e4r dig mer om konsultpriser och trender p\u00e5 konsultmarknaden med v\u00e5r prisbarometer f\u00f6r konsulter.","robots":{"index":"index","follow":"follow","max-snippet":"max-snippet:-1","max-image-preview":"max-image-preview:large","max-video-preview":"max-video-preview:-1"},"canonical":"https:\/\/www.keyman.se\/sv\/direktbetalning\/","og_locale":"sv_SE","og_type":"article","og_title":"Direktbetalning - Keyman","og_description":"L\u00e4r dig mer om konsultpriser och trender p\u00e5 konsultmarknaden med v\u00e5r prisbarometer f\u00f6r konsulter.","og_url":"https:\/\/www.keyman.se\/sv\/direktbetalning\/","og_site_name":"KeyMan","article_modified_time":"2025-11-18T09:57:33+00:00","og_image":[{"width":300,"height":300,"url":"https:\/\/www.keyman.se\/sv\/wp-content\/uploads\/2025\/11\/Vala-Jonsdottir.jpg","type":"image\/jpeg"}],"twitter_card":"summary_large_image","twitter_misc":{"Ber\u00e4knad l\u00e4stid":"1 minut"},"schema":{"@context":"https:\/\/schema.org","@graph":[{"@type":"WebPage","@id":"https:\/\/www.keyman.se\/sv\/direktbetalning\/","url":"https:\/\/www.keyman.se\/sv\/direktbetalning\/","name":"Direktbetalning - Keyman","isPartOf":{"@id":"https:\/\/www.keyman.se\/sv\/#website"},"primaryImageOfPage":{"@id":"https:\/\/www.keyman.se\/sv\/direktbetalning\/#primaryimage"},"image":{"@id":"https:\/\/www.keyman.se\/sv\/direktbetalning\/#primaryimage"},"thumbnailUrl":"https:\/\/www.keyman.se\/sv\/wp-content\/uploads\/2025\/11\/Vala-Jonsdottir.jpg","datePublished":"2023-10-17T13:26:39+00:00","dateModified":"2025-11-18T09:57:33+00:00","description":"L\u00e4r dig mer om konsultpriser och trender p\u00e5 konsultmarknaden med v\u00e5r prisbarometer f\u00f6r konsulter.","breadcrumb":{"@id":"https:\/\/www.keyman.se\/sv\/direktbetalning\/#breadcrumb"},"inLanguage":"sv-SE","potentialAction":[{"@type":"ReadAction","target":["https:\/\/www.keyman.se\/sv\/direktbetalning\/"]}]},{"@type":"ImageObject","inLanguage":"sv-SE","@id":"https:\/\/www.keyman.se\/sv\/direktbetalning\/#primaryimage","url":"https:\/\/www.keyman.se\/sv\/wp-content\/uploads\/2025\/11\/Vala-Jonsdottir.jpg","contentUrl":"https:\/\/www.keyman.se\/sv\/wp-content\/uploads\/2025\/11\/Vala-Jonsdottir.jpg","width":300,"height":300},{"@type":"BreadcrumbList","@id":"https:\/\/www.keyman.se\/sv\/direktbetalning\/#breadcrumb","itemListElement":[{"@type":"ListItem","position":1,"name":"Home","item":"https:\/\/www.keyman.se\/sv\/"},{"@type":"ListItem","position":2,"name":"Direktbetalning"}]},{"@type":"WebSite","@id":"https:\/\/www.keyman.se\/sv\/#website","url":"https:\/\/www.keyman.se\/sv\/","name":"KeyMan","description":"Sannolikt Sveriges b\u00e4sta konsultm\u00e4klare","publisher":{"@id":"https:\/\/www.keyman.se\/sv\/#organization"},"potentialAction":[{"@type":"SearchAction","target":{"@type":"EntryPoint","urlTemplate":"https:\/\/www.keyman.se\/sv\/?s={search_term_string}"},"query-input":{"@type":"PropertyValueSpecification","valueRequired":true,"valueName":"search_term_string"}}],"inLanguage":"sv-SE"},{"@type":"Organization","@id":"https:\/\/www.keyman.se\/sv\/#organization","name":"KeyMan","url":"https:\/\/www.keyman.se\/sv\/","logo":{"@type":"ImageObject","inLanguage":"sv-SE","@id":"https:\/\/www.keyman.se\/sv\/#\/schema\/logo\/image\/","url":"https:\/\/www.keyman.se\/sv\/wp-content\/uploads\/2022\/12\/KeyMan-by-Werkey-dark-logo.svg","contentUrl":"https:\/\/www.keyman.se\/sv\/wp-content\/uploads\/2022\/12\/KeyMan-by-Werkey-dark-logo.svg","width":201,"height":52,"caption":"KeyMan"},"image":{"@id":"https:\/\/www.keyman.se\/sv\/#\/schema\/logo\/image\/"}}]}},"_links":{"self":[{"href":"https:\/\/www.keyman.se\/sv\/wp-json\/wp\/v2\/pages\/21864","targetHints":{"allow":["GET"]}}],"collection":[{"href":"https:\/\/www.keyman.se\/sv\/wp-json\/wp\/v2\/pages"}],"about":[{"href":"https:\/\/www.keyman.se\/sv\/wp-json\/wp\/v2\/types\/page"}],"author":[{"embeddable":true,"href":"https:\/\/www.keyman.se\/sv\/wp-json\/wp\/v2\/users\/4"}],"replies":[{"embeddable":true,"href":"https:\/\/www.keyman.se\/sv\/wp-json\/wp\/v2\/comments?post=21864"}],"version-history":[{"count":15,"href":"https:\/\/www.keyman.se\/sv\/wp-json\/wp\/v2\/pages\/21864\/revisions"}],"predecessor-version":[{"id":30366,"href":"https:\/\/www.keyman.se\/sv\/wp-json\/wp\/v2\/pages\/21864\/revisions\/30366"}],"wp:attachment":[{"href":"https:\/\/www.keyman.se\/sv\/wp-json\/wp\/v2\/media?parent=21864"}],"curies":[{"name":"wp","href":"https:\/\/api.w.org\/{rel}","templated":true}]}}