{"id":29443,"date":"2025-10-12T22:38:53","date_gmt":"2025-10-12T20:38:53","guid":{"rendered":"https:\/\/keyman-lansering.bizprew.se\/?page_id=29443"},"modified":"2025-10-13T10:38:40","modified_gmt":"2025-10-13T08:38:40","slug":"interimschefer-interim-cfo","status":"publish","type":"page","link":"https:\/\/www.keyman.se\/sv\/interimschefer-interim-cfo\/","title":{"rendered":"Interim CFO \u2013 finansiell styrning och kontroll i f\u00f6r\u00e4ndring"},"content":{"rendered":"\t\t<div data-elementor-type=\"wp-page\" data-elementor-id=\"29443\" class=\"elementor elementor-29443\" data-elementor-post-type=\"page\">\n\t\t\t\t<div class=\"elementor-element elementor-element-449b138c e-flex e-con-boxed e-con e-parent\" data-id=\"449b138c\" data-element_type=\"container\" data-e-type=\"container\" data-settings=\"{&quot;background_background&quot;:&quot;classic&quot;}\">\n\t\t\t\t\t<div class=\"e-con-inner\">\n\t\t<div class=\"elementor-element elementor-element-2af07927 e-con-full e-flex e-con e-child\" data-id=\"2af07927\" data-element_type=\"container\" data-e-type=\"container\">\n\t\t\t\t<\/div>\n\t\t\t\t\t<\/div>\n\t\t\t\t<\/div>\n\t\t<div class=\"elementor-element elementor-element-688c6590 e-flex e-con-boxed e-con e-parent\" data-id=\"688c6590\" data-element_type=\"container\" data-e-type=\"container\" data-settings=\"{&quot;background_background&quot;:&quot;classic&quot;}\">\n\t\t\t\t\t<div class=\"e-con-inner\">\n\t\t<div class=\"elementor-element elementor-element-26b126a0 e-con-full e-flex e-con e-child\" data-id=\"26b126a0\" data-element_type=\"container\" data-e-type=\"container\">\n\t\t<div class=\"elementor-element elementor-element-6f1a0e71 e-con-full e-flex e-con e-child\" data-id=\"6f1a0e71\" data-element_type=\"container\" data-e-type=\"container\">\n\t\t\t\t<div class=\"elementor-element elementor-element-4201131b elementor-widget elementor-widget-heading\" data-id=\"4201131b\" data-element_type=\"widget\" data-e-type=\"widget\" data-widget_type=\"heading.default\">\n\t\t\t\t\t<h1 class=\"elementor-heading-title elementor-size-default\">Interim CFO<\/h1>\t\t\t\t<\/div>\n\t\t\t\t<div class=\"elementor-element elementor-element-e7d86db elementor-widget elementor-widget-text-editor\" data-id=\"e7d86db\" data-element_type=\"widget\" data-e-type=\"widget\" data-widget_type=\"text-editor.default\">\n\t\t\t\t\t\t\t\t\t<p>En interim CFO \u00e4r en tillf\u00e4llig ekonomichef som kan leda f\u00f6r\u00e4ndringsprocesser, f\u00f6retagsf\u00f6rv\u00e4rv, rekonstruktioner eller t\u00e4cka en kritisk vakans n\u00e4r organisationen beh\u00f6ver r\u00e4tt kompetens och ledarskap. Med erfarenhet av att snabbt s\u00e4tta sig in i nya sammanhang kan en interim CFO omedelbart ta sig an uppdraget och bidra med stabilitet, strategiskt t\u00e4nkande och ett l\u00f6sningsorienterat arbetss\u00e4tt.\u2028<\/p>\t\t\t\t\t\t\t\t<\/div>\n\t\t\t\t<div class=\"elementor-element elementor-element-4eeabe83 elementor-widget elementor-widget-text-editor\" data-id=\"4eeabe83\" data-element_type=\"widget\" data-e-type=\"widget\" data-widget_type=\"text-editor.default\">\n\t\t\t\t\t\t\t\t\t<p>N\u00e4r en verksamhet st\u00e5r inf\u00f6r en omst\u00e4llning eller saknar n\u00f6dv\u00e4ndig kompetens internt kan en interim CFO vara en effektiv och trygg l\u00f6sning. Oavsett om det g\u00e4ller en turnaround, integration, implementering av ett nytt aff\u00e4rssystem, f\u00f6rv\u00e4rv eller avyttring, kan en interim CFO driva projektet fram\u00e5t med engagemang och fokus p\u00e5 h\u00e5llbara resultat.<br \/><br \/>Vid pl\u00f6tsliga vakanser s\u00e4kerst\u00e4ller en interim CFO att ekonomifunktionen forts\u00e4tter att fungera utan avbrott samtidigt som processer och strukturer utvecklas och f\u00f6rb\u00e4ttras. Med sin strategiska insikt och operativa erfarenhet skapar en interim CFO inte bara kontinuitet utan ocks\u00e5 l\u00e5ngsiktig aff\u00e4rsnytta.<\/p>\t\t\t\t\t\t\t\t<\/div>\n\t\t\t\t<div class=\"elementor-element elementor-element-115c1043 elementor-mobile-align-justify elementor-widget-mobile__width-inherit elementor-align-center elementor-widget elementor-widget-button\" data-id=\"115c1043\" data-element_type=\"widget\" data-e-type=\"widget\" data-widget_type=\"button.default\">\n\t\t\t\t\t\t\t\t\t\t<a class=\"elementor-button elementor-button-link elementor-size-sm\" href=\"#formular\">\n\t\t\t\t\t\t<span class=\"elementor-button-content-wrapper\">\n\t\t\t\t\t\t\t\t\t<span class=\"elementor-button-text\">Skicka din f\u00f6rfr\u00e5gan<\/span>\n\t\t\t\t\t<\/span>\n\t\t\t\t\t<\/a>\n\t\t\t\t\t\t\t\t<\/div>\n\t\t\t\t<\/div>\n\t\t\t\t<\/div>\n\t\t<div class=\"elementor-element elementor-element-113ce3b4 e-con-full e-flex e-con e-child\" data-id=\"113ce3b4\" data-element_type=\"container\" data-e-type=\"container\">\n\t\t\t\t<div class=\"elementor-element elementor-element-4bdfc8e5 elementor-widget-divider--view-line elementor-widget elementor-widget-divider\" data-id=\"4bdfc8e5\" data-element_type=\"widget\" data-e-type=\"widget\" data-widget_type=\"divider.default\">\n\t\t\t\t\t\t\t<div class=\"elementor-divider\">\n\t\t\t<span class=\"elementor-divider-separator\">\n\t\t\t\t\t\t<\/span>\n\t\t<\/div>\n\t\t\t\t\t\t<\/div>\n\t\t\t\t<div class=\"elementor-element elementor-element-3f7822f elementor-widget elementor-widget-menu-anchor\" data-id=\"3f7822f\" data-element_type=\"widget\" data-e-type=\"widget\" data-widget_type=\"menu-anchor.default\">\n\t\t\t\t\t\t\t<div class=\"elementor-menu-anchor\" id=\"formular\"><\/div>\n\t\t\t\t\t\t<\/div>\n\t\t\t\t<\/div>\n\t\t<div class=\"elementor-element elementor-element-63b237fe e-con-full e-flex e-con e-child\" data-id=\"63b237fe\" data-element_type=\"container\" data-e-type=\"container\">\n\t\t<div class=\"elementor-element elementor-element-41a6be56 e-con-full e-flex e-con e-child\" data-id=\"41a6be56\" data-element_type=\"container\" data-e-type=\"container\">\n\t\t<div class=\"elementor-element elementor-element-27fbbe9 e-con-full e-flex e-con e-child\" data-id=\"27fbbe9\" data-element_type=\"container\" data-e-type=\"container\">\n\t\t\t\t<div class=\"elementor-element elementor-element-34b33786 elementor-widget elementor-widget-heading\" data-id=\"34b33786\" data-element_type=\"widget\" data-e-type=\"widget\" data-widget_type=\"heading.default\">\n\t\t\t\t\t<h2 class=\"elementor-heading-title elementor-size-default\">Skicka ett meddelande<\/h2>\t\t\t\t<\/div>\n\t\t\t\t<div class=\"elementor-element elementor-element-7b2e9d2a elementor-widget elementor-widget-text-editor\" data-id=\"7b2e9d2a\" data-element_type=\"widget\" data-e-type=\"widget\" data-widget_type=\"text-editor.default\">\n\t\t\t\t\t\t\t\t\t<p>KeyMan hj\u00e4lper f\u00f6retag att matcha r\u00e4tt interimschef med r\u00e4tt uppdrag via ett n\u00e4tverk med \u00f6ver 100.000 specialister. Fr\u00e5n kravprofil till leverans och uppf\u00f6ljning.<\/p>\t\t\t\t\t\t\t\t<\/div>\n\t\t\t\t<div class=\"elementor-element elementor-element-ffd7c87 elementor-hidden-mobile elementor-hidden-mobile_extra elementor-view-default elementor-widget elementor-widget-icon\" data-id=\"ffd7c87\" data-element_type=\"widget\" data-e-type=\"widget\" data-widget_type=\"icon.default\">\n\t\t\t\t\t\t\t<div class=\"elementor-icon-wrapper\">\n\t\t\t<div class=\"elementor-icon\">\n\t\t\t<svg xmlns=\"http:\/\/www.w3.org\/2000\/svg\" width=\"27\" height=\"23\" viewBox=\"0 0 27 23\" fill=\"none\"><g clip-path=\"url(#clip0_35_1287)\"><path d=\"M23.0918 11.7168L1.23465 11.7168\" stroke=\"#049D5C\" stroke-width=\"3\" stroke-miterlimit=\"10\" stroke-linecap=\"round\"><\/path><path d=\"M14.5206 1.73584L23.9492 11.6461L14.7986 21.2641\" stroke=\"#049D5C\" stroke-width=\"3\" stroke-miterlimit=\"10\" stroke-linecap=\"round\"><\/path><\/g><defs><clipPath id=\"clip0_35_1287\"><rect width=\"23\" height=\"27\" fill=\"white\" transform=\"translate(27) rotate(90)\"><\/rect><\/clipPath><\/defs><\/svg>\t\t\t<\/div>\n\t\t<\/div>\n\t\t\t\t\t\t<\/div>\n\t\t\t\t<\/div>\n\t\t<div class=\"elementor-element elementor-element-76e87f18 e-con-full e-flex e-con e-child\" data-id=\"76e87f18\" data-element_type=\"container\" data-e-type=\"container\" data-settings=\"{&quot;background_background&quot;:&quot;classic&quot;}\">\n\t\t\t\t<div class=\"elementor-element elementor-element-1a062a6b elementor-widget elementor-widget-html\" data-id=\"1a062a6b\" data-element_type=\"widget\" data-e-type=\"widget\" data-widget_type=\"html.default\">\n\t\t\t\t\t<iframe src=\"https:\/\/pages.upsales.com\/1001520uca4f4863ee944e9a9c05e42cb4110017-frame\" \t\twidth=\"360\" \t\theight=\"1000\" \t\tstyle=\"border:0\"><\/iframe>\t\t\t\t<\/div>\n\t\t\t\t<\/div>\n\t\t\t\t<\/div>\n\t\t\t\t<\/div>\n\t\t\t\t\t<\/div>\n\t\t\t\t<\/div>\n\t\t\t\t<\/div>\n\t\t","protected":false},"excerpt":{"rendered":"<p>Interim CFO En interim CFO \u00e4r en tillf\u00e4llig ekonomichef som kan leda f\u00f6r\u00e4ndringsprocesser, f\u00f6retagsf\u00f6rv\u00e4rv, rekonstruktioner eller t\u00e4cka en kritisk vakans n\u00e4r organisationen beh\u00f6ver r\u00e4tt kompetens och ledarskap. Med erfarenhet av att snabbt s\u00e4tta sig in i nya sammanhang kan en interim CFO omedelbart ta sig an uppdraget och bidra med stabilitet, strategiskt t\u00e4nkande och ett [&hellip;]<\/p>\n","protected":false},"author":10,"featured_media":0,"parent":0,"menu_order":0,"comment_status":"closed","ping_status":"closed","template":"","meta":{"_acf_changed":false,"footnotes":""},"class_list":["post-29443","page","type-page","status-publish","hentry"],"acf":[],"yoast_head":"<!-- This site is optimized with the Yoast SEO plugin v27.5 - https:\/\/yoast.com\/product\/yoast-seo-wordpress\/ -->\n<title>Interim CFO \u2013 finansiell styrning och kontroll i f\u00f6r\u00e4ndring - KeyMan<\/title>\n<meta name=\"description\" content=\"En interim CFO skapar stabilitet och kontroll i ekonomifunktionen. Vi matchar er med erfarna ledare som driver finansiell styrning och f\u00f6r\u00e4ndring.\" \/>\n<meta name=\"robots\" content=\"index, follow, max-snippet:-1, max-image-preview:large, max-video-preview:-1\" \/>\n<link rel=\"canonical\" href=\"https:\/\/www.keyman.se\/sv\/interimschefer-interim-cfo\/\" \/>\n<meta property=\"og:locale\" content=\"sv_SE\" \/>\n<meta property=\"og:type\" content=\"article\" \/>\n<meta property=\"og:title\" content=\"Interim CFO \u2013 finansiell styrning och kontroll i f\u00f6r\u00e4ndring - KeyMan\" \/>\n<meta property=\"og:description\" content=\"En interim CFO skapar stabilitet och kontroll i ekonomifunktionen. Vi matchar er med erfarna ledare som driver finansiell styrning och f\u00f6r\u00e4ndring.\" \/>\n<meta property=\"og:url\" content=\"https:\/\/www.keyman.se\/sv\/interimschefer-interim-cfo\/\" \/>\n<meta property=\"og:site_name\" content=\"KeyMan\" \/>\n<meta property=\"article:modified_time\" content=\"2025-10-13T08:38:40+00:00\" \/>\n<meta name=\"twitter:card\" content=\"summary_large_image\" \/>\n<meta name=\"twitter:label1\" content=\"Ber\u00e4knad l\u00e4stid\" \/>\n\t<meta name=\"twitter:data1\" content=\"1 minut\" \/>\n<script type=\"application\/ld+json\" class=\"yoast-schema-graph\">{\"@context\":\"https:\\\/\\\/schema.org\",\"@graph\":[{\"@type\":\"WebPage\",\"@id\":\"https:\\\/\\\/www.keyman.se\\\/sv\\\/interimschefer-interim-cfo\\\/\",\"url\":\"https:\\\/\\\/www.keyman.se\\\/sv\\\/interimschefer-interim-cfo\\\/\",\"name\":\"Interim CFO \u2013 finansiell styrning och kontroll i f\u00f6r\u00e4ndring - KeyMan\",\"isPartOf\":{\"@id\":\"https:\\\/\\\/www.keyman.se\\\/sv\\\/#website\"},\"datePublished\":\"2025-10-12T20:38:53+00:00\",\"dateModified\":\"2025-10-13T08:38:40+00:00\",\"description\":\"En interim CFO skapar stabilitet och kontroll i ekonomifunktionen. Vi matchar er med erfarna ledare som driver finansiell styrning och f\u00f6r\u00e4ndring.\",\"breadcrumb\":{\"@id\":\"https:\\\/\\\/www.keyman.se\\\/sv\\\/interimschefer-interim-cfo\\\/#breadcrumb\"},\"inLanguage\":\"sv-SE\",\"potentialAction\":[{\"@type\":\"ReadAction\",\"target\":[\"https:\\\/\\\/www.keyman.se\\\/sv\\\/interimschefer-interim-cfo\\\/\"]}]},{\"@type\":\"BreadcrumbList\",\"@id\":\"https:\\\/\\\/www.keyman.se\\\/sv\\\/interimschefer-interim-cfo\\\/#breadcrumb\",\"itemListElement\":[{\"@type\":\"ListItem\",\"position\":1,\"name\":\"Home\",\"item\":\"https:\\\/\\\/www.keyman.se\\\/sv\\\/\"},{\"@type\":\"ListItem\",\"position\":2,\"name\":\"Interim CFO \u2013 finansiell styrning och kontroll i f\u00f6r\u00e4ndring\"}]},{\"@type\":\"WebSite\",\"@id\":\"https:\\\/\\\/www.keyman.se\\\/sv\\\/#website\",\"url\":\"https:\\\/\\\/www.keyman.se\\\/sv\\\/\",\"name\":\"KeyMan\",\"description\":\"Sannolikt Sveriges b\u00e4sta konsultm\u00e4klare\",\"publisher\":{\"@id\":\"https:\\\/\\\/www.keyman.se\\\/sv\\\/#organization\"},\"potentialAction\":[{\"@type\":\"SearchAction\",\"target\":{\"@type\":\"EntryPoint\",\"urlTemplate\":\"https:\\\/\\\/www.keyman.se\\\/sv\\\/?s={search_term_string}\"},\"query-input\":{\"@type\":\"PropertyValueSpecification\",\"valueRequired\":true,\"valueName\":\"search_term_string\"}}],\"inLanguage\":\"sv-SE\"},{\"@type\":\"Organization\",\"@id\":\"https:\\\/\\\/www.keyman.se\\\/sv\\\/#organization\",\"name\":\"KeyMan\",\"url\":\"https:\\\/\\\/www.keyman.se\\\/sv\\\/\",\"logo\":{\"@type\":\"ImageObject\",\"inLanguage\":\"sv-SE\",\"@id\":\"https:\\\/\\\/www.keyman.se\\\/sv\\\/#\\\/schema\\\/logo\\\/image\\\/\",\"url\":\"https:\\\/\\\/www.keyman.se\\\/sv\\\/wp-content\\\/uploads\\\/2022\\\/12\\\/KeyMan-by-Werkey-dark-logo.svg\",\"contentUrl\":\"https:\\\/\\\/www.keyman.se\\\/sv\\\/wp-content\\\/uploads\\\/2022\\\/12\\\/KeyMan-by-Werkey-dark-logo.svg\",\"width\":201,\"height\":52,\"caption\":\"KeyMan\"},\"image\":{\"@id\":\"https:\\\/\\\/www.keyman.se\\\/sv\\\/#\\\/schema\\\/logo\\\/image\\\/\"}}]}<\/script>\n<!-- \/ Yoast SEO plugin. -->","yoast_head_json":{"title":"Interim CFO \u2013 finansiell styrning och kontroll i f\u00f6r\u00e4ndring - KeyMan","description":"En interim CFO skapar stabilitet och kontroll i ekonomifunktionen. Vi matchar er med erfarna ledare som driver finansiell styrning och f\u00f6r\u00e4ndring.","robots":{"index":"index","follow":"follow","max-snippet":"max-snippet:-1","max-image-preview":"max-image-preview:large","max-video-preview":"max-video-preview:-1"},"canonical":"https:\/\/www.keyman.se\/sv\/interimschefer-interim-cfo\/","og_locale":"sv_SE","og_type":"article","og_title":"Interim CFO \u2013 finansiell styrning och kontroll i f\u00f6r\u00e4ndring - KeyMan","og_description":"En interim CFO skapar stabilitet och kontroll i ekonomifunktionen. Vi matchar er med erfarna ledare som driver finansiell styrning och f\u00f6r\u00e4ndring.","og_url":"https:\/\/www.keyman.se\/sv\/interimschefer-interim-cfo\/","og_site_name":"KeyMan","article_modified_time":"2025-10-13T08:38:40+00:00","twitter_card":"summary_large_image","twitter_misc":{"Ber\u00e4knad l\u00e4stid":"1 minut"},"schema":{"@context":"https:\/\/schema.org","@graph":[{"@type":"WebPage","@id":"https:\/\/www.keyman.se\/sv\/interimschefer-interim-cfo\/","url":"https:\/\/www.keyman.se\/sv\/interimschefer-interim-cfo\/","name":"Interim CFO \u2013 finansiell styrning och kontroll i f\u00f6r\u00e4ndring - KeyMan","isPartOf":{"@id":"https:\/\/www.keyman.se\/sv\/#website"},"datePublished":"2025-10-12T20:38:53+00:00","dateModified":"2025-10-13T08:38:40+00:00","description":"En interim CFO skapar stabilitet och kontroll i ekonomifunktionen. Vi matchar er med erfarna ledare som driver finansiell styrning och f\u00f6r\u00e4ndring.","breadcrumb":{"@id":"https:\/\/www.keyman.se\/sv\/interimschefer-interim-cfo\/#breadcrumb"},"inLanguage":"sv-SE","potentialAction":[{"@type":"ReadAction","target":["https:\/\/www.keyman.se\/sv\/interimschefer-interim-cfo\/"]}]},{"@type":"BreadcrumbList","@id":"https:\/\/www.keyman.se\/sv\/interimschefer-interim-cfo\/#breadcrumb","itemListElement":[{"@type":"ListItem","position":1,"name":"Home","item":"https:\/\/www.keyman.se\/sv\/"},{"@type":"ListItem","position":2,"name":"Interim CFO \u2013 finansiell styrning och kontroll i f\u00f6r\u00e4ndring"}]},{"@type":"WebSite","@id":"https:\/\/www.keyman.se\/sv\/#website","url":"https:\/\/www.keyman.se\/sv\/","name":"KeyMan","description":"Sannolikt Sveriges b\u00e4sta konsultm\u00e4klare","publisher":{"@id":"https:\/\/www.keyman.se\/sv\/#organization"},"potentialAction":[{"@type":"SearchAction","target":{"@type":"EntryPoint","urlTemplate":"https:\/\/www.keyman.se\/sv\/?s={search_term_string}"},"query-input":{"@type":"PropertyValueSpecification","valueRequired":true,"valueName":"search_term_string"}}],"inLanguage":"sv-SE"},{"@type":"Organization","@id":"https:\/\/www.keyman.se\/sv\/#organization","name":"KeyMan","url":"https:\/\/www.keyman.se\/sv\/","logo":{"@type":"ImageObject","inLanguage":"sv-SE","@id":"https:\/\/www.keyman.se\/sv\/#\/schema\/logo\/image\/","url":"https:\/\/www.keyman.se\/sv\/wp-content\/uploads\/2022\/12\/KeyMan-by-Werkey-dark-logo.svg","contentUrl":"https:\/\/www.keyman.se\/sv\/wp-content\/uploads\/2022\/12\/KeyMan-by-Werkey-dark-logo.svg","width":201,"height":52,"caption":"KeyMan"},"image":{"@id":"https:\/\/www.keyman.se\/sv\/#\/schema\/logo\/image\/"}}]}},"_links":{"self":[{"href":"https:\/\/www.keyman.se\/sv\/wp-json\/wp\/v2\/pages\/29443","targetHints":{"allow":["GET"]}}],"collection":[{"href":"https:\/\/www.keyman.se\/sv\/wp-json\/wp\/v2\/pages"}],"about":[{"href":"https:\/\/www.keyman.se\/sv\/wp-json\/wp\/v2\/types\/page"}],"author":[{"embeddable":true,"href":"https:\/\/www.keyman.se\/sv\/wp-json\/wp\/v2\/users\/10"}],"replies":[{"embeddable":true,"href":"https:\/\/www.keyman.se\/sv\/wp-json\/wp\/v2\/comments?post=29443"}],"version-history":[{"count":0,"href":"https:\/\/www.keyman.se\/sv\/wp-json\/wp\/v2\/pages\/29443\/revisions"}],"wp:attachment":[{"href":"https:\/\/www.keyman.se\/sv\/wp-json\/wp\/v2\/media?parent=29443"}],"curies":[{"name":"wp","href":"https:\/\/api.w.org\/{rel}","templated":true}]}}