{"id":29479,"date":"2025-10-12T22:48:05","date_gmt":"2025-10-12T20:48:05","guid":{"rendered":"https:\/\/keyman-lansering.bizprew.se\/?page_id=29479"},"modified":"2025-10-13T10:26:16","modified_gmt":"2025-10-13T08:26:16","slug":"interimschefer-interim-inkopschef","status":"publish","type":"page","link":"https:\/\/www.keyman.se\/sv\/interimschefer-interim-inkopschef\/","title":{"rendered":"Interim Ink\u00f6pschef \u2013 effektiv ink\u00f6psexpertis som maximerar v\u00e4rdet"},"content":{"rendered":"\t\t<div data-elementor-type=\"wp-page\" data-elementor-id=\"29479\" class=\"elementor elementor-29479\" data-elementor-post-type=\"page\">\n\t\t\t\t<div class=\"elementor-element elementor-element-20695fb8 e-flex e-con-boxed e-con e-parent\" data-id=\"20695fb8\" data-element_type=\"container\" data-e-type=\"container\" data-settings=\"{&quot;background_background&quot;:&quot;classic&quot;}\">\n\t\t\t\t\t<div class=\"e-con-inner\">\n\t\t<div class=\"elementor-element elementor-element-3a890afe e-con-full e-flex e-con e-child\" data-id=\"3a890afe\" data-element_type=\"container\" data-e-type=\"container\">\n\t\t\t\t<\/div>\n\t\t\t\t\t<\/div>\n\t\t\t\t<\/div>\n\t\t<div class=\"elementor-element elementor-element-6818b1e6 e-flex e-con-boxed e-con e-parent\" data-id=\"6818b1e6\" data-element_type=\"container\" data-e-type=\"container\" data-settings=\"{&quot;background_background&quot;:&quot;classic&quot;}\">\n\t\t\t\t\t<div class=\"e-con-inner\">\n\t\t<div class=\"elementor-element elementor-element-ac82d3a e-con-full e-flex e-con e-child\" data-id=\"ac82d3a\" data-element_type=\"container\" data-e-type=\"container\">\n\t\t<div class=\"elementor-element elementor-element-67b1f1b1 e-con-full e-flex e-con e-child\" data-id=\"67b1f1b1\" data-element_type=\"container\" data-e-type=\"container\">\n\t\t\t\t<div class=\"elementor-element elementor-element-281799e8 elementor-widget elementor-widget-heading\" data-id=\"281799e8\" data-element_type=\"widget\" data-e-type=\"widget\" data-widget_type=\"heading.default\">\n\t\t\t\t\t<h1 class=\"elementor-heading-title elementor-size-default\">Interim ink\u00f6pschef<\/h1>\t\t\t\t<\/div>\n\t\t\t\t<div class=\"elementor-element elementor-element-3f9f016c elementor-widget elementor-widget-text-editor\" data-id=\"3f9f016c\" data-element_type=\"widget\" data-e-type=\"widget\" data-widget_type=\"text-editor.default\">\n\t\t\t\t\t\t\t\t\t<p>En interim Ink\u00f6pschef kliver in med kort varsel f\u00f6r att leda och optimera ink\u00f6psfunktionen under en \u00f6verg\u00e5ngsperiod. Rollen \u00e4r avg\u00f6rande vid f\u00f6r\u00e4ndringar som organisationsf\u00f6rflyttningar, kostnadsbesparingsprogram eller tillv\u00e4xtfaser d\u00e4r ink\u00f6psstrategin beh\u00f6ver st\u00e4rkas. Till skillnad fr\u00e5n en traditionell konsult analyserar en interim Ink\u00f6pschef inte bara processerna \u2013 utan implementerar konkreta f\u00f6rb\u00e4ttringar, f\u00f6rhandlar fram b\u00e4ttre villkor och s\u00e4kerst\u00e4ller att ink\u00f6p bidrar direkt till f\u00f6retagets l\u00f6nsamhet och m\u00e5l.<\/p>\t\t\t\t\t\t\t\t<\/div>\n\t\t\t\t<div class=\"elementor-element elementor-element-39fd2f43 elementor-mobile-align-justify elementor-widget-mobile__width-inherit elementor-align-center elementor-widget elementor-widget-button\" data-id=\"39fd2f43\" data-element_type=\"widget\" data-e-type=\"widget\" data-widget_type=\"button.default\">\n\t\t\t\t\t\t\t\t\t\t<a class=\"elementor-button elementor-button-link elementor-size-sm\" href=\"#formen\">\n\t\t\t\t\t\t<span class=\"elementor-button-content-wrapper\">\n\t\t\t\t\t\t\t\t\t<span class=\"elementor-button-text\">Skicka din f\u00f6rfr\u00e5gan<\/span>\n\t\t\t\t\t<\/span>\n\t\t\t\t\t<\/a>\n\t\t\t\t\t\t\t\t<\/div>\n\t\t\t\t<\/div>\n\t\t\t\t<\/div>\n\t\t<div class=\"elementor-element elementor-element-1ba5820a e-con-full e-flex e-con e-child\" data-id=\"1ba5820a\" data-element_type=\"container\" data-e-type=\"container\">\n\t\t\t\t<div class=\"elementor-element elementor-element-4eed3af3 elementor-widget-divider--view-line elementor-widget elementor-widget-divider\" data-id=\"4eed3af3\" data-element_type=\"widget\" data-e-type=\"widget\" data-widget_type=\"divider.default\">\n\t\t\t\t\t\t\t<div class=\"elementor-divider\">\n\t\t\t<span class=\"elementor-divider-separator\">\n\t\t\t\t\t\t<\/span>\n\t\t<\/div>\n\t\t\t\t\t\t<\/div>\n\t\t\t\t<\/div>\n\t\t<div class=\"elementor-element elementor-element-6284f5ee e-con-full e-flex e-con e-child\" data-id=\"6284f5ee\" data-element_type=\"container\" data-e-type=\"container\">\n\t\t<div class=\"elementor-element elementor-element-5a4408f4 e-con-full e-flex e-con e-child\" data-id=\"5a4408f4\" data-element_type=\"container\" data-e-type=\"container\" data-settings=\"{&quot;background_background&quot;:&quot;classic&quot;}\">\n\t\t<div class=\"elementor-element elementor-element-fb8fa88 e-con-full e-flex e-con e-child\" data-id=\"fb8fa88\" data-element_type=\"container\" data-e-type=\"container\" data-settings=\"{&quot;background_background&quot;:&quot;classic&quot;}\">\n\t\t\t\t<\/div>\n\t\t<div class=\"elementor-element elementor-element-1a452a1 e-con-full e-flex e-con e-child\" data-id=\"1a452a1\" data-element_type=\"container\" data-e-type=\"container\">\n\t\t\t\t<div class=\"elementor-element elementor-element-4983c1b0 elementor-widget elementor-widget-heading\" data-id=\"4983c1b0\" data-element_type=\"widget\" data-e-type=\"widget\" data-widget_type=\"heading.default\">\n\t\t\t\t\t<h2 class=\"elementor-heading-title elementor-size-default\">Interim Ink\u00f6pschef \u2013 Strategiskt ink\u00f6psledarskap f\u00f6r effektiv kostnadshantering<\/h2>\t\t\t\t<\/div>\n\t\t\t\t<div class=\"elementor-element elementor-element-10e59268 elementor-widget elementor-widget-text-editor\" data-id=\"10e59268\" data-element_type=\"widget\" data-e-type=\"widget\" data-widget_type=\"text-editor.default\">\n\t\t\t\t\t\t\t\t\t<p>En Ink\u00f6pschef har det \u00f6vergripande ansvaret f\u00f6r alla direkta och indirekta ink\u00f6p av varor och tj\u00e4nster inom en organisation. En v\u00e4lfungerande ink\u00f6psfunktion \u00e4r avg\u00f6rande f\u00f6r att s\u00e4kerst\u00e4lla h\u00f6gsta kvalitet till l\u00e4gsta m\u00f6jliga kostnad. F\u00f6r att lyckas kr\u00e4vs ett strategiskt perspektiv som minimerar risker och of\u00f6rutsedda utgifter \u2013 n\u00e5got som blev s\u00e4rskilt tydligt under globala kriser som Covid-19.<br \/><br \/>N\u00e4r verksamheten genomg\u00e5r f\u00f6r\u00e4ndringar, befinner sig i ett anstr\u00e4ngt finansiellt l\u00e4ge, genomg\u00e5r en integration eller hanterar stora projekt, kan en Interim Manager vara en effektiv och trygg l\u00f6sning. En interim Ink\u00f6pschef kan \u00e4ven st\u00f6tta befintlig ledning och team i specifika projekt eller f\u00f6r\u00e4ndringsprocesser.<\/p>\t\t\t\t\t\t\t\t<\/div>\n\t\t\t\t<\/div>\n\t\t\t\t<\/div>\n\t\t\t\t<\/div>\n\t\t\t\t\t<\/div>\n\t\t\t\t<\/div>\n\t\t<div class=\"elementor-element elementor-element-542b5841 e-flex e-con-boxed e-con e-parent\" data-id=\"542b5841\" data-element_type=\"container\" data-e-type=\"container\" data-settings=\"{&quot;background_background&quot;:&quot;classic&quot;}\">\n\t\t\t\t\t<div class=\"e-con-inner\">\n\t\t<div class=\"elementor-element elementor-element-15de0bf6 e-con-full e-flex e-con e-child\" data-id=\"15de0bf6\" data-element_type=\"container\" data-e-type=\"container\">\n\t\t\t\t<div class=\"elementor-element elementor-element-2db81066 elementor-widget elementor-widget-heading\" data-id=\"2db81066\" data-element_type=\"widget\" data-e-type=\"widget\" data-widget_type=\"heading.default\">\n\t\t\t\t\t<h2 class=\"elementor-heading-title elementor-size-default\">F\u00f6rdelar med att anlita en interim Ink\u00f6pschef<\/h2>\t\t\t\t<\/div>\n\t\t\t\t<div class=\"elementor-element elementor-element-1e65c3b2 elementor-widget elementor-widget-icon-box\" data-id=\"1e65c3b2\" data-element_type=\"widget\" data-e-type=\"widget\" data-widget_type=\"icon-box.default\">\n\t\t\t\t\t\t\t<div class=\"elementor-icon-box-wrapper\">\n\n\t\t\t\n\t\t\t\t\t\t<div class=\"elementor-icon-box-content\">\n\n\t\t\t\t\t\t\t\t\t<h3 class=\"elementor-icon-box-title\">\n\t\t\t\t\t\t<span  >\n\t\t\t\t\t\t\tSnabb anpassning och erfarenhet\t\t\t\t\t\t<\/span>\n\t\t\t\t\t<\/h3>\n\t\t\t\t\n\t\t\t\t\t\t\t\t\t<p class=\"elementor-icon-box-description\">\n\t\t\t\t\t\t \u2013 En interim Ink\u00f6pschef har omfattande erfarenhet fr\u00e5n liknande situationer och kan snabbt analysera och hantera aktuella utmaningar.\n\t\t\t\t\t<\/p>\n\t\t\t\t\n\t\t\t<\/div>\n\t\t\t\n\t\t<\/div>\n\t\t\t\t\t\t<\/div>\n\t\t\t\t<div class=\"elementor-element elementor-element-4db1f9b8 elementor-widget elementor-widget-icon-box\" data-id=\"4db1f9b8\" data-element_type=\"widget\" data-e-type=\"widget\" data-widget_type=\"icon-box.default\">\n\t\t\t\t\t\t\t<div class=\"elementor-icon-box-wrapper\">\n\n\t\t\t\n\t\t\t\t\t\t<div class=\"elementor-icon-box-content\">\n\n\t\t\t\t\t\t\t\t\t<h3 class=\"elementor-icon-box-title\">\n\t\t\t\t\t\t<span  >\n\t\t\t\t\t\t\tOberoende f\u00f6r\u00e4ndringsledning\t\t\t\t\t\t<\/span>\n\t\t\t\t\t<\/h3>\n\t\t\t\t\n\t\t\t\t\t\t\t\t\t<p class=\"elementor-icon-box-description\">\n\t\t\t\t\t\t\u2013 Interimaren driver f\u00f6r\u00e4ndringsarbete utan att p\u00e5verkas av internpolitik.\n\t\t\t\t\t<\/p>\n\t\t\t\t\n\t\t\t<\/div>\n\t\t\t\n\t\t<\/div>\n\t\t\t\t\t\t<\/div>\n\t\t\t\t<div class=\"elementor-element elementor-element-5a4ad9e8 elementor-widget elementor-widget-icon-box\" data-id=\"5a4ad9e8\" data-element_type=\"widget\" data-e-type=\"widget\" data-widget_type=\"icon-box.default\">\n\t\t\t\t\t\t\t<div class=\"elementor-icon-box-wrapper\">\n\n\t\t\t\n\t\t\t\t\t\t<div class=\"elementor-icon-box-content\">\n\n\t\t\t\t\t\t\t\t\t<h3 class=\"elementor-icon-box-title\">\n\t\t\t\t\t\t<span  >\n\t\t\t\t\t\t\tKontinuitet vid vakans\t\t\t\t\t\t<\/span>\n\t\t\t\t\t<\/h3>\n\t\t\t\t\n\t\t\t\t\t\t\t\t\t<p class=\"elementor-icon-box-description\">\n\t\t\t\t\t\t\u2013 S\u00e4kerst\u00e4ller att ink\u00f6psfunktionen forts\u00e4tter att leverera kvalitet och stabilitet under \u00f6verg\u00e5ngsperioder.\n\t\t\t\t\t<\/p>\n\t\t\t\t\n\t\t\t<\/div>\n\t\t\t\n\t\t<\/div>\n\t\t\t\t\t\t<\/div>\n\t\t\t\t<div class=\"elementor-element elementor-element-35321329 elementor-widget elementor-widget-icon-box\" data-id=\"35321329\" data-element_type=\"widget\" data-e-type=\"widget\" data-widget_type=\"icon-box.default\">\n\t\t\t\t\t\t\t<div class=\"elementor-icon-box-wrapper\">\n\n\t\t\t\n\t\t\t\t\t\t<div class=\"elementor-icon-box-content\">\n\n\t\t\t\t\t\t\t\t\t<h3 class=\"elementor-icon-box-title\">\n\t\t\t\t\t\t<span  >\n\t\t\t\t\t\t\tStrategisk analys och f\u00f6r\u00e4ndring\t\t\t\t\t\t<\/span>\n\t\t\t\t\t<\/h3>\n\t\t\t\t\n\t\t\t\t\t\t\t\t\t<p class=\"elementor-icon-box-description\">\n\t\t\t\t\t\t\u2013 Snabb identifiering av f\u00f6rb\u00e4ttringsomr\u00e5den och implementering av effektiva ink\u00f6psstrategier.\n\t\t\t\t\t<\/p>\n\t\t\t\t\n\t\t\t<\/div>\n\t\t\t\n\t\t<\/div>\n\t\t\t\t\t\t<\/div>\n\t\t\t\t<div class=\"elementor-element elementor-element-422578a2 elementor-widget elementor-widget-icon-box\" data-id=\"422578a2\" data-element_type=\"widget\" data-e-type=\"widget\" data-widget_type=\"icon-box.default\">\n\t\t\t\t\t\t\t<div class=\"elementor-icon-box-wrapper\">\n\n\t\t\t\n\t\t\t\t\t\t<div class=\"elementor-icon-box-content\">\n\n\t\t\t\t\t\t\t\t\t<h3 class=\"elementor-icon-box-title\">\n\t\t\t\t\t\t<span  >\n\t\t\t\t\t\t\tProcessutveckling och struktur\t\t\t\t\t\t<\/span>\n\t\t\t\t\t<\/h3>\n\t\t\t\t\n\t\t\t\t\t\t\t\t\t<p class=\"elementor-icon-box-description\">\n\t\t\t\t\t\t\u2013 Skapar och implementerar h\u00e5llbara processer och strukturer f\u00f6r en effektiv ink\u00f6psfunktion.\n\t\t\t\t\t<\/p>\n\t\t\t\t\n\t\t\t<\/div>\n\t\t\t\n\t\t<\/div>\n\t\t\t\t\t\t<\/div>\n\t\t\t\t<div class=\"elementor-element elementor-element-4769843d elementor-widget elementor-widget-icon-box\" data-id=\"4769843d\" data-element_type=\"widget\" data-e-type=\"widget\" data-widget_type=\"icon-box.default\">\n\t\t\t\t\t\t\t<div class=\"elementor-icon-box-wrapper\">\n\n\t\t\t\n\t\t\t\t\t\t<div class=\"elementor-icon-box-content\">\n\n\t\t\t\t\t\t\t\t\t<h3 class=\"elementor-icon-box-title\">\n\t\t\t\t\t\t<span  >\n\t\t\t\t\t\t\tBygga upp en ink\u00f6psfunktion\t\t\t\t\t\t<\/span>\n\t\t\t\t\t<\/h3>\n\t\t\t\t\n\t\t\t\t\t\t\t\t\t<p class=\"elementor-icon-box-description\">\n\t\t\t\t\t\t\u2013 Kan etablera och utveckla en strategiskt driven ink\u00f6psavdelning d\u00e4r det saknas.\t\t\t\t\t<\/p>\n\t\t\t\t\n\t\t\t<\/div>\n\t\t\t\n\t\t<\/div>\n\t\t\t\t\t\t<\/div>\n\t\t\t\t<div class=\"elementor-element elementor-element-4002770b elementor-widget elementor-widget-text-editor\" data-id=\"4002770b\" data-element_type=\"widget\" data-e-type=\"widget\" data-widget_type=\"text-editor.default\">\n\t\t\t\t\t\t\t\t\tAtt anlita en interim Ink\u00f6pschef inneb\u00e4r en flexibel och resultatinriktad l\u00f6sning f\u00f6r att st\u00e4rka organisationens ink\u00f6psstrategi och s\u00e4kerst\u00e4lla l\u00e5ngsiktig kostnadseffektivitet.\t\t\t\t\t\t\t\t<\/div>\n\t\t\t\t<div class=\"elementor-element elementor-element-48effc9 elementor-mobile-align-justify elementor-widget-mobile__width-inherit elementor-align-left elementor-widget elementor-widget-button\" data-id=\"48effc9\" data-element_type=\"widget\" data-e-type=\"widget\" data-widget_type=\"button.default\">\n\t\t\t\t\t\t\t\t\t\t<a class=\"elementor-button elementor-button-link elementor-size-sm\" href=\"#formen\">\n\t\t\t\t\t\t<span class=\"elementor-button-content-wrapper\">\n\t\t\t\t\t\t\t\t\t<span class=\"elementor-button-text\">Skicka din f\u00f6rfr\u00e5gan<\/span>\n\t\t\t\t\t<\/span>\n\t\t\t\t\t<\/a>\n\t\t\t\t\t\t\t\t<\/div>\n\t\t\t\t<\/div>\n\t\t<div class=\"elementor-element elementor-element-442ce47c e-con-full e-flex e-con e-child\" data-id=\"442ce47c\" data-element_type=\"container\" data-e-type=\"container\" data-settings=\"{&quot;background_background&quot;:&quot;classic&quot;}\">\n\t\t\t\t<\/div>\n\t\t\t\t\t<\/div>\n\t\t\t\t<\/div>\n\t\t<div class=\"elementor-element elementor-element-7322e002 e-flex e-con-boxed e-con e-parent\" data-id=\"7322e002\" data-element_type=\"container\" data-e-type=\"container\" id=\"formen\">\n\t\t\t\t\t<div class=\"e-con-inner\">\n\t\t<div class=\"elementor-element elementor-element-753d04a5 e-con-full e-flex e-con e-child\" data-id=\"753d04a5\" data-element_type=\"container\" data-e-type=\"container\">\n\t\t<div class=\"elementor-element elementor-element-71deba02 e-con-full e-flex e-con e-child\" data-id=\"71deba02\" data-element_type=\"container\" data-e-type=\"container\">\n\t\t\t\t<div class=\"elementor-element elementor-element-7589a944 elementor-widget elementor-widget-heading\" data-id=\"7589a944\" data-element_type=\"widget\" data-e-type=\"widget\" data-widget_type=\"heading.default\">\n\t\t\t\t\t<h2 class=\"elementor-heading-title elementor-size-default\">Skicka ett meddelande<\/h2>\t\t\t\t<\/div>\n\t\t\t\t<div class=\"elementor-element elementor-element-909c87f elementor-widget elementor-widget-text-editor\" data-id=\"909c87f\" data-element_type=\"widget\" data-e-type=\"widget\" data-widget_type=\"text-editor.default\">\n\t\t\t\t\t\t\t\t\t<p>KeyMan hj\u00e4lper f\u00f6retag att matcha r\u00e4tt interimschef med r\u00e4tt uppdrag via ett n\u00e4tverk med \u00f6ver 100.000 specialister. Fr\u00e5n kravprofil till leverans och uppf\u00f6ljning.<\/p>\t\t\t\t\t\t\t\t<\/div>\n\t\t\t\t<div class=\"elementor-element elementor-element-40d2b8f3 elementor-hidden-mobile elementor-hidden-mobile_extra elementor-view-default elementor-widget elementor-widget-icon\" data-id=\"40d2b8f3\" data-element_type=\"widget\" data-e-type=\"widget\" data-widget_type=\"icon.default\">\n\t\t\t\t\t\t\t<div class=\"elementor-icon-wrapper\">\n\t\t\t<div class=\"elementor-icon\">\n\t\t\t<svg xmlns=\"http:\/\/www.w3.org\/2000\/svg\" width=\"27\" height=\"23\" viewBox=\"0 0 27 23\" fill=\"none\"><g clip-path=\"url(#clip0_35_1287)\"><path d=\"M23.0918 11.7168L1.23465 11.7168\" stroke=\"#049D5C\" stroke-width=\"3\" stroke-miterlimit=\"10\" stroke-linecap=\"round\"><\/path><path d=\"M14.5206 1.73584L23.9492 11.6461L14.7986 21.2641\" stroke=\"#049D5C\" stroke-width=\"3\" stroke-miterlimit=\"10\" stroke-linecap=\"round\"><\/path><\/g><defs><clipPath id=\"clip0_35_1287\"><rect width=\"23\" height=\"27\" fill=\"white\" transform=\"translate(27) rotate(90)\"><\/rect><\/clipPath><\/defs><\/svg>\t\t\t<\/div>\n\t\t<\/div>\n\t\t\t\t\t\t<\/div>\n\t\t\t\t<\/div>\n\t\t<div class=\"elementor-element elementor-element-a0f642c e-con-full e-flex e-con e-child\" data-id=\"a0f642c\" data-element_type=\"container\" data-e-type=\"container\" data-settings=\"{&quot;background_background&quot;:&quot;classic&quot;}\">\n\t\t\t\t<div class=\"elementor-element elementor-element-4293b8c elementor-widget elementor-widget-html\" data-id=\"4293b8c\" data-element_type=\"widget\" data-e-type=\"widget\" data-widget_type=\"html.default\">\n\t\t\t\t\t<iframe src=\"https:\/\/pages.upsales.com\/1001520u971da901895947d1b595ed352ad3351e-frame\" \t\twidth=\"360\" \t\theight=\"1000\" \t\tstyle=\"border:0\"><\/iframe>\t\t\t\t<\/div>\n\t\t\t\t<\/div>\n\t\t\t\t<\/div>\n\t\t\t\t\t<\/div>\n\t\t\t\t<\/div>\n\t\t\t\t<\/div>\n\t\t","protected":false},"excerpt":{"rendered":"<p>Interim ink\u00f6pschef En interim Ink\u00f6pschef kliver in med kort varsel f\u00f6r att leda och optimera ink\u00f6psfunktionen under en \u00f6verg\u00e5ngsperiod. Rollen \u00e4r avg\u00f6rande vid f\u00f6r\u00e4ndringar som organisationsf\u00f6rflyttningar, kostnadsbesparingsprogram eller tillv\u00e4xtfaser d\u00e4r ink\u00f6psstrategin beh\u00f6ver st\u00e4rkas. Till skillnad fr\u00e5n en traditionell konsult analyserar en interim Ink\u00f6pschef inte bara processerna \u2013 utan implementerar konkreta f\u00f6rb\u00e4ttringar, f\u00f6rhandlar fram b\u00e4ttre villkor [&hellip;]<\/p>\n","protected":false},"author":10,"featured_media":0,"parent":0,"menu_order":0,"comment_status":"closed","ping_status":"closed","template":"","meta":{"_acf_changed":false,"footnotes":""},"class_list":["post-29479","page","type-page","status-publish","hentry"],"acf":[],"yoast_head":"<!-- This site is optimized with the Yoast SEO plugin v27.5 - https:\/\/yoast.com\/product\/yoast-seo-wordpress\/ -->\n<title>Interim Ink\u00f6pschef \u2013 effektiv ink\u00f6psexpertis som maximerar v\u00e4rdet - KeyMan<\/title>\n<meta name=\"description\" content=\"En interim ink\u00f6pschef skapar struktur, kontroll och v\u00e4rde i ink\u00f6psprocessen. Vi matchar er med erfarna ledare som driver effektivt ink\u00f6p.\" \/>\n<meta name=\"robots\" content=\"index, follow, max-snippet:-1, max-image-preview:large, max-video-preview:-1\" \/>\n<link rel=\"canonical\" href=\"https:\/\/www.keyman.se\/sv\/interimschefer-interim-inkopschef\/\" \/>\n<meta property=\"og:locale\" content=\"sv_SE\" \/>\n<meta property=\"og:type\" content=\"article\" \/>\n<meta property=\"og:title\" content=\"Interim Ink\u00f6pschef \u2013 effektiv ink\u00f6psexpertis som maximerar v\u00e4rdet - KeyMan\" \/>\n<meta property=\"og:description\" content=\"En interim ink\u00f6pschef skapar struktur, kontroll och v\u00e4rde i ink\u00f6psprocessen. Vi matchar er med erfarna ledare som driver effektivt ink\u00f6p.\" \/>\n<meta property=\"og:url\" content=\"https:\/\/www.keyman.se\/sv\/interimschefer-interim-inkopschef\/\" \/>\n<meta property=\"og:site_name\" content=\"KeyMan\" \/>\n<meta property=\"article:modified_time\" content=\"2025-10-13T08:26:16+00:00\" \/>\n<meta name=\"twitter:card\" content=\"summary_large_image\" \/>\n<meta name=\"twitter:label1\" content=\"Ber\u00e4knad l\u00e4stid\" \/>\n\t<meta name=\"twitter:data1\" content=\"2 minuter\" \/>\n<script type=\"application\/ld+json\" class=\"yoast-schema-graph\">{\"@context\":\"https:\\\/\\\/schema.org\",\"@graph\":[{\"@type\":\"WebPage\",\"@id\":\"https:\\\/\\\/www.keyman.se\\\/sv\\\/interimschefer-interim-inkopschef\\\/\",\"url\":\"https:\\\/\\\/www.keyman.se\\\/sv\\\/interimschefer-interim-inkopschef\\\/\",\"name\":\"Interim Ink\u00f6pschef \u2013 effektiv ink\u00f6psexpertis som maximerar v\u00e4rdet - KeyMan\",\"isPartOf\":{\"@id\":\"https:\\\/\\\/www.keyman.se\\\/sv\\\/#website\"},\"datePublished\":\"2025-10-12T20:48:05+00:00\",\"dateModified\":\"2025-10-13T08:26:16+00:00\",\"description\":\"En interim ink\u00f6pschef skapar struktur, kontroll och v\u00e4rde i ink\u00f6psprocessen. Vi matchar er med erfarna ledare som driver effektivt ink\u00f6p.\",\"breadcrumb\":{\"@id\":\"https:\\\/\\\/www.keyman.se\\\/sv\\\/interimschefer-interim-inkopschef\\\/#breadcrumb\"},\"inLanguage\":\"sv-SE\",\"potentialAction\":[{\"@type\":\"ReadAction\",\"target\":[\"https:\\\/\\\/www.keyman.se\\\/sv\\\/interimschefer-interim-inkopschef\\\/\"]}]},{\"@type\":\"BreadcrumbList\",\"@id\":\"https:\\\/\\\/www.keyman.se\\\/sv\\\/interimschefer-interim-inkopschef\\\/#breadcrumb\",\"itemListElement\":[{\"@type\":\"ListItem\",\"position\":1,\"name\":\"Home\",\"item\":\"https:\\\/\\\/www.keyman.se\\\/sv\\\/\"},{\"@type\":\"ListItem\",\"position\":2,\"name\":\"Interim Ink\u00f6pschef \u2013 effektiv ink\u00f6psexpertis som maximerar v\u00e4rdet\"}]},{\"@type\":\"WebSite\",\"@id\":\"https:\\\/\\\/www.keyman.se\\\/sv\\\/#website\",\"url\":\"https:\\\/\\\/www.keyman.se\\\/sv\\\/\",\"name\":\"KeyMan\",\"description\":\"Sannolikt Sveriges b\u00e4sta konsultm\u00e4klare\",\"publisher\":{\"@id\":\"https:\\\/\\\/www.keyman.se\\\/sv\\\/#organization\"},\"potentialAction\":[{\"@type\":\"SearchAction\",\"target\":{\"@type\":\"EntryPoint\",\"urlTemplate\":\"https:\\\/\\\/www.keyman.se\\\/sv\\\/?s={search_term_string}\"},\"query-input\":{\"@type\":\"PropertyValueSpecification\",\"valueRequired\":true,\"valueName\":\"search_term_string\"}}],\"inLanguage\":\"sv-SE\"},{\"@type\":\"Organization\",\"@id\":\"https:\\\/\\\/www.keyman.se\\\/sv\\\/#organization\",\"name\":\"KeyMan\",\"url\":\"https:\\\/\\\/www.keyman.se\\\/sv\\\/\",\"logo\":{\"@type\":\"ImageObject\",\"inLanguage\":\"sv-SE\",\"@id\":\"https:\\\/\\\/www.keyman.se\\\/sv\\\/#\\\/schema\\\/logo\\\/image\\\/\",\"url\":\"https:\\\/\\\/www.keyman.se\\\/sv\\\/wp-content\\\/uploads\\\/2022\\\/12\\\/KeyMan-by-Werkey-dark-logo.svg\",\"contentUrl\":\"https:\\\/\\\/www.keyman.se\\\/sv\\\/wp-content\\\/uploads\\\/2022\\\/12\\\/KeyMan-by-Werkey-dark-logo.svg\",\"width\":201,\"height\":52,\"caption\":\"KeyMan\"},\"image\":{\"@id\":\"https:\\\/\\\/www.keyman.se\\\/sv\\\/#\\\/schema\\\/logo\\\/image\\\/\"}}]}<\/script>\n<!-- \/ Yoast SEO plugin. -->","yoast_head_json":{"title":"Interim Ink\u00f6pschef \u2013 effektiv ink\u00f6psexpertis som maximerar v\u00e4rdet - KeyMan","description":"En interim ink\u00f6pschef skapar struktur, kontroll och v\u00e4rde i ink\u00f6psprocessen. Vi matchar er med erfarna ledare som driver effektivt ink\u00f6p.","robots":{"index":"index","follow":"follow","max-snippet":"max-snippet:-1","max-image-preview":"max-image-preview:large","max-video-preview":"max-video-preview:-1"},"canonical":"https:\/\/www.keyman.se\/sv\/interimschefer-interim-inkopschef\/","og_locale":"sv_SE","og_type":"article","og_title":"Interim Ink\u00f6pschef \u2013 effektiv ink\u00f6psexpertis som maximerar v\u00e4rdet - KeyMan","og_description":"En interim ink\u00f6pschef skapar struktur, kontroll och v\u00e4rde i ink\u00f6psprocessen. Vi matchar er med erfarna ledare som driver effektivt ink\u00f6p.","og_url":"https:\/\/www.keyman.se\/sv\/interimschefer-interim-inkopschef\/","og_site_name":"KeyMan","article_modified_time":"2025-10-13T08:26:16+00:00","twitter_card":"summary_large_image","twitter_misc":{"Ber\u00e4knad l\u00e4stid":"2 minuter"},"schema":{"@context":"https:\/\/schema.org","@graph":[{"@type":"WebPage","@id":"https:\/\/www.keyman.se\/sv\/interimschefer-interim-inkopschef\/","url":"https:\/\/www.keyman.se\/sv\/interimschefer-interim-inkopschef\/","name":"Interim Ink\u00f6pschef \u2013 effektiv ink\u00f6psexpertis som maximerar v\u00e4rdet - KeyMan","isPartOf":{"@id":"https:\/\/www.keyman.se\/sv\/#website"},"datePublished":"2025-10-12T20:48:05+00:00","dateModified":"2025-10-13T08:26:16+00:00","description":"En interim ink\u00f6pschef skapar struktur, kontroll och v\u00e4rde i ink\u00f6psprocessen. Vi matchar er med erfarna ledare som driver effektivt ink\u00f6p.","breadcrumb":{"@id":"https:\/\/www.keyman.se\/sv\/interimschefer-interim-inkopschef\/#breadcrumb"},"inLanguage":"sv-SE","potentialAction":[{"@type":"ReadAction","target":["https:\/\/www.keyman.se\/sv\/interimschefer-interim-inkopschef\/"]}]},{"@type":"BreadcrumbList","@id":"https:\/\/www.keyman.se\/sv\/interimschefer-interim-inkopschef\/#breadcrumb","itemListElement":[{"@type":"ListItem","position":1,"name":"Home","item":"https:\/\/www.keyman.se\/sv\/"},{"@type":"ListItem","position":2,"name":"Interim Ink\u00f6pschef \u2013 effektiv ink\u00f6psexpertis som maximerar v\u00e4rdet"}]},{"@type":"WebSite","@id":"https:\/\/www.keyman.se\/sv\/#website","url":"https:\/\/www.keyman.se\/sv\/","name":"KeyMan","description":"Sannolikt Sveriges b\u00e4sta konsultm\u00e4klare","publisher":{"@id":"https:\/\/www.keyman.se\/sv\/#organization"},"potentialAction":[{"@type":"SearchAction","target":{"@type":"EntryPoint","urlTemplate":"https:\/\/www.keyman.se\/sv\/?s={search_term_string}"},"query-input":{"@type":"PropertyValueSpecification","valueRequired":true,"valueName":"search_term_string"}}],"inLanguage":"sv-SE"},{"@type":"Organization","@id":"https:\/\/www.keyman.se\/sv\/#organization","name":"KeyMan","url":"https:\/\/www.keyman.se\/sv\/","logo":{"@type":"ImageObject","inLanguage":"sv-SE","@id":"https:\/\/www.keyman.se\/sv\/#\/schema\/logo\/image\/","url":"https:\/\/www.keyman.se\/sv\/wp-content\/uploads\/2022\/12\/KeyMan-by-Werkey-dark-logo.svg","contentUrl":"https:\/\/www.keyman.se\/sv\/wp-content\/uploads\/2022\/12\/KeyMan-by-Werkey-dark-logo.svg","width":201,"height":52,"caption":"KeyMan"},"image":{"@id":"https:\/\/www.keyman.se\/sv\/#\/schema\/logo\/image\/"}}]}},"_links":{"self":[{"href":"https:\/\/www.keyman.se\/sv\/wp-json\/wp\/v2\/pages\/29479","targetHints":{"allow":["GET"]}}],"collection":[{"href":"https:\/\/www.keyman.se\/sv\/wp-json\/wp\/v2\/pages"}],"about":[{"href":"https:\/\/www.keyman.se\/sv\/wp-json\/wp\/v2\/types\/page"}],"author":[{"embeddable":true,"href":"https:\/\/www.keyman.se\/sv\/wp-json\/wp\/v2\/users\/10"}],"replies":[{"embeddable":true,"href":"https:\/\/www.keyman.se\/sv\/wp-json\/wp\/v2\/comments?post=29479"}],"version-history":[{"count":0,"href":"https:\/\/www.keyman.se\/sv\/wp-json\/wp\/v2\/pages\/29479\/revisions"}],"wp:attachment":[{"href":"https:\/\/www.keyman.se\/sv\/wp-json\/wp\/v2\/media?parent=29479"}],"curies":[{"name":"wp","href":"https:\/\/api.w.org\/{rel}","templated":true}]}}