{"id":29511,"date":"2025-10-12T22:58:58","date_gmt":"2025-10-12T20:58:58","guid":{"rendered":"https:\/\/keyman-lansering.bizprew.se\/?page_id=29511"},"modified":"2025-10-13T10:52:51","modified_gmt":"2025-10-13T08:52:51","slug":"interimschefer-interim-supply-chain-manager","status":"publish","type":"page","link":"https:\/\/www.keyman.se\/sv\/interimschefer-interim-supply-chain-manager\/","title":{"rendered":"Interim Supply Chain Manager \u2013 effektiv logistik och styrning"},"content":{"rendered":"\t\t<div data-elementor-type=\"wp-page\" data-elementor-id=\"29511\" class=\"elementor elementor-29511\" data-elementor-post-type=\"page\">\n\t\t\t\t<div class=\"elementor-element elementor-element-6ccd61fa e-flex e-con-boxed e-con e-parent\" data-id=\"6ccd61fa\" data-element_type=\"container\" data-e-type=\"container\" data-settings=\"{&quot;background_background&quot;:&quot;classic&quot;}\">\n\t\t\t\t\t<div class=\"e-con-inner\">\n\t\t<div class=\"elementor-element elementor-element-3a06c969 e-con-full e-flex e-con e-child\" data-id=\"3a06c969\" data-element_type=\"container\" data-e-type=\"container\">\n\t\t\t\t<\/div>\n\t\t\t\t\t<\/div>\n\t\t\t\t<\/div>\n\t\t<div class=\"elementor-element elementor-element-1a3f5b5a e-flex e-con-boxed e-con e-parent\" data-id=\"1a3f5b5a\" data-element_type=\"container\" data-e-type=\"container\" data-settings=\"{&quot;background_background&quot;:&quot;classic&quot;}\">\n\t\t\t\t\t<div class=\"e-con-inner\">\n\t\t<div class=\"elementor-element elementor-element-51d0fd9b e-con-full e-flex e-con e-child\" data-id=\"51d0fd9b\" data-element_type=\"container\" data-e-type=\"container\">\n\t\t<div class=\"elementor-element elementor-element-38ca6ba6 e-con-full e-flex e-con e-child\" data-id=\"38ca6ba6\" data-element_type=\"container\" data-e-type=\"container\">\n\t\t\t\t<div class=\"elementor-element elementor-element-1c11741c elementor-widget elementor-widget-heading\" data-id=\"1c11741c\" data-element_type=\"widget\" data-e-type=\"widget\" data-widget_type=\"heading.default\">\n\t\t\t\t\t<h1 class=\"elementor-heading-title elementor-size-default\">Interim Supply Chain Manager<\/h1>\t\t\t\t<\/div>\n\t\t\t\t<div class=\"elementor-element elementor-element-1c9f8bbd elementor-widget elementor-widget-text-editor\" data-id=\"1c9f8bbd\" data-element_type=\"widget\" data-e-type=\"widget\" data-widget_type=\"text-editor.default\">\n\t\t\t\t\t\t\t\t\tSupply Chain Management \u00e4r en aff\u00e4rskritisk funktion f\u00f6r produktf\u00f6retag och spelar en avg\u00f6rande roll i att s\u00e4kerst\u00e4lla effektiva fl\u00f6den och leveranskedjor. En interim Supply Chain Manager kan vara en nyckelresurs vid f\u00f6r\u00e4ndringar, internationalisering, vid behov av att skapa struktur i en komplex logistikmilj\u00f6 eller f\u00f6r att fylla en vakans. Med bred erfarenhet och starkt ledarskap kan en interimare snabbt bidra till f\u00f6rb\u00e4ttringar och effektiv implementering av nya processer.\n\t\t\t\t\t\t\t\t<\/div>\n\t\t\t\t<div class=\"elementor-element elementor-element-31196597 elementor-mobile-align-justify elementor-widget-mobile__width-inherit elementor-align-center elementor-widget elementor-widget-button\" data-id=\"31196597\" data-element_type=\"widget\" data-e-type=\"widget\" data-widget_type=\"button.default\">\n\t\t\t\t\t\t\t\t\t\t<a class=\"elementor-button elementor-button-link elementor-size-sm\" href=\"#formen\">\n\t\t\t\t\t\t<span class=\"elementor-button-content-wrapper\">\n\t\t\t\t\t\t\t\t\t<span class=\"elementor-button-text\">Skicka din f\u00f6rfr\u00e5gan<\/span>\n\t\t\t\t\t<\/span>\n\t\t\t\t\t<\/a>\n\t\t\t\t\t\t\t\t<\/div>\n\t\t\t\t<\/div>\n\t\t\t\t<\/div>\n\t\t<div class=\"elementor-element elementor-element-13e57a4c e-con-full e-flex e-con e-child\" data-id=\"13e57a4c\" data-element_type=\"container\" data-e-type=\"container\">\n\t\t\t\t<div class=\"elementor-element elementor-element-f8b154f elementor-widget-divider--view-line elementor-widget elementor-widget-divider\" data-id=\"f8b154f\" data-element_type=\"widget\" data-e-type=\"widget\" data-widget_type=\"divider.default\">\n\t\t\t\t\t\t\t<div class=\"elementor-divider\">\n\t\t\t<span class=\"elementor-divider-separator\">\n\t\t\t\t\t\t<\/span>\n\t\t<\/div>\n\t\t\t\t\t\t<\/div>\n\t\t\t\t<\/div>\n\t\t<div class=\"elementor-element elementor-element-7eac5ac9 e-con-full e-flex e-con e-child\" data-id=\"7eac5ac9\" data-element_type=\"container\" data-e-type=\"container\">\n\t\t<div class=\"elementor-element elementor-element-47e6d262 e-con-full e-flex e-con e-child\" data-id=\"47e6d262\" data-element_type=\"container\" data-e-type=\"container\" data-settings=\"{&quot;background_background&quot;:&quot;classic&quot;}\">\n\t\t<div class=\"elementor-element elementor-element-79c5eeb3 e-con-full e-flex e-con e-child\" data-id=\"79c5eeb3\" data-element_type=\"container\" data-e-type=\"container\" data-settings=\"{&quot;background_background&quot;:&quot;classic&quot;}\">\n\t\t\t\t<\/div>\n\t\t<div class=\"elementor-element elementor-element-4ac0efcf e-con-full e-flex e-con e-child\" data-id=\"4ac0efcf\" data-element_type=\"container\" data-e-type=\"container\">\n\t\t\t\t<div class=\"elementor-element elementor-element-3e30e91 elementor-widget elementor-widget-heading\" data-id=\"3e30e91\" data-element_type=\"widget\" data-e-type=\"widget\" data-widget_type=\"heading.default\">\n\t\t\t\t\t<h2 class=\"elementor-heading-title elementor-size-default\">Erfarenhet och expertis f\u00f6r omedelbara resultat <\/h2>\t\t\t\t<\/div>\n\t\t\t\t<div class=\"elementor-element elementor-element-1eab25da elementor-widget elementor-widget-text-editor\" data-id=\"1eab25da\" data-element_type=\"widget\" data-e-type=\"widget\" data-widget_type=\"text-editor.default\">\n\t\t\t\t\t\t\t\t\tV\u00e5ra interima Supply Chain Managers har minst 15 \u00e5rs erfarenhet av framg\u00e5ngsrikt f\u00f6r\u00e4ndringsarbete inom olika branscher och bolag, ofta i en internationell kontext. De besitter djup kompetens inom hela leveranskedjan \u2013 fr\u00e5n varufl\u00f6den hos tillverkare och grossister, genom produktionens alla steg, till ink\u00f6p och logistikhantering. V\u00e5ra interimare \u00e4r erfarna ledare som kan hantera akuta situationer och s\u00e4kerst\u00e4lla resultat fr\u00e5n dag ett.\t\t\t\t\t\t\t\t<\/div>\n\t\t\t\t<div class=\"elementor-element elementor-element-867f0ab elementor-widget elementor-widget-heading\" data-id=\"867f0ab\" data-element_type=\"widget\" data-e-type=\"widget\" data-widget_type=\"heading.default\">\n\t\t\t\t\t<h2 class=\"elementor-heading-title elementor-size-default\">Redo att ta n\u00e4sta steg?\n<\/h2>\t\t\t\t<\/div>\n\t\t\t\t<div class=\"elementor-element elementor-element-4ad976bc elementor-mobile-align-justify elementor-widget-mobile__width-inherit elementor-align-left elementor-widget elementor-widget-button\" data-id=\"4ad976bc\" data-element_type=\"widget\" data-e-type=\"widget\" data-widget_type=\"button.default\">\n\t\t\t\t\t\t\t\t\t\t<a class=\"elementor-button elementor-button-link elementor-size-sm\" href=\"#formen\">\n\t\t\t\t\t\t<span class=\"elementor-button-content-wrapper\">\n\t\t\t\t\t\t\t\t\t<span class=\"elementor-button-text\">Skicka din f\u00f6rfr\u00e5gan<\/span>\n\t\t\t\t\t<\/span>\n\t\t\t\t\t<\/a>\n\t\t\t\t\t\t\t\t<\/div>\n\t\t\t\t<\/div>\n\t\t\t\t<\/div>\n\t\t\t\t<\/div>\n\t\t\t\t\t<\/div>\n\t\t\t\t<\/div>\n\t\t<div class=\"elementor-element elementor-element-74ce02fc e-flex e-con-boxed e-con e-parent\" data-id=\"74ce02fc\" data-element_type=\"container\" data-e-type=\"container\" data-settings=\"{&quot;background_background&quot;:&quot;classic&quot;}\">\n\t\t\t\t\t<div class=\"e-con-inner\">\n\t\t<div class=\"elementor-element elementor-element-1a028195 e-con-full e-flex e-con e-child\" data-id=\"1a028195\" data-element_type=\"container\" data-e-type=\"container\">\n\t\t\t\t<div class=\"elementor-element elementor-element-510c28e9 elementor-widget elementor-widget-heading\" data-id=\"510c28e9\" data-element_type=\"widget\" data-e-type=\"widget\" data-widget_type=\"heading.default\">\n\t\t\t\t\t<h2 class=\"elementor-heading-title elementor-size-default\">Varf\u00f6r anlita en interim Supply Chain Manager?<\/h2>\t\t\t\t<\/div>\n\t\t\t\t<div class=\"elementor-element elementor-element-43fb402d elementor-widget elementor-widget-icon-box\" data-id=\"43fb402d\" data-element_type=\"widget\" data-e-type=\"widget\" data-widget_type=\"icon-box.default\">\n\t\t\t\t\t\t\t<div class=\"elementor-icon-box-wrapper\">\n\n\t\t\t\n\t\t\t\t\t\t<div class=\"elementor-icon-box-content\">\n\n\t\t\t\t\t\t\t\t\t<h3 class=\"elementor-icon-box-title\">\n\t\t\t\t\t\t<span  >\n\t\t\t\t\t\t\tFlexibilitet och snabb effekt\t\t\t\t\t\t<\/span>\n\t\t\t\t\t<\/h3>\n\t\t\t\t\n\t\t\t\t\t\t\t\t\t<p class=\"elementor-icon-box-description\">\n\t\t\t\t\t\t\u2013 En interim Supply Chain Manager kan snabbt komma in i verksamheten och leverera konkreta resultat.\n\t\t\t\t\t<\/p>\n\t\t\t\t\n\t\t\t<\/div>\n\t\t\t\n\t\t<\/div>\n\t\t\t\t\t\t<\/div>\n\t\t\t\t<div class=\"elementor-element elementor-element-6fe40eac elementor-widget elementor-widget-icon-box\" data-id=\"6fe40eac\" data-element_type=\"widget\" data-e-type=\"widget\" data-widget_type=\"icon-box.default\">\n\t\t\t\t\t\t\t<div class=\"elementor-icon-box-wrapper\">\n\n\t\t\t\n\t\t\t\t\t\t<div class=\"elementor-icon-box-content\">\n\n\t\t\t\t\t\t\t\t\t<h3 class=\"elementor-icon-box-title\">\n\t\t\t\t\t\t<span  >\n\t\t\t\t\t\t\tEffektiv f\u00f6r\u00e4ndringsledning\t\t\t\t\t\t<\/span>\n\t\t\t\t\t<\/h3>\n\t\t\t\t\n\t\t\t\t\t\t\t\t\t<p class=\"elementor-icon-box-description\">\n\t\t\t\t\t\t\u2013 Vid integrationer, omstruktureringar eller andra f\u00f6r\u00e4ndringar d\u00e4r ink\u00f6p, logistik och varufl\u00f6den beh\u00f6ver optimeras.\n\t\t\t\t\t<\/p>\n\t\t\t\t\n\t\t\t<\/div>\n\t\t\t\n\t\t<\/div>\n\t\t\t\t\t\t<\/div>\n\t\t\t\t<div class=\"elementor-element elementor-element-1da8a5d elementor-widget elementor-widget-icon-box\" data-id=\"1da8a5d\" data-element_type=\"widget\" data-e-type=\"widget\" data-widget_type=\"icon-box.default\">\n\t\t\t\t\t\t\t<div class=\"elementor-icon-box-wrapper\">\n\n\t\t\t\n\t\t\t\t\t\t<div class=\"elementor-icon-box-content\">\n\n\t\t\t\t\t\t\t\t\t<h3 class=\"elementor-icon-box-title\">\n\t\t\t\t\t\t<span  >\n\t\t\t\t\t\t\tSt\u00f6d till befintligt team\t\t\t\t\t\t<\/span>\n\t\t\t\t\t<\/h3>\n\t\t\t\t\n\t\t\t\t\t\t\t\t\t<p class=\"elementor-icon-box-description\">\n\t\t\t\t\t\t\u2013 Interimaren kan fungera som en extra resurs vid specifika projekt eller aff\u00e4rskritiska initiativ.\t\t\t\t\t<\/p>\n\t\t\t\t\n\t\t\t<\/div>\n\t\t\t\n\t\t<\/div>\n\t\t\t\t\t\t<\/div>\n\t\t\t\t<div class=\"elementor-element elementor-element-6a0f9a5e elementor-widget elementor-widget-icon-box\" data-id=\"6a0f9a5e\" data-element_type=\"widget\" data-e-type=\"widget\" data-widget_type=\"icon-box.default\">\n\t\t\t\t\t\t\t<div class=\"elementor-icon-box-wrapper\">\n\n\t\t\t\n\t\t\t\t\t\t<div class=\"elementor-icon-box-content\">\n\n\t\t\t\t\t\t\t\t\t<h3 class=\"elementor-icon-box-title\">\n\t\t\t\t\t\t<span  >\n\t\t\t\t\t\t\tKontinuitet vid vakans\t\t\t\t\t\t<\/span>\n\t\t\t\t\t<\/h3>\n\t\t\t\t\n\t\t\t\t\t\t\t\t\t<p class=\"elementor-icon-box-description\">\n\t\t\t\t\t\t\u2013 S\u00e4kerst\u00e4ller att verksamheten forts\u00e4tter att fungera smidigt under tiden en permanent rollinnehavare rekryteras.\t\t\t\t\t<\/p>\n\t\t\t\t\n\t\t\t<\/div>\n\t\t\t\n\t\t<\/div>\n\t\t\t\t\t\t<\/div>\n\t\t\t\t<div class=\"elementor-element elementor-element-144c2f41 elementor-widget elementor-widget-text-editor\" data-id=\"144c2f41\" data-element_type=\"widget\" data-e-type=\"widget\" data-widget_type=\"text-editor.default\">\n\t\t\t\t\t\t\t\t\tAtt engagera en interim Supply Chain Manager \u00e4r ett kostnadseffektivt och strategiskt val f\u00f6r att s\u00e4kerst\u00e4lla stabilitet, effektivisering och l\u00e5ngsiktig konkurrenskraft inom supply chain-funktionen.\t\t\t\t\t\t\t\t<\/div>\n\t\t\t\t<\/div>\n\t\t<div class=\"elementor-element elementor-element-63abf147 e-con-full e-flex e-con e-child\" data-id=\"63abf147\" data-element_type=\"container\" data-e-type=\"container\" data-settings=\"{&quot;background_background&quot;:&quot;classic&quot;}\">\n\t\t\t\t<\/div>\n\t\t\t\t\t<\/div>\n\t\t\t\t<\/div>\n\t\t<div class=\"elementor-element elementor-element-2a23efae e-flex e-con-boxed e-con e-parent\" data-id=\"2a23efae\" data-element_type=\"container\" data-e-type=\"container\" id=\"formen\">\n\t\t\t\t\t<div class=\"e-con-inner\">\n\t\t<div class=\"elementor-element elementor-element-4e57e639 e-con-full e-flex e-con e-child\" data-id=\"4e57e639\" data-element_type=\"container\" data-e-type=\"container\">\n\t\t<div class=\"elementor-element elementor-element-2586e77a e-con-full e-flex e-con e-child\" data-id=\"2586e77a\" data-element_type=\"container\" data-e-type=\"container\">\n\t\t\t\t<div class=\"elementor-element elementor-element-6689c075 elementor-widget elementor-widget-heading\" data-id=\"6689c075\" data-element_type=\"widget\" data-e-type=\"widget\" data-widget_type=\"heading.default\">\n\t\t\t\t\t<h2 class=\"elementor-heading-title elementor-size-default\">Skicka ett meddelande<\/h2>\t\t\t\t<\/div>\n\t\t\t\t<div class=\"elementor-element elementor-element-7f48ad51 elementor-widget elementor-widget-text-editor\" data-id=\"7f48ad51\" data-element_type=\"widget\" data-e-type=\"widget\" data-widget_type=\"text-editor.default\">\n\t\t\t\t\t\t\t\t\t<p>KeyMan hj\u00e4lper f\u00f6retag att matcha r\u00e4tt interimschef med r\u00e4tt uppdrag via ett n\u00e4tverk med \u00f6ver 100.000 specialister. Fr\u00e5n kravprofil till leverans och uppf\u00f6ljning.<\/p>\t\t\t\t\t\t\t\t<\/div>\n\t\t\t\t<div class=\"elementor-element elementor-element-10a6902e elementor-hidden-mobile elementor-hidden-mobile_extra elementor-view-default elementor-widget elementor-widget-icon\" data-id=\"10a6902e\" data-element_type=\"widget\" data-e-type=\"widget\" data-widget_type=\"icon.default\">\n\t\t\t\t\t\t\t<div class=\"elementor-icon-wrapper\">\n\t\t\t<div class=\"elementor-icon\">\n\t\t\t<svg xmlns=\"http:\/\/www.w3.org\/2000\/svg\" width=\"27\" height=\"23\" viewBox=\"0 0 27 23\" fill=\"none\"><g clip-path=\"url(#clip0_35_1287)\"><path d=\"M23.0918 11.7168L1.23465 11.7168\" stroke=\"#049D5C\" stroke-width=\"3\" stroke-miterlimit=\"10\" stroke-linecap=\"round\"><\/path><path d=\"M14.5206 1.73584L23.9492 11.6461L14.7986 21.2641\" stroke=\"#049D5C\" stroke-width=\"3\" stroke-miterlimit=\"10\" stroke-linecap=\"round\"><\/path><\/g><defs><clipPath id=\"clip0_35_1287\"><rect width=\"23\" height=\"27\" fill=\"white\" transform=\"translate(27) rotate(90)\"><\/rect><\/clipPath><\/defs><\/svg>\t\t\t<\/div>\n\t\t<\/div>\n\t\t\t\t\t\t<\/div>\n\t\t\t\t<\/div>\n\t\t<div class=\"elementor-element elementor-element-7e91f6b1 e-con-full e-flex e-con e-child\" data-id=\"7e91f6b1\" data-element_type=\"container\" data-e-type=\"container\" data-settings=\"{&quot;background_background&quot;:&quot;classic&quot;}\">\n\t\t\t\t<div class=\"elementor-element elementor-element-32d9b36d elementor-widget elementor-widget-html\" data-id=\"32d9b36d\" data-element_type=\"widget\" data-e-type=\"widget\" data-widget_type=\"html.default\">\n\t\t\t\t\t<iframe src=\"https:\/\/pages.upsales.com\/1001520u6d076baf09544423b4edbd845ce9d442-frame\" \t\twidth=\"360\" \t\theight=\"1000\" \t\tstyle=\"border:0\"><\/iframe>\t\t\t\t<\/div>\n\t\t\t\t<\/div>\n\t\t\t\t<\/div>\n\t\t\t\t\t<\/div>\n\t\t\t\t<\/div>\n\t\t\t\t<\/div>\n\t\t","protected":false},"excerpt":{"rendered":"<p>Interim Supply Chain Manager Supply Chain Management \u00e4r en aff\u00e4rskritisk funktion f\u00f6r produktf\u00f6retag och spelar en avg\u00f6rande roll i att s\u00e4kerst\u00e4lla effektiva fl\u00f6den och leveranskedjor. En interim Supply Chain Manager kan vara en nyckelresurs vid f\u00f6r\u00e4ndringar, internationalisering, vid behov av att skapa struktur i en komplex logistikmilj\u00f6 eller f\u00f6r att fylla en vakans. Med bred [&hellip;]<\/p>\n","protected":false},"author":10,"featured_media":0,"parent":0,"menu_order":0,"comment_status":"closed","ping_status":"closed","template":"","meta":{"_acf_changed":false,"footnotes":""},"class_list":["post-29511","page","type-page","status-publish","hentry"],"acf":[],"yoast_head":"<!-- This site is optimized with the Yoast SEO plugin v27.2 - https:\/\/yoast.com\/product\/yoast-seo-wordpress\/ -->\n<title>Interim Supply Chain Manager \u2013 effektiv logistik och styrning - KeyMan<\/title>\n<meta name=\"description\" content=\"En interim Supply Chain Manager optimerar fl\u00f6den och s\u00e4krar leveranser. Vi matchar er med erfarna ledare som skapar struktur och effektivitet i hela kedjan.\" \/>\n<meta name=\"robots\" content=\"index, follow, max-snippet:-1, max-image-preview:large, max-video-preview:-1\" \/>\n<link rel=\"canonical\" href=\"https:\/\/www.keyman.se\/sv\/interimschefer-interim-supply-chain-manager\/\" \/>\n<meta property=\"og:locale\" content=\"sv_SE\" \/>\n<meta property=\"og:type\" content=\"article\" \/>\n<meta property=\"og:title\" content=\"Interim Supply Chain Manager \u2013 effektiv logistik och styrning - KeyMan\" \/>\n<meta property=\"og:description\" content=\"En interim Supply Chain Manager optimerar fl\u00f6den och s\u00e4krar leveranser. Vi matchar er med erfarna ledare som skapar struktur och effektivitet i hela kedjan.\" \/>\n<meta property=\"og:url\" content=\"https:\/\/www.keyman.se\/sv\/interimschefer-interim-supply-chain-manager\/\" \/>\n<meta property=\"og:site_name\" content=\"KeyMan\" \/>\n<meta property=\"article:modified_time\" content=\"2025-10-13T08:52:51+00:00\" \/>\n<meta name=\"twitter:card\" content=\"summary_large_image\" \/>\n<meta name=\"twitter:label1\" content=\"Ber\u00e4knad l\u00e4stid\" \/>\n\t<meta name=\"twitter:data1\" content=\"2 minuter\" \/>\n<script type=\"application\/ld+json\" class=\"yoast-schema-graph\">{\"@context\":\"https:\/\/schema.org\",\"@graph\":[{\"@type\":\"WebPage\",\"@id\":\"https:\/\/www.keyman.se\/sv\/interimschefer-interim-supply-chain-manager\/\",\"url\":\"https:\/\/www.keyman.se\/sv\/interimschefer-interim-supply-chain-manager\/\",\"name\":\"Interim Supply Chain Manager \u2013 effektiv logistik och styrning - KeyMan\",\"isPartOf\":{\"@id\":\"https:\/\/www.keyman.se\/sv\/#website\"},\"datePublished\":\"2025-10-12T20:58:58+00:00\",\"dateModified\":\"2025-10-13T08:52:51+00:00\",\"description\":\"En interim Supply Chain Manager optimerar fl\u00f6den och s\u00e4krar leveranser. Vi matchar er med erfarna ledare som skapar struktur och effektivitet i hela kedjan.\",\"breadcrumb\":{\"@id\":\"https:\/\/www.keyman.se\/sv\/interimschefer-interim-supply-chain-manager\/#breadcrumb\"},\"inLanguage\":\"sv-SE\",\"potentialAction\":[{\"@type\":\"ReadAction\",\"target\":[\"https:\/\/www.keyman.se\/sv\/interimschefer-interim-supply-chain-manager\/\"]}]},{\"@type\":\"BreadcrumbList\",\"@id\":\"https:\/\/www.keyman.se\/sv\/interimschefer-interim-supply-chain-manager\/#breadcrumb\",\"itemListElement\":[{\"@type\":\"ListItem\",\"position\":1,\"name\":\"Home\",\"item\":\"https:\/\/www.keyman.se\/sv\/\"},{\"@type\":\"ListItem\",\"position\":2,\"name\":\"Interim Supply Chain Manager \u2013 effektiv logistik och styrning\"}]},{\"@type\":\"WebSite\",\"@id\":\"https:\/\/www.keyman.se\/sv\/#website\",\"url\":\"https:\/\/www.keyman.se\/sv\/\",\"name\":\"KeyMan\",\"description\":\"Sannolikt Sveriges b\u00e4sta konsultm\u00e4klare\",\"publisher\":{\"@id\":\"https:\/\/www.keyman.se\/sv\/#organization\"},\"potentialAction\":[{\"@type\":\"SearchAction\",\"target\":{\"@type\":\"EntryPoint\",\"urlTemplate\":\"https:\/\/www.keyman.se\/sv\/?s={search_term_string}\"},\"query-input\":{\"@type\":\"PropertyValueSpecification\",\"valueRequired\":true,\"valueName\":\"search_term_string\"}}],\"inLanguage\":\"sv-SE\"},{\"@type\":\"Organization\",\"@id\":\"https:\/\/www.keyman.se\/sv\/#organization\",\"name\":\"KeyMan\",\"url\":\"https:\/\/www.keyman.se\/sv\/\",\"logo\":{\"@type\":\"ImageObject\",\"inLanguage\":\"sv-SE\",\"@id\":\"https:\/\/www.keyman.se\/sv\/#\/schema\/logo\/image\/\",\"url\":\"https:\/\/www.keyman.se\/sv\/wp-content\/uploads\/2022\/12\/KeyMan-by-Werkey-dark-logo.svg\",\"contentUrl\":\"https:\/\/www.keyman.se\/sv\/wp-content\/uploads\/2022\/12\/KeyMan-by-Werkey-dark-logo.svg\",\"width\":201,\"height\":52,\"caption\":\"KeyMan\"},\"image\":{\"@id\":\"https:\/\/www.keyman.se\/sv\/#\/schema\/logo\/image\/\"}}]}<\/script>\n<!-- \/ Yoast SEO plugin. -->","yoast_head_json":{"title":"Interim Supply Chain Manager \u2013 effektiv logistik och styrning - KeyMan","description":"En interim Supply Chain Manager optimerar fl\u00f6den och s\u00e4krar leveranser. Vi matchar er med erfarna ledare som skapar struktur och effektivitet i hela kedjan.","robots":{"index":"index","follow":"follow","max-snippet":"max-snippet:-1","max-image-preview":"max-image-preview:large","max-video-preview":"max-video-preview:-1"},"canonical":"https:\/\/www.keyman.se\/sv\/interimschefer-interim-supply-chain-manager\/","og_locale":"sv_SE","og_type":"article","og_title":"Interim Supply Chain Manager \u2013 effektiv logistik och styrning - KeyMan","og_description":"En interim Supply Chain Manager optimerar fl\u00f6den och s\u00e4krar leveranser. Vi matchar er med erfarna ledare som skapar struktur och effektivitet i hela kedjan.","og_url":"https:\/\/www.keyman.se\/sv\/interimschefer-interim-supply-chain-manager\/","og_site_name":"KeyMan","article_modified_time":"2025-10-13T08:52:51+00:00","twitter_card":"summary_large_image","twitter_misc":{"Ber\u00e4knad l\u00e4stid":"2 minuter"},"schema":{"@context":"https:\/\/schema.org","@graph":[{"@type":"WebPage","@id":"https:\/\/www.keyman.se\/sv\/interimschefer-interim-supply-chain-manager\/","url":"https:\/\/www.keyman.se\/sv\/interimschefer-interim-supply-chain-manager\/","name":"Interim Supply Chain Manager \u2013 effektiv logistik och styrning - KeyMan","isPartOf":{"@id":"https:\/\/www.keyman.se\/sv\/#website"},"datePublished":"2025-10-12T20:58:58+00:00","dateModified":"2025-10-13T08:52:51+00:00","description":"En interim Supply Chain Manager optimerar fl\u00f6den och s\u00e4krar leveranser. Vi matchar er med erfarna ledare som skapar struktur och effektivitet i hela kedjan.","breadcrumb":{"@id":"https:\/\/www.keyman.se\/sv\/interimschefer-interim-supply-chain-manager\/#breadcrumb"},"inLanguage":"sv-SE","potentialAction":[{"@type":"ReadAction","target":["https:\/\/www.keyman.se\/sv\/interimschefer-interim-supply-chain-manager\/"]}]},{"@type":"BreadcrumbList","@id":"https:\/\/www.keyman.se\/sv\/interimschefer-interim-supply-chain-manager\/#breadcrumb","itemListElement":[{"@type":"ListItem","position":1,"name":"Home","item":"https:\/\/www.keyman.se\/sv\/"},{"@type":"ListItem","position":2,"name":"Interim Supply Chain Manager \u2013 effektiv logistik och styrning"}]},{"@type":"WebSite","@id":"https:\/\/www.keyman.se\/sv\/#website","url":"https:\/\/www.keyman.se\/sv\/","name":"KeyMan","description":"Sannolikt Sveriges b\u00e4sta konsultm\u00e4klare","publisher":{"@id":"https:\/\/www.keyman.se\/sv\/#organization"},"potentialAction":[{"@type":"SearchAction","target":{"@type":"EntryPoint","urlTemplate":"https:\/\/www.keyman.se\/sv\/?s={search_term_string}"},"query-input":{"@type":"PropertyValueSpecification","valueRequired":true,"valueName":"search_term_string"}}],"inLanguage":"sv-SE"},{"@type":"Organization","@id":"https:\/\/www.keyman.se\/sv\/#organization","name":"KeyMan","url":"https:\/\/www.keyman.se\/sv\/","logo":{"@type":"ImageObject","inLanguage":"sv-SE","@id":"https:\/\/www.keyman.se\/sv\/#\/schema\/logo\/image\/","url":"https:\/\/www.keyman.se\/sv\/wp-content\/uploads\/2022\/12\/KeyMan-by-Werkey-dark-logo.svg","contentUrl":"https:\/\/www.keyman.se\/sv\/wp-content\/uploads\/2022\/12\/KeyMan-by-Werkey-dark-logo.svg","width":201,"height":52,"caption":"KeyMan"},"image":{"@id":"https:\/\/www.keyman.se\/sv\/#\/schema\/logo\/image\/"}}]}},"_links":{"self":[{"href":"https:\/\/www.keyman.se\/sv\/wp-json\/wp\/v2\/pages\/29511","targetHints":{"allow":["GET"]}}],"collection":[{"href":"https:\/\/www.keyman.se\/sv\/wp-json\/wp\/v2\/pages"}],"about":[{"href":"https:\/\/www.keyman.se\/sv\/wp-json\/wp\/v2\/types\/page"}],"author":[{"embeddable":true,"href":"https:\/\/www.keyman.se\/sv\/wp-json\/wp\/v2\/users\/10"}],"replies":[{"embeddable":true,"href":"https:\/\/www.keyman.se\/sv\/wp-json\/wp\/v2\/comments?post=29511"}],"version-history":[{"count":0,"href":"https:\/\/www.keyman.se\/sv\/wp-json\/wp\/v2\/pages\/29511\/revisions"}],"wp:attachment":[{"href":"https:\/\/www.keyman.se\/sv\/wp-json\/wp\/v2\/media?parent=29511"}],"curies":[{"name":"wp","href":"https:\/\/api.w.org\/{rel}","templated":true}]}}